{"id":13097,"date":"2026-04-22T09:59:57","date_gmt":"2026-04-22T07:59:57","guid":{"rendered":"https:\/\/anneflorencevandenperre.com\/?page_id=13097"},"modified":"2026-04-24T00:04:37","modified_gmt":"2026-04-23T22:04:37","slug":"eternelle-jouvence","status":"publish","type":"page","link":"https:\/\/anneflorencevandenperre.com\/?page_id=13097","title":{"rendered":"JOUVENCE ETERNELLE"},"content":{"rendered":"\t\t<div data-elementor-type=\"wp-page\" data-elementor-id=\"13097\" class=\"elementor elementor-13097\">\n\t\t\t\t\t\t<section class=\"elementor-section elementor-top-section elementor-element elementor-element-d2390e8 elementor-section-boxed elementor-section-height-default elementor-section-height-default\" data-id=\"d2390e8\" data-element_type=\"section\">\n\t\t\t\t\t\t<div class=\"elementor-container elementor-column-gap-default\">\n\t\t\t\t\t<div class=\"elementor-column elementor-col-100 elementor-top-column elementor-element elementor-element-f7f3526\" data-id=\"f7f3526\" data-element_type=\"column\">\n\t\t\t<div class=\"elementor-widget-wrap elementor-element-populated\">\n\t\t\t\t\t\t<div class=\"elementor-element elementor-element-6aef135 elementor-widget elementor-widget-text-editor\" data-id=\"6aef135\" data-element_type=\"widget\" data-widget_type=\"text-editor.default\">\n\t\t\t\t<div class=\"elementor-widget-container\">\n\t\t\t\t\t\t\t\t\t<h6><span style=\"color: #993300;\"><em>JOUVENCE ETERNELLE\u2026 le programme qui lib\u00e8re le processus de jouvence naturelle du corps<br \/><\/em><\/span><\/h6>\t\t\t\t\t\t\t\t<\/div>\n\t\t\t\t<\/div>\n\t\t\t\t\t<\/div>\n\t\t<\/div>\n\t\t\t\t\t<\/div>\n\t\t<\/section>\n\t\t\t\t<section class=\"elementor-section elementor-top-section elementor-element elementor-element-7f45c44 elementor-section-boxed elementor-section-height-default elementor-section-height-default\" data-id=\"7f45c44\" data-element_type=\"section\">\n\t\t\t\t\t\t<div class=\"elementor-container elementor-column-gap-default\">\n\t\t\t\t\t<div class=\"elementor-column elementor-col-50 elementor-top-column elementor-element elementor-element-9017d09\" data-id=\"9017d09\" data-element_type=\"column\">\n\t\t\t<div class=\"elementor-widget-wrap elementor-element-populated\">\n\t\t\t\t\t\t<div class=\"elementor-element elementor-element-c424f8e elementor-widget elementor-widget-image\" data-id=\"c424f8e\" data-element_type=\"widget\" data-widget_type=\"image.default\">\n\t\t\t\t<div class=\"elementor-widget-container\">\n\t\t\t\t\t\t\t\t\t\t\t\t\t\t\t<img fetchpriority=\"high\" decoding=\"async\" width=\"1024\" height=\"1024\" src=\"https:\/\/anneflorencevandenperre.com\/wp-content\/uploads\/2026\/04\/PROGRAMME-1-1024x1024.jpg\" class=\"attachment-large size-large wp-image-13118\" alt=\"Jouvence Eternelle le programme qui relance la jouvence naturelle de votre corps par Anne-Florence Vanden Perre\" srcset=\"https:\/\/anneflorencevandenperre.com\/wp-content\/uploads\/2026\/04\/PROGRAMME-1-1024x1024.jpg 1024w, https:\/\/anneflorencevandenperre.com\/wp-content\/uploads\/2026\/04\/PROGRAMME-1-300x300.jpg 300w, https:\/\/anneflorencevandenperre.com\/wp-content\/uploads\/2026\/04\/PROGRAMME-1-150x150.jpg 150w, https:\/\/anneflorencevandenperre.com\/wp-content\/uploads\/2026\/04\/PROGRAMME-1-768x768.jpg 768w, https:\/\/anneflorencevandenperre.com\/wp-content\/uploads\/2026\/04\/PROGRAMME-1-600x600.jpg 600w, https:\/\/anneflorencevandenperre.com\/wp-content\/uploads\/2026\/04\/PROGRAMME-1.jpg 1080w\" sizes=\"(max-width: 1024px) 100vw, 1024px\" \/>\t\t\t\t\t\t\t\t\t\t\t\t\t\t\t<\/div>\n\t\t\t\t<\/div>\n\t\t\t\t\t<\/div>\n\t\t<\/div>\n\t\t\t\t<div class=\"elementor-column elementor-col-50 elementor-top-column elementor-element elementor-element-150d8d9\" data-id=\"150d8d9\" data-element_type=\"column\">\n\t\t\t<div class=\"elementor-widget-wrap elementor-element-populated\">\n\t\t\t\t\t\t<div class=\"elementor-element elementor-element-220507a elementor-widget elementor-widget-text-editor\" data-id=\"220507a\" data-element_type=\"widget\" data-widget_type=\"text-editor.default\">\n\t\t\t\t<div class=\"elementor-widget-container\">\n\t\t\t\t\t\t\t\t\t<p>Le corps a la capacit\u00e9 inn\u00e9e , quel que soit l\u2019\u00e2ge, de produire, les prot\u00e9ines qui maintiennent l\u2019\u00e9lasticit\u00e9, la souplesse et l\u2019hydratation de ses cellules assurant la jeunesse de ses tissus.<\/p><p style=\"text-align: center;\"><strong>D\u00e8s le 18 mai<\/strong><br \/><strong><span style=\"color: #993300;\"><a style=\"text-decoration: underline; color: #993300;\" href=\"https:\/\/www.billetweb.fr\/programme-eternelle-jouvence\">NOUS REJOINDRE<\/a><\/span><\/strong><\/p><p style=\"text-align: center;\"><strong><span style=\"text-decoration: underline; color: #993366;\"><a href=\"https:\/\/anneflorencevandenperre.com\/wp-content\/uploads\/2026\/04\/Flyer-Programme-Jouvence-Eternelle.pdf\">T\u00e9l\u00e9charger le programme<\/a><\/span><\/strong><\/p>\t\t\t\t\t\t\t\t<\/div>\n\t\t\t\t<\/div>\n\t\t\t\t\t<\/div>\n\t\t<\/div>\n\t\t\t\t\t<\/div>\n\t\t<\/section>\n\t\t\t\t<section class=\"elementor-section elementor-top-section elementor-element elementor-element-7514076 elementor-section-boxed elementor-section-height-default elementor-section-height-default\" data-id=\"7514076\" data-element_type=\"section\">\n\t\t\t\t\t\t<div class=\"elementor-container elementor-column-gap-default\">\n\t\t\t\t\t<div class=\"elementor-column elementor-col-100 elementor-top-column elementor-element elementor-element-853f676\" data-id=\"853f676\" data-element_type=\"column\">\n\t\t\t<div class=\"elementor-widget-wrap elementor-element-populated\">\n\t\t\t\t\t\t<div class=\"elementor-element elementor-element-04c095e elementor-widget elementor-widget-text-editor\" data-id=\"04c095e\" data-element_type=\"widget\" data-widget_type=\"text-editor.default\">\n\t\t\t\t<div class=\"elementor-widget-container\">\n\t\t\t\t\t\t\t\t\t<p>Le corps a sa propre conscience. Il sait ce qui lui convient et vous le\u00a0 communique mais, vous n\u2019avez pas \u00e9t\u00e9 \u00e9duqu\u00e9 \u00e0 l\u2019\u00e9couter. A l\u2019oppos\u00e9, le mental invalide le corps en permanence et c\u2019est lui que l\u2019on vous a appris \u00e0 \u00e9couter&#8230;<br \/>Le fait d\u2019avoir donn\u00e9 priorit\u00e9 au mental depuis la nuit des temps, a cr\u00e9\u00e9 des modes de vie et syst\u00e8mes de croyances qui usent les corps et les font vieillir.<br \/>Si vous aviez \u00e9t\u00e9 \u00e9duqu\u00e9 \u00e0 \u00e9couter les murmures de votre corps depuis votre naissance, la jouvence naturelle et \u00e9ternelle serait de votre quotidien.<br \/>L\u2019industrie cosm\u00e9tique et des compl\u00e9ments alimentaires tentent de faire acheter \u00e0 prix forts des produits, la plupart de synth\u00e8se, vous pr\u00e9tendant que la solution vient de l\u2019ext\u00e9rieur. Or ceci n\u2019est pas vrai, tout est en vous et ne demande qu\u2019une seule chose, que vous le r\u00e9activiez.<br \/>La bonne nouvelle donc,\u00a0 est que vous pouvez facilement relancer ce processus de jouvence car il se moque du temps : il est pr\u00eat \u00e0 se remettre en marche si vous lui en donn\u00e9 les moyens et ce, quel que soit votre \u00e2ge<\/p>\t\t\t\t\t\t\t\t<\/div>\n\t\t\t\t<\/div>\n\t\t\t\t\t<\/div>\n\t\t<\/div>\n\t\t\t\t\t<\/div>\n\t\t<\/section>\n\t\t\t\t<section class=\"elementor-section elementor-top-section elementor-element elementor-element-3cdd56d elementor-section-boxed elementor-section-height-default elementor-section-height-default\" data-id=\"3cdd56d\" data-element_type=\"section\">\n\t\t\t\t\t\t<div class=\"elementor-container elementor-column-gap-default\">\n\t\t\t\t\t<div class=\"elementor-column elementor-col-50 elementor-top-column elementor-element elementor-element-19d03de\" data-id=\"19d03de\" data-element_type=\"column\">\n\t\t\t<div class=\"elementor-widget-wrap elementor-element-populated\">\n\t\t\t\t\t\t<div class=\"elementor-element elementor-element-41ca0b4 elementor-widget elementor-widget-text-editor\" data-id=\"41ca0b4\" data-element_type=\"widget\" data-widget_type=\"text-editor.default\">\n\t\t\t\t<div class=\"elementor-widget-container\">\n\t\t\t\t\t\t\t\t\t<p>Au cours de ce programme je vous donnerai des outils pour r\u00e9activer la jouvence naturelle en vous, effacer les croyances li\u00e9es au temps, lib\u00e9rer les jugements que vous avez de votre corps et des projections\u00a0 dont il fait l\u2019objet depuis votre naissance. Nous cr\u00e9erons un espace de communion avec vos corps dans la joie et le plaisir d\u2019\u00eatre en vie sur cette terre.<\/p>\t\t\t\t\t\t\t\t<\/div>\n\t\t\t\t<\/div>\n\t\t\t\t\t<\/div>\n\t\t<\/div>\n\t\t\t\t<div class=\"elementor-column elementor-col-50 elementor-top-column elementor-element elementor-element-195c5c7\" data-id=\"195c5c7\" data-element_type=\"column\">\n\t\t\t<div class=\"elementor-widget-wrap elementor-element-populated\">\n\t\t\t\t\t\t<div class=\"elementor-element elementor-element-26447a7 elementor-widget elementor-widget-image\" data-id=\"26447a7\" data-element_type=\"widget\" data-widget_type=\"image.default\">\n\t\t\t\t<div class=\"elementor-widget-container\">\n\t\t\t\t\t\t\t\t\t\t\t\t\t\t\t<img decoding=\"async\" width=\"1024\" height=\"683\" src=\"https:\/\/anneflorencevandenperre.com\/wp-content\/uploads\/2025\/07\/DSC_6541-copie-1024x683.jpg\" class=\"attachment-large size-large wp-image-10964\" alt=\"\" srcset=\"https:\/\/anneflorencevandenperre.com\/wp-content\/uploads\/2025\/07\/DSC_6541-copie-1024x683.jpg 1024w, https:\/\/anneflorencevandenperre.com\/wp-content\/uploads\/2025\/07\/DSC_6541-copie-300x200.jpg 300w, https:\/\/anneflorencevandenperre.com\/wp-content\/uploads\/2025\/07\/DSC_6541-copie-768x513.jpg 768w, https:\/\/anneflorencevandenperre.com\/wp-content\/uploads\/2025\/07\/DSC_6541-copie-1536x1025.jpg 1536w, https:\/\/anneflorencevandenperre.com\/wp-content\/uploads\/2025\/07\/DSC_6541-copie-2048x1367.jpg 2048w\" sizes=\"(max-width: 1024px) 100vw, 1024px\" \/>\t\t\t\t\t\t\t\t\t\t\t\t\t\t\t<\/div>\n\t\t\t\t<\/div>\n\t\t\t\t\t<\/div>\n\t\t<\/div>\n\t\t\t\t\t<\/div>\n\t\t<\/section>\n\t\t\t\t<section class=\"elementor-section elementor-top-section elementor-element elementor-element-7cac9b8 elementor-section-boxed elementor-section-height-default elementor-section-height-default\" data-id=\"7cac9b8\" data-element_type=\"section\">\n\t\t\t\t\t\t<div class=\"elementor-container elementor-column-gap-default\">\n\t\t\t\t\t<div class=\"elementor-column elementor-col-100 elementor-top-column elementor-element elementor-element-446491d\" data-id=\"446491d\" data-element_type=\"column\">\n\t\t\t<div class=\"elementor-widget-wrap elementor-element-populated\">\n\t\t\t\t\t\t<div class=\"elementor-element elementor-element-49a55ae elementor-widget elementor-widget-text-editor\" data-id=\"49a55ae\" data-element_type=\"widget\" data-widget_type=\"text-editor.default\">\n\t\t\t\t<div class=\"elementor-widget-container\">\n\t\t\t\t\t\t\t\t\t<p>Les personnes neurodiverses\u00a0(hypersensibles, hyperactives et pr\u00e9sentant des troubles du spectre autistique) ont des capacit\u00e9s particuli\u00e8res avec les corps et leurs corps. Ceux-ci ne fonctionnent pas classiquement et la m\u00e9decine est souvent d\u00e9sempar\u00e9e face \u00e0 leurs sympt\u00f4mes. Nous explorerons de nouvelles pistes.<\/p><p style=\"text-align: center;\">6 appels hebdomadaires de 1h30 les lundis \u00e0 20h.<br \/>Top d\u00e9part le 18 mai &#8211; Vous pouvez rejoindre durant tout le programme.<br \/>Fil telegram priv\u00e9 &#8211; Replay audio et vid\u00e9os des appels.<br \/>Homeplay entre les appels + Surprises&#8230;<br \/>Les 10 premiers inscrits recoivent une s\u00e9ance hebdomadaire MUNZ FLOOR\u00ae gratuite durant la dur\u00e9e du programme.\u00a0<\/p><h6 style=\"text-align: center;\">D\u00e8s le 18 mai<\/h6><h6 style=\"text-align: center;\"><span style=\"color: #993300;\"><a style=\"text-decoration: underline; color: #993300;\" href=\"https:\/\/www.billetweb.fr\/programme-eternelle-jouvence\">NOUS REJOINDRE<\/a><\/span><\/h6><p style=\"text-align: center;\"><span style=\"text-decoration: underline; color: #993366;\"><a href=\"https:\/\/anneflorencevandenperre.com\/wp-content\/uploads\/2026\/04\/Flyer-Programme-Jouvence-Eternelle.pdf\">T\u00e9l\u00e9charger le programme<\/a><\/span><\/p>\t\t\t\t\t\t\t\t<\/div>\n\t\t\t\t<\/div>\n\t\t\t\t\t<\/div>\n\t\t<\/div>\n\t\t\t\t\t<\/div>\n\t\t<\/section>\n\t\t\t\t<\/div>\n\t\t","protected":false},"excerpt":{"rendered":"<p>JOUVENCE ETERNELLE\u2026 le programme qui lib\u00e8re le processus de jouvence naturelle du corps Le corps a la capacit\u00e9 inn\u00e9e , quel que soit l\u2019\u00e2ge, de produire, les prot\u00e9ines qui maintiennent l\u2019\u00e9lasticit\u00e9, la souplesse et l\u2019hydratation de ses cellules assurant la jeunesse de ses tissus. D\u00e8s le 18 maiNOUS REJOINDRE T\u00e9l\u00e9charger le programme Le corps a [&hellip;]<\/p>\n","protected":false},"author":1,"featured_media":0,"parent":0,"menu_order":0,"comment_status":"closed","ping_status":"closed","template":"","meta":{"footnotes":""},"class_list":["post-13097","page","type-page","status-publish","hentry","entry"],"yoast_head":"<!-- This site is optimized with the Yoast SEO plugin v26.1.1 - https:\/\/yoast.com\/wordpress\/plugins\/seo\/ -->\n<title>JOUVENCE ETERNELLE -<\/title>\n<meta name=\"robots\" content=\"index, follow, max-snippet:-1, max-image-preview:large, max-video-preview:-1\" \/>\n<link rel=\"canonical\" href=\"https:\/\/anneflorencevandenperre.com\/?page_id=13097\" \/>\n<meta property=\"og:locale\" content=\"fr_FR\" \/>\n<meta property=\"og:type\" content=\"article\" \/>\n<meta property=\"og:title\" content=\"JOUVENCE ETERNELLE -\" \/>\n<meta property=\"og:description\" content=\"JOUVENCE ETERNELLE\u2026 le programme qui lib\u00e8re le processus de jouvence naturelle du corps Le corps a la capacit\u00e9 inn\u00e9e , quel que soit l\u2019\u00e2ge, de produire, les prot\u00e9ines qui maintiennent l\u2019\u00e9lasticit\u00e9, la souplesse et l\u2019hydratation de ses cellules assurant la jeunesse de ses tissus. D\u00e8s le 18 maiNOUS REJOINDRE T\u00e9l\u00e9charger le programme Le corps a [&hellip;]\" \/>\n<meta property=\"og:url\" content=\"https:\/\/anneflorencevandenperre.com\/?page_id=13097\" \/>\n<meta property=\"article:publisher\" content=\"https:\/\/www.facebook.com\/anneflorence.vandenperre\" \/>\n<meta property=\"article:modified_time\" content=\"2026-04-23T22:04:37+00:00\" \/>\n<meta property=\"og:image\" content=\"https:\/\/anneflorencevandenperre.com\/wp-content\/uploads\/2026\/04\/PROGRAMME-1.jpg\" \/>\n\t<meta property=\"og:image:width\" content=\"1080\" \/>\n\t<meta property=\"og:image:height\" content=\"1080\" \/>\n\t<meta property=\"og:image:type\" content=\"image\/jpeg\" \/>\n<meta name=\"twitter:card\" content=\"summary_large_image\" \/>\n<meta name=\"twitter:label1\" content=\"Dur\u00e9e de lecture estim\u00e9e\" \/>\n\t<meta name=\"twitter:data1\" content=\"3 minutes\" \/>\n<script type=\"application\/ld+json\" class=\"yoast-schema-graph\">{\"@context\":\"https:\/\/schema.org\",\"@graph\":[{\"@type\":\"WebPage\",\"@id\":\"https:\/\/anneflorencevandenperre.com\/?page_id=13097\",\"url\":\"https:\/\/anneflorencevandenperre.com\/?page_id=13097\",\"name\":\"JOUVENCE ETERNELLE -\",\"isPartOf\":{\"@id\":\"https:\/\/anneflorencevandenperre.com\/#website\"},\"primaryImageOfPage\":{\"@id\":\"https:\/\/anneflorencevandenperre.com\/?page_id=13097#primaryimage\"},\"image\":{\"@id\":\"https:\/\/anneflorencevandenperre.com\/?page_id=13097#primaryimage\"},\"thumbnailUrl\":\"https:\/\/anneflorencevandenperre.com\/wp-content\/uploads\/2026\/04\/PROGRAMME-1-1024x1024.jpg\",\"datePublished\":\"2026-04-22T07:59:57+00:00\",\"dateModified\":\"2026-04-23T22:04:37+00:00\",\"breadcrumb\":{\"@id\":\"https:\/\/anneflorencevandenperre.com\/?page_id=13097#breadcrumb\"},\"inLanguage\":\"fr-FR\",\"potentialAction\":[{\"@type\":\"ReadAction\",\"target\":[\"https:\/\/anneflorencevandenperre.com\/?page_id=13097\"]}]},{\"@type\":\"ImageObject\",\"inLanguage\":\"fr-FR\",\"@id\":\"https:\/\/anneflorencevandenperre.com\/?page_id=13097#primaryimage\",\"url\":\"https:\/\/anneflorencevandenperre.com\/wp-content\/uploads\/2026\/04\/PROGRAMME-1.jpg\",\"contentUrl\":\"https:\/\/anneflorencevandenperre.com\/wp-content\/uploads\/2026\/04\/PROGRAMME-1.jpg\",\"width\":1080,\"height\":1080,\"caption\":\"Jouvence Eternelle le programme qui relance la jouvence naturelle de votre corps par Anne-Florence Vanden Perre\"},{\"@type\":\"BreadcrumbList\",\"@id\":\"https:\/\/anneflorencevandenperre.com\/?page_id=13097#breadcrumb\",\"itemListElement\":[{\"@type\":\"ListItem\",\"position\":1,\"name\":\"Accueil\",\"item\":\"https:\/\/anneflorencevandenperre.com\/\"},{\"@type\":\"ListItem\",\"position\":2,\"name\":\"JOUVENCE ETERNELLE\"}]},{\"@type\":\"WebSite\",\"@id\":\"https:\/\/anneflorencevandenperre.com\/#website\",\"url\":\"https:\/\/anneflorencevandenperre.com\/\",\"name\":\"\",\"description\":\"Accompagnatrice et Facilitatrice de Vie\",\"potentialAction\":[{\"@type\":\"SearchAction\",\"target\":{\"@type\":\"EntryPoint\",\"urlTemplate\":\"https:\/\/anneflorencevandenperre.com\/?s={search_term_string}\"},\"query-input\":{\"@type\":\"PropertyValueSpecification\",\"valueRequired\":true,\"valueName\":\"search_term_string\"}}],\"inLanguage\":\"fr-FR\"}]}<\/script>\n<!-- \/ Yoast SEO plugin. -->","yoast_head_json":{"title":"JOUVENCE ETERNELLE -","robots":{"index":"index","follow":"follow","max-snippet":"max-snippet:-1","max-image-preview":"max-image-preview:large","max-video-preview":"max-video-preview:-1"},"canonical":"https:\/\/anneflorencevandenperre.com\/?page_id=13097","og_locale":"fr_FR","og_type":"article","og_title":"JOUVENCE ETERNELLE -","og_description":"JOUVENCE ETERNELLE\u2026 le programme qui lib\u00e8re le processus de jouvence naturelle du corps Le corps a la capacit\u00e9 inn\u00e9e , quel que soit l\u2019\u00e2ge, de produire, les prot\u00e9ines qui maintiennent l\u2019\u00e9lasticit\u00e9, la souplesse et l\u2019hydratation de ses cellules assurant la jeunesse de ses tissus. D\u00e8s le 18 maiNOUS REJOINDRE T\u00e9l\u00e9charger le programme Le corps a [&hellip;]","og_url":"https:\/\/anneflorencevandenperre.com\/?page_id=13097","article_publisher":"https:\/\/www.facebook.com\/anneflorence.vandenperre","article_modified_time":"2026-04-23T22:04:37+00:00","og_image":[{"width":1080,"height":1080,"url":"https:\/\/anneflorencevandenperre.com\/wp-content\/uploads\/2026\/04\/PROGRAMME-1.jpg","type":"image\/jpeg"}],"twitter_card":"summary_large_image","twitter_misc":{"Dur\u00e9e de lecture estim\u00e9e":"3 minutes"},"schema":{"@context":"https:\/\/schema.org","@graph":[{"@type":"WebPage","@id":"https:\/\/anneflorencevandenperre.com\/?page_id=13097","url":"https:\/\/anneflorencevandenperre.com\/?page_id=13097","name":"JOUVENCE ETERNELLE -","isPartOf":{"@id":"https:\/\/anneflorencevandenperre.com\/#website"},"primaryImageOfPage":{"@id":"https:\/\/anneflorencevandenperre.com\/?page_id=13097#primaryimage"},"image":{"@id":"https:\/\/anneflorencevandenperre.com\/?page_id=13097#primaryimage"},"thumbnailUrl":"https:\/\/anneflorencevandenperre.com\/wp-content\/uploads\/2026\/04\/PROGRAMME-1-1024x1024.jpg","datePublished":"2026-04-22T07:59:57+00:00","dateModified":"2026-04-23T22:04:37+00:00","breadcrumb":{"@id":"https:\/\/anneflorencevandenperre.com\/?page_id=13097#breadcrumb"},"inLanguage":"fr-FR","potentialAction":[{"@type":"ReadAction","target":["https:\/\/anneflorencevandenperre.com\/?page_id=13097"]}]},{"@type":"ImageObject","inLanguage":"fr-FR","@id":"https:\/\/anneflorencevandenperre.com\/?page_id=13097#primaryimage","url":"https:\/\/anneflorencevandenperre.com\/wp-content\/uploads\/2026\/04\/PROGRAMME-1.jpg","contentUrl":"https:\/\/anneflorencevandenperre.com\/wp-content\/uploads\/2026\/04\/PROGRAMME-1.jpg","width":1080,"height":1080,"caption":"Jouvence Eternelle le programme qui relance la jouvence naturelle de votre corps par Anne-Florence Vanden Perre"},{"@type":"BreadcrumbList","@id":"https:\/\/anneflorencevandenperre.com\/?page_id=13097#breadcrumb","itemListElement":[{"@type":"ListItem","position":1,"name":"Accueil","item":"https:\/\/anneflorencevandenperre.com\/"},{"@type":"ListItem","position":2,"name":"JOUVENCE ETERNELLE"}]},{"@type":"WebSite","@id":"https:\/\/anneflorencevandenperre.com\/#website","url":"https:\/\/anneflorencevandenperre.com\/","name":"","description":"Accompagnatrice et Facilitatrice de Vie","potentialAction":[{"@type":"SearchAction","target":{"@type":"EntryPoint","urlTemplate":"https:\/\/anneflorencevandenperre.com\/?s={search_term_string}"},"query-input":{"@type":"PropertyValueSpecification","valueRequired":true,"valueName":"search_term_string"}}],"inLanguage":"fr-FR"}]}},"_links":{"self":[{"href":"https:\/\/anneflorencevandenperre.com\/index.php?rest_route=\/wp\/v2\/pages\/13097","targetHints":{"allow":["GET"]}}],"collection":[{"href":"https:\/\/anneflorencevandenperre.com\/index.php?rest_route=\/wp\/v2\/pages"}],"about":[{"href":"https:\/\/anneflorencevandenperre.com\/index.php?rest_route=\/wp\/v2\/types\/page"}],"author":[{"embeddable":true,"href":"https:\/\/anneflorencevandenperre.com\/index.php?rest_route=\/wp\/v2\/users\/1"}],"replies":[{"embeddable":true,"href":"https:\/\/anneflorencevandenperre.com\/index.php?rest_route=%2Fwp%2Fv2%2Fcomments&post=13097"}],"version-history":[{"count":37,"href":"https:\/\/anneflorencevandenperre.com\/index.php?rest_route=\/wp\/v2\/pages\/13097\/revisions"}],"predecessor-version":[{"id":13146,"href":"https:\/\/anneflorencevandenperre.com\/index.php?rest_route=\/wp\/v2\/pages\/13097\/revisions\/13146"}],"wp:attachment":[{"href":"https:\/\/anneflorencevandenperre.com\/index.php?rest_route=%2Fwp%2Fv2%2Fmedia&parent=13097"}],"curies":[{"name":"wp","href":"https:\/\/api.w.org\/{rel}","templated":true}]}}