{"id":1319,"date":"2021-07-25T23:30:38","date_gmt":"2021-07-25T21:30:38","guid":{"rendered":"http:\/\/anneflorencevandenperre.com\/?page_id=1319"},"modified":"2025-10-31T13:46:23","modified_gmt":"2025-10-31T12:46:23","slug":"liberation-des-abus","status":"publish","type":"page","link":"https:\/\/anneflorencevandenperre.com\/?page_id=1319","title":{"rendered":"Abuse hold\u00ae"},"content":{"rendered":"\t\t<div data-elementor-type=\"wp-page\" data-elementor-id=\"1319\" class=\"elementor elementor-1319\">\n\t\t\t\t\t\t<section class=\"elementor-section elementor-top-section elementor-element elementor-element-4c5aeeaf elementor-section-boxed elementor-section-height-default elementor-section-height-default\" data-id=\"4c5aeeaf\" data-element_type=\"section\" data-settings=\"{&quot;background_background&quot;:&quot;classic&quot;}\">\n\t\t\t\t\t\t<div class=\"elementor-container elementor-column-gap-default\">\n\t\t\t\t\t<div class=\"elementor-column elementor-col-50 elementor-top-column elementor-element elementor-element-33edec7c\" data-id=\"33edec7c\" data-element_type=\"column\">\n\t\t\t<div class=\"elementor-widget-wrap elementor-element-populated\">\n\t\t\t\t\t\t<div class=\"elementor-element elementor-element-791d5e69 elementor-widget elementor-widget-spacer\" data-id=\"791d5e69\" data-element_type=\"widget\" data-widget_type=\"spacer.default\">\n\t\t\t\t<div class=\"elementor-widget-container\">\n\t\t\t\t\t\t\t<div class=\"elementor-spacer\">\n\t\t\t<div class=\"elementor-spacer-inner\"><\/div>\n\t\t<\/div>\n\t\t\t\t\t\t<\/div>\n\t\t\t\t<\/div>\n\t\t\t\t<div class=\"elementor-element elementor-element-8d11883 elementor-widget-tablet__width-initial elementor-invisible elementor-widget elementor-widget-heading\" data-id=\"8d11883\" data-element_type=\"widget\" data-settings=\"{&quot;_animation&quot;:&quot;fadeIn&quot;,&quot;_animation_delay&quot;:500}\" data-widget_type=\"heading.default\">\n\t\t\t\t<div class=\"elementor-widget-container\">\n\t\t\t\t\t<h1 class=\"elementor-heading-title elementor-size-xxl\">ABUSE HOLD\u00ae\n\u00c9TREINTE DE L'ABUS\n<\/h1>\t\t\t\t<\/div>\n\t\t\t\t<\/div>\n\t\t\t\t<div class=\"elementor-element elementor-element-7f3542b9 elementor-widget elementor-widget-spacer\" data-id=\"7f3542b9\" data-element_type=\"widget\" data-widget_type=\"spacer.default\">\n\t\t\t\t<div class=\"elementor-widget-container\">\n\t\t\t\t\t\t\t<div class=\"elementor-spacer\">\n\t\t\t<div class=\"elementor-spacer-inner\"><\/div>\n\t\t<\/div>\n\t\t\t\t\t\t<\/div>\n\t\t\t\t<\/div>\n\t\t\t\t\t<\/div>\n\t\t<\/div>\n\t\t\t\t<div class=\"elementor-column elementor-col-50 elementor-top-column elementor-element elementor-element-1912754b\" data-id=\"1912754b\" data-element_type=\"column\">\n\t\t\t<div class=\"elementor-widget-wrap\">\n\t\t\t\t\t\t\t<\/div>\n\t\t<\/div>\n\t\t\t\t\t<\/div>\n\t\t<\/section>\n\t\t\t\t<section class=\"elementor-section elementor-top-section elementor-element elementor-element-283eeb3 elementor-section-boxed elementor-section-height-default elementor-section-height-default\" data-id=\"283eeb3\" data-element_type=\"section\" data-settings=\"{&quot;background_background&quot;:&quot;classic&quot;}\">\n\t\t\t\t\t\t\t<div class=\"elementor-background-overlay\"><\/div>\n\t\t\t\t\t\t\t<div class=\"elementor-container elementor-column-gap-no\">\n\t\t\t\t\t<div class=\"elementor-column elementor-col-100 elementor-top-column elementor-element elementor-element-f2fb5ba\" data-id=\"f2fb5ba\" data-element_type=\"column\">\n\t\t\t<div class=\"elementor-widget-wrap elementor-element-populated\">\n\t\t\t\t\t\t<section class=\"elementor-section elementor-inner-section elementor-element elementor-element-3f61d5c elementor-section-boxed elementor-section-height-default elementor-section-height-default\" data-id=\"3f61d5c\" data-element_type=\"section\">\n\t\t\t\t\t\t<div class=\"elementor-container elementor-column-gap-no\">\n\t\t\t\t\t<div class=\"elementor-column elementor-col-100 elementor-inner-column elementor-element elementor-element-84ddc09\" data-id=\"84ddc09\" data-element_type=\"column\">\n\t\t\t<div class=\"elementor-widget-wrap elementor-element-populated\">\n\t\t\t\t\t\t<div class=\"elementor-element elementor-element-27c2b93 elementor-widget elementor-widget-text-editor\" data-id=\"27c2b93\" data-element_type=\"widget\" data-widget_type=\"text-editor.default\">\n\t\t\t\t<div class=\"elementor-widget-container\">\n\t\t\t\t\t\t\t\t\t<p><em>Et si vous pouviez lib\u00e9rer l&rsquo;abus de votre corps?\u00a0<\/em><\/p><p><em>Et si la plus grande forme d&rsquo;abus \u00e9tait le jugement?<\/em><\/p>\t\t\t\t\t\t\t\t<\/div>\n\t\t\t\t<\/div>\n\t\t\t\t\t<\/div>\n\t\t<\/div>\n\t\t\t\t\t<\/div>\n\t\t<\/section>\n\t\t\t\t\t<\/div>\n\t\t<\/div>\n\t\t\t\t\t<\/div>\n\t\t<\/section>\n\t\t\t\t<section class=\"elementor-section elementor-top-section elementor-element elementor-element-20ff5d49 elementor-section-stretched elementor-section-full_width elementor-section-height-default elementor-section-height-default\" data-id=\"20ff5d49\" data-element_type=\"section\" data-settings=\"{&quot;background_background&quot;:&quot;classic&quot;,&quot;stretch_section&quot;:&quot;section-stretched&quot;}\">\n\t\t\t\t\t\t\t<div class=\"elementor-background-overlay\"><\/div>\n\t\t\t\t\t\t\t<div class=\"elementor-container elementor-column-gap-no\">\n\t\t\t\t\t<div class=\"elementor-column elementor-col-100 elementor-top-column elementor-element elementor-element-554bbf6f\" data-id=\"554bbf6f\" data-element_type=\"column\">\n\t\t\t<div class=\"elementor-widget-wrap elementor-element-populated\">\n\t\t\t\t\t\t<section class=\"elementor-section elementor-inner-section elementor-element elementor-element-17cb4d9b elementor-section-content-middle elementor-section-full_width elementor-section-height-default elementor-section-height-default elementor-invisible\" data-id=\"17cb4d9b\" data-element_type=\"section\" data-settings=\"{&quot;animation&quot;:&quot;fadeIn&quot;}\">\n\t\t\t\t\t\t<div class=\"elementor-container elementor-column-gap-wider\">\n\t\t\t\t\t<div class=\"elementor-column elementor-col-50 elementor-inner-column elementor-element elementor-element-1a4d2daa\" data-id=\"1a4d2daa\" data-element_type=\"column\" data-settings=\"{&quot;background_background&quot;:&quot;classic&quot;}\">\n\t\t\t<div class=\"elementor-widget-wrap elementor-element-populated\">\n\t\t\t\t\t\t<div class=\"elementor-element elementor-element-6a9cadcd elementor-widget elementor-widget-spacer\" data-id=\"6a9cadcd\" data-element_type=\"widget\" data-widget_type=\"spacer.default\">\n\t\t\t\t<div class=\"elementor-widget-container\">\n\t\t\t\t\t\t\t<div class=\"elementor-spacer\">\n\t\t\t<div class=\"elementor-spacer-inner\"><\/div>\n\t\t<\/div>\n\t\t\t\t\t\t<\/div>\n\t\t\t\t<\/div>\n\t\t\t\t\t<\/div>\n\t\t<\/div>\n\t\t\t\t<div class=\"elementor-column elementor-col-50 elementor-inner-column elementor-element elementor-element-60285386\" data-id=\"60285386\" data-element_type=\"column\">\n\t\t\t<div class=\"elementor-widget-wrap elementor-element-populated\">\n\t\t\t\t\t\t<div class=\"elementor-element elementor-element-1460b8fb elementor-widget elementor-widget-text-editor\" data-id=\"1460b8fb\" data-element_type=\"widget\" data-widget_type=\"text-editor.default\">\n\t\t\t\t<div class=\"elementor-widget-container\">\n\t\t\t\t\t\t\t\t\t<p style=\"text-align: left;\"><em>Je suis praticienne Abuse Hold\u00ae &#8211; \u00c9treinte de l&rsquo;abus certifi\u00e9e par Access Consciousness\u00ae<\/em><\/p><p style=\"text-align: left;\">L&rsquo;abus est un sujet d\u00e9licat. C&rsquo;est un sujet tabou la plupart du temps.<br \/>Lib\u00e9rer l&rsquo;abus ce n&rsquo;est pas aller dans les drames et les traumas, ce n&rsquo;est pas retourner dans notre v\u00e9cu douloureux. Lib\u00e9rer l&rsquo;abus de notre corps, c&rsquo;est lib\u00e9rer l&rsquo;\u00e9nergie dans laquelle nous sommes bloqu\u00e9 pour lui permettre de recirculer. <br \/>C&rsquo;est prendre une grande bouff\u00e9e d&rsquo;air et se remettre \u00e0 respirer.<\/p><p style=\"text-align: left;\">Il existe une multitude de formes d&rsquo;abus ; \u00e9nerg\u00e9tique, psychique, \u00e9motionnel, spirituel, physique, sexuel, financier,&#8230; Le plus souvent ils sont inconscients. Le jugement et l&rsquo;auto-jugement sont probablement les formes d&rsquo;abus les plus courantes.<br \/>L&rsquo;abus nous bloque dans certains domaines de notre vie et nous emp\u00eache de cr\u00e9er la vie que nous souhaitons vraiment.\u00a0 <br \/>Tous les domaines de notre vie peuvent \u00eatre touch\u00e9s ; les relations, le travail, l&rsquo;argent, le corps, la communication,&#8230; Lib\u00e9rer l&rsquo;abus n&rsquo;est pas mental. Ce n&rsquo;est pas uniquement \u00e9nerg\u00e9tique non plus car il est inscrit dans le corps physique \u00e9galement.\u00a0<\/p><p style=\"text-align: left;\">Le processus de lib\u00e9ration de l&rsquo;abus d&rsquo;Access Consciousness (Abuse Hold\u00ae &#8211; Etreinte de l&rsquo;abus\u00ae) est un processus corporel qui lib\u00e8re jusqu&rsquo;au coeur de nos cellules, permettant de (re)prendre sa souverainet\u00e9, de (re)devenir cr\u00e9ateur de sa vie, de devenir le leader de sa vie. C&rsquo;est \u00e0 dire \u00eatre cette personne qui cr\u00e9\u00e9 sa vie car elle sait que cela va cr\u00e9er plus pour elle sans \u00e9couter les limitations des autres. Vous \u00eates alors votre propre source cr\u00e9atrice de vie.\u00a0<\/p><p style=\"text-align: left;\">Le processus Abuse Hold d&rsquo;Access Consciousness a \u00e9t\u00e9 cr\u00e9\u00e9 par le Fondateur d&rsquo;Access Consciousness Gary Douglas. Il est transmis uniquement par lui-m\u00eame et sa fille Grace Douglas.<\/p><p style=\"text-align: left;\">\u00a0<\/p>\t\t\t\t\t\t\t\t<\/div>\n\t\t\t\t<\/div>\n\t\t\t\t<div class=\"elementor-element elementor-element-c3c0210 elementor-align-center elementor-widget elementor-widget-button\" data-id=\"c3c0210\" data-element_type=\"widget\" data-widget_type=\"button.default\">\n\t\t\t\t<div class=\"elementor-widget-container\">\n\t\t\t\t\t\t\t\t\t<div class=\"elementor-button-wrapper\">\n\t\t\t\t\t<a class=\"elementor-button elementor-button-link elementor-size-sm\" href=\"mailto:anneflorencevandenperre@gmail.com\">\n\t\t\t\t\t\t<span class=\"elementor-button-content-wrapper\">\n\t\t\t\t\t\t\t\t\t<span class=\"elementor-button-text\">R\u00e9server une s\u00e9ance - Demander des informations<\/span>\n\t\t\t\t\t<\/span>\n\t\t\t\t\t<\/a>\n\t\t\t\t<\/div>\n\t\t\t\t\t\t\t\t<\/div>\n\t\t\t\t<\/div>\n\t\t\t\t\t<\/div>\n\t\t<\/div>\n\t\t\t\t\t<\/div>\n\t\t<\/section>\n\t\t\t\t\t<\/div>\n\t\t<\/div>\n\t\t\t\t\t<\/div>\n\t\t<\/section>\n\t\t\t\t<section class=\"elementor-section elementor-top-section elementor-element elementor-element-3beab92 elementor-section-boxed elementor-section-height-default elementor-section-height-default\" data-id=\"3beab92\" data-element_type=\"section\" data-settings=\"{&quot;background_background&quot;:&quot;classic&quot;}\">\n\t\t\t\t\t\t<div class=\"elementor-container elementor-column-gap-default\">\n\t\t\t\t\t<div class=\"elementor-column elementor-col-33 elementor-top-column elementor-element elementor-element-41d9a2c\" data-id=\"41d9a2c\" data-element_type=\"column\">\n\t\t\t<div class=\"elementor-widget-wrap elementor-element-populated\">\n\t\t\t\t\t\t<div class=\"elementor-element elementor-element-55421a5 elementor-widget elementor-widget-text-editor\" data-id=\"55421a5\" data-element_type=\"widget\" data-widget_type=\"text-editor.default\">\n\t\t\t\t<div class=\"elementor-widget-container\">\n\t\t\t\t\t\t\t\t\t<p><em>Le jour o\u00f9 j&rsquo;ai pris conscience que je pouvais choisir de sortir de l&rsquo;histoire qui tournait en boucle dans ma t\u00eate, cette histoire que ce pass\u00e9 d&rsquo;abus \u00e9tait plus fort que moi, le jour o\u00f9 j&rsquo;ai vraiment choisis, ce jour l\u00e0 j&rsquo;ai pu recevoir ce processus pleinement et\u00a0 ma vie \u00e0 totalement chang\u00e9. Tout est choix. Tout est possible. Et si vous vous choisissiez aussi? Qu&rsquo;est ce que cela cr\u00e9erait pour vous? A.V.<\/em><\/p>\t\t\t\t\t\t\t\t<\/div>\n\t\t\t\t<\/div>\n\t\t\t\t\t<\/div>\n\t\t<\/div>\n\t\t\t\t<div class=\"elementor-column elementor-col-33 elementor-top-column elementor-element elementor-element-7563d24\" data-id=\"7563d24\" data-element_type=\"column\">\n\t\t\t<div class=\"elementor-widget-wrap elementor-element-populated\">\n\t\t\t\t\t\t<div class=\"elementor-element elementor-element-0b5a51e elementor-widget elementor-widget-text-editor\" data-id=\"0b5a51e\" data-element_type=\"widget\" data-widget_type=\"text-editor.default\">\n\t\t\t\t<div class=\"elementor-widget-container\">\n\t\t\t\t\t\t\t\t\t<p>Je ne me suis jamais sentie prise en charge avec autant de bienveillance. Tout le monde devrait pouvoir se lib\u00e9rer ainsi des abus\u00a0\u00bb S.K.<\/p>\t\t\t\t\t\t\t\t<\/div>\n\t\t\t\t<\/div>\n\t\t\t\t\t<\/div>\n\t\t<\/div>\n\t\t\t\t<div class=\"elementor-column elementor-col-33 elementor-top-column elementor-element elementor-element-dd71179\" data-id=\"dd71179\" data-element_type=\"column\">\n\t\t\t<div class=\"elementor-widget-wrap elementor-element-populated\">\n\t\t\t\t\t\t<div class=\"elementor-element elementor-element-8a868a0 elementor-widget elementor-widget-text-editor\" data-id=\"8a868a0\" data-element_type=\"widget\" data-widget_type=\"text-editor.default\">\n\t\t\t\t<div class=\"elementor-widget-container\">\n\t\t\t\t\t\t\t\t\t<p>Il y a un avant et un apr\u00e8s. J&rsquo;avais peur de cette s\u00e9ance car je croyais que plein de choses atroces de mon pass\u00e9 allait me revenir \u00e0 ma m\u00e9moire. Ce n&rsquo;est pas du tout ce qui s&rsquo;est pass\u00e9. J&rsquo;ai ressenti beaucoup de douceur et de chaleur dans mon corps et me suis sentie l\u00e9g\u00e8re comme une plume. J&rsquo;ai r\u00e9alis\u00e9 apr\u00e8s que, avant la s\u00e9ance je me retournais souvent comme si l&rsquo;on me suivait, et que apr\u00e8s je ne le faisais plus. A.P.<\/p><p class=\"p2\">\u00a0<\/p>\t\t\t\t\t\t\t\t<\/div>\n\t\t\t\t<\/div>\n\t\t\t\t\t<\/div>\n\t\t<\/div>\n\t\t\t\t\t<\/div>\n\t\t<\/section>\n\t\t\t\t<section class=\"elementor-section elementor-top-section elementor-element elementor-element-10ac0b9 elementor-section-boxed elementor-section-height-default elementor-section-height-default\" data-id=\"10ac0b9\" data-element_type=\"section\">\n\t\t\t\t\t\t<div class=\"elementor-container elementor-column-gap-default\">\n\t\t\t\t\t<div class=\"elementor-column elementor-col-100 elementor-top-column elementor-element elementor-element-722a5ea\" data-id=\"722a5ea\" data-element_type=\"column\">\n\t\t\t<div class=\"elementor-widget-wrap elementor-element-populated\">\n\t\t\t\t\t\t<div class=\"elementor-element elementor-element-c04a0f4 elementor-widget elementor-widget-video\" data-id=\"c04a0f4\" data-element_type=\"widget\" data-settings=\"{&quot;youtube_url&quot;:&quot;https:\\\/\\\/www.youtube.com\\\/watch?v=_NY6IPBqo-g&quot;,&quot;video_type&quot;:&quot;youtube&quot;,&quot;controls&quot;:&quot;yes&quot;}\" data-widget_type=\"video.default\">\n\t\t\t\t<div class=\"elementor-widget-container\">\n\t\t\t\t\t\t\t<div class=\"elementor-wrapper elementor-open-inline\">\n\t\t\t<div class=\"elementor-video\"><\/div>\t\t<\/div>\n\t\t\t\t\t\t<\/div>\n\t\t\t\t<\/div>\n\t\t\t\t\t<\/div>\n\t\t<\/div>\n\t\t\t\t\t<\/div>\n\t\t<\/section>\n\t\t\t\t<section class=\"elementor-section elementor-top-section elementor-element elementor-element-c0fc153 elementor-section-boxed elementor-section-height-default elementor-section-height-default\" data-id=\"c0fc153\" data-element_type=\"section\" data-settings=\"{&quot;background_background&quot;:&quot;classic&quot;}\">\n\t\t\t\t\t\t\t<div class=\"elementor-background-overlay\"><\/div>\n\t\t\t\t\t\t\t<div class=\"elementor-container elementor-column-gap-no\">\n\t\t\t\t\t<div class=\"elementor-column elementor-col-100 elementor-top-column elementor-element elementor-element-d765919\" data-id=\"d765919\" data-element_type=\"column\">\n\t\t\t<div class=\"elementor-widget-wrap elementor-element-populated\">\n\t\t\t\t\t\t<section class=\"elementor-section elementor-inner-section elementor-element elementor-element-920fc10 elementor-section-boxed elementor-section-height-default elementor-section-height-default\" data-id=\"920fc10\" data-element_type=\"section\">\n\t\t\t\t\t\t<div class=\"elementor-container elementor-column-gap-no\">\n\t\t\t\t\t<div class=\"elementor-column elementor-col-100 elementor-inner-column elementor-element elementor-element-3ada78f\" data-id=\"3ada78f\" data-element_type=\"column\">\n\t\t\t<div class=\"elementor-widget-wrap elementor-element-populated\">\n\t\t\t\t\t\t<div class=\"elementor-element elementor-element-bcc5822 elementor-widget elementor-widget-text-editor\" data-id=\"bcc5822\" data-element_type=\"widget\" data-widget_type=\"text-editor.default\">\n\t\t\t\t<div class=\"elementor-widget-container\">\n\t\t\t\t\t\t\t\t\t<p><em>\u00ab\u00a0Sois le changement que tu veux voir dans le monde\u00a0\u00bb Nelson Mandela<\/em><\/p><p><em>\u00ab\u00a0Tout de la vie me vient avec aisance, joie et gloire<\/em>\u00a0\u00bb Gary Douglas<\/p><p><em>\u00ab\u00a0La conscience inclut tout et ne juge rien\u00a0\u00bb<\/em> Gary Douglas<\/p>\t\t\t\t\t\t\t\t<\/div>\n\t\t\t\t<\/div>\n\t\t\t\t\t<\/div>\n\t\t<\/div>\n\t\t\t\t\t<\/div>\n\t\t<\/section>\n\t\t\t\t\t<\/div>\n\t\t<\/div>\n\t\t\t\t\t<\/div>\n\t\t<\/section>\n\t\t\t\t<section class=\"elementor-section elementor-top-section elementor-element elementor-element-9dbc099 elementor-section-boxed elementor-section-height-default elementor-section-height-default\" data-id=\"9dbc099\" data-element_type=\"section\">\n\t\t\t\t\t\t<div class=\"elementor-container elementor-column-gap-default\">\n\t\t\t\t\t<div class=\"elementor-column elementor-col-100 elementor-top-column elementor-element elementor-element-23d3b95\" data-id=\"23d3b95\" data-element_type=\"column\">\n\t\t\t<div class=\"elementor-widget-wrap elementor-element-populated\">\n\t\t\t\t\t\t<div class=\"elementor-element elementor-element-3887310 elementor-widget elementor-widget-text-editor\" data-id=\"3887310\" data-element_type=\"widget\" data-widget_type=\"text-editor.default\">\n\t\t\t\t<div class=\"elementor-widget-container\">\n\t\t\t\t\t\t\t\t\t<p style=\"text-align: left;\"><em>Les techniques propos\u00e9es ici ne se substituent pas au traitement et diagnostic m\u00e9dical. Consulter votre m\u00e9decin.<\/em>\u00a0<\/p>\t\t\t\t\t\t\t\t<\/div>\n\t\t\t\t<\/div>\n\t\t\t\t\t<\/div>\n\t\t<\/div>\n\t\t\t\t\t<\/div>\n\t\t<\/section>\n\t\t\t\t<\/div>\n\t\t","protected":false},"excerpt":{"rendered":"<p>ABUSE HOLD\u00ae \u00c9TREINTE DE L&rsquo;ABUS Et si vous pouviez lib\u00e9rer l&rsquo;abus de votre corps?\u00a0 Et si la plus grande forme d&rsquo;abus \u00e9tait le jugement? Je suis praticienne Abuse Hold\u00ae &#8211; \u00c9treinte de l&rsquo;abus certifi\u00e9e par Access Consciousness\u00ae L&rsquo;abus est un sujet d\u00e9licat. C&rsquo;est un sujet tabou la plupart du temps.Lib\u00e9rer l&rsquo;abus ce n&rsquo;est pas aller [&hellip;]<\/p>\n","protected":false},"author":1,"featured_media":0,"parent":70,"menu_order":0,"comment_status":"closed","ping_status":"closed","template":"elementor_header_footer","meta":{"footnotes":""},"class_list":["post-1319","page","type-page","status-publish","hentry","entry"],"yoast_head":"<!-- This site is optimized with the Yoast SEO plugin v26.1.1 - https:\/\/yoast.com\/wordpress\/plugins\/seo\/ -->\n<title>Abuse hold\u00ae -<\/title>\n<meta name=\"robots\" content=\"index, follow, max-snippet:-1, max-image-preview:large, max-video-preview:-1\" \/>\n<link rel=\"canonical\" href=\"https:\/\/anneflorencevandenperre.com\/?page_id=1319\" \/>\n<meta property=\"og:locale\" content=\"fr_FR\" \/>\n<meta property=\"og:type\" content=\"article\" \/>\n<meta property=\"og:title\" content=\"Abuse hold\u00ae -\" \/>\n<meta property=\"og:description\" content=\"ABUSE HOLD\u00ae \u00c9TREINTE DE L&rsquo;ABUS Et si vous pouviez lib\u00e9rer l&rsquo;abus de votre corps?\u00a0 Et si la plus grande forme d&rsquo;abus \u00e9tait le jugement? Je suis praticienne Abuse Hold\u00ae &#8211; \u00c9treinte de l&rsquo;abus certifi\u00e9e par Access Consciousness\u00ae L&rsquo;abus est un sujet d\u00e9licat. C&rsquo;est un sujet tabou la plupart du temps.Lib\u00e9rer l&rsquo;abus ce n&rsquo;est pas aller [&hellip;]\" \/>\n<meta property=\"og:url\" content=\"https:\/\/anneflorencevandenperre.com\/?page_id=1319\" \/>\n<meta property=\"article:publisher\" content=\"https:\/\/www.facebook.com\/anneflorence.vandenperre\" \/>\n<meta property=\"article:modified_time\" content=\"2025-10-31T12:46:23+00:00\" \/>\n<meta name=\"twitter:card\" content=\"summary_large_image\" \/>\n<meta name=\"twitter:label1\" content=\"Dur\u00e9e de lecture estim\u00e9e\" \/>\n\t<meta name=\"twitter:data1\" content=\"3 minutes\" \/>\n<script type=\"application\/ld+json\" class=\"yoast-schema-graph\">{\"@context\":\"https:\/\/schema.org\",\"@graph\":[{\"@type\":\"WebPage\",\"@id\":\"https:\/\/anneflorencevandenperre.com\/?page_id=1319\",\"url\":\"https:\/\/anneflorencevandenperre.com\/?page_id=1319\",\"name\":\"Abuse hold\u00ae -\",\"isPartOf\":{\"@id\":\"https:\/\/anneflorencevandenperre.com\/#website\"},\"datePublished\":\"2021-07-25T21:30:38+00:00\",\"dateModified\":\"2025-10-31T12:46:23+00:00\",\"breadcrumb\":{\"@id\":\"https:\/\/anneflorencevandenperre.com\/?page_id=1319#breadcrumb\"},\"inLanguage\":\"fr-FR\",\"potentialAction\":[{\"@type\":\"ReadAction\",\"target\":[\"https:\/\/anneflorencevandenperre.com\/?page_id=1319\"]}]},{\"@type\":\"BreadcrumbList\",\"@id\":\"https:\/\/anneflorencevandenperre.com\/?page_id=1319#breadcrumb\",\"itemListElement\":[{\"@type\":\"ListItem\",\"position\":1,\"name\":\"Accueil\",\"item\":\"https:\/\/anneflorencevandenperre.com\/\"},{\"@type\":\"ListItem\",\"position\":2,\"name\":\"Abuse hold\u00ae\"}]},{\"@type\":\"WebSite\",\"@id\":\"https:\/\/anneflorencevandenperre.com\/#website\",\"url\":\"https:\/\/anneflorencevandenperre.com\/\",\"name\":\"\",\"description\":\"Accompagnatrice et Facilitatrice de Vie\",\"potentialAction\":[{\"@type\":\"SearchAction\",\"target\":{\"@type\":\"EntryPoint\",\"urlTemplate\":\"https:\/\/anneflorencevandenperre.com\/?s={search_term_string}\"},\"query-input\":{\"@type\":\"PropertyValueSpecification\",\"valueRequired\":true,\"valueName\":\"search_term_string\"}}],\"inLanguage\":\"fr-FR\"}]}<\/script>\n<!-- \/ Yoast SEO plugin. -->","yoast_head_json":{"title":"Abuse hold\u00ae -","robots":{"index":"index","follow":"follow","max-snippet":"max-snippet:-1","max-image-preview":"max-image-preview:large","max-video-preview":"max-video-preview:-1"},"canonical":"https:\/\/anneflorencevandenperre.com\/?page_id=1319","og_locale":"fr_FR","og_type":"article","og_title":"Abuse hold\u00ae -","og_description":"ABUSE HOLD\u00ae \u00c9TREINTE DE L&rsquo;ABUS Et si vous pouviez lib\u00e9rer l&rsquo;abus de votre corps?\u00a0 Et si la plus grande forme d&rsquo;abus \u00e9tait le jugement? Je suis praticienne Abuse Hold\u00ae &#8211; \u00c9treinte de l&rsquo;abus certifi\u00e9e par Access Consciousness\u00ae L&rsquo;abus est un sujet d\u00e9licat. C&rsquo;est un sujet tabou la plupart du temps.Lib\u00e9rer l&rsquo;abus ce n&rsquo;est pas aller [&hellip;]","og_url":"https:\/\/anneflorencevandenperre.com\/?page_id=1319","article_publisher":"https:\/\/www.facebook.com\/anneflorence.vandenperre","article_modified_time":"2025-10-31T12:46:23+00:00","twitter_card":"summary_large_image","twitter_misc":{"Dur\u00e9e de lecture estim\u00e9e":"3 minutes"},"schema":{"@context":"https:\/\/schema.org","@graph":[{"@type":"WebPage","@id":"https:\/\/anneflorencevandenperre.com\/?page_id=1319","url":"https:\/\/anneflorencevandenperre.com\/?page_id=1319","name":"Abuse hold\u00ae -","isPartOf":{"@id":"https:\/\/anneflorencevandenperre.com\/#website"},"datePublished":"2021-07-25T21:30:38+00:00","dateModified":"2025-10-31T12:46:23+00:00","breadcrumb":{"@id":"https:\/\/anneflorencevandenperre.com\/?page_id=1319#breadcrumb"},"inLanguage":"fr-FR","potentialAction":[{"@type":"ReadAction","target":["https:\/\/anneflorencevandenperre.com\/?page_id=1319"]}]},{"@type":"BreadcrumbList","@id":"https:\/\/anneflorencevandenperre.com\/?page_id=1319#breadcrumb","itemListElement":[{"@type":"ListItem","position":1,"name":"Accueil","item":"https:\/\/anneflorencevandenperre.com\/"},{"@type":"ListItem","position":2,"name":"Abuse hold\u00ae"}]},{"@type":"WebSite","@id":"https:\/\/anneflorencevandenperre.com\/#website","url":"https:\/\/anneflorencevandenperre.com\/","name":"","description":"Accompagnatrice et Facilitatrice de Vie","potentialAction":[{"@type":"SearchAction","target":{"@type":"EntryPoint","urlTemplate":"https:\/\/anneflorencevandenperre.com\/?s={search_term_string}"},"query-input":{"@type":"PropertyValueSpecification","valueRequired":true,"valueName":"search_term_string"}}],"inLanguage":"fr-FR"}]}},"_links":{"self":[{"href":"https:\/\/anneflorencevandenperre.com\/index.php?rest_route=\/wp\/v2\/pages\/1319","targetHints":{"allow":["GET"]}}],"collection":[{"href":"https:\/\/anneflorencevandenperre.com\/index.php?rest_route=\/wp\/v2\/pages"}],"about":[{"href":"https:\/\/anneflorencevandenperre.com\/index.php?rest_route=\/wp\/v2\/types\/page"}],"author":[{"embeddable":true,"href":"https:\/\/anneflorencevandenperre.com\/index.php?rest_route=\/wp\/v2\/users\/1"}],"replies":[{"embeddable":true,"href":"https:\/\/anneflorencevandenperre.com\/index.php?rest_route=%2Fwp%2Fv2%2Fcomments&post=1319"}],"version-history":[{"count":0,"href":"https:\/\/anneflorencevandenperre.com\/index.php?rest_route=\/wp\/v2\/pages\/1319\/revisions"}],"up":[{"embeddable":true,"href":"https:\/\/anneflorencevandenperre.com\/index.php?rest_route=\/"}],"wp:attachment":[{"href":"https:\/\/anneflorencevandenperre.com\/index.php?rest_route=%2Fwp%2Fv2%2Fmedia&parent=1319"}],"curies":[{"name":"wp","href":"https:\/\/api.w.org\/{rel}","templated":true}]}}