{"id":32,"date":"2021-02-07T16:02:41","date_gmt":"2021-02-07T15:02:41","guid":{"rendered":"http:\/\/anneflorencevandenperre.com\/?page_id=32"},"modified":"2026-02-06T12:03:30","modified_gmt":"2026-02-06T11:03:30","slug":"access-bars","status":"publish","type":"page","link":"https:\/\/anneflorencevandenperre.com\/?page_id=32","title":{"rendered":"Access Bars\u00ae"},"content":{"rendered":"\t\t<div data-elementor-type=\"wp-page\" data-elementor-id=\"32\" class=\"elementor elementor-32\">\n\t\t\t\t\t\t<section class=\"elementor-section elementor-top-section elementor-element elementor-element-4a8b6da0 elementor-section-boxed elementor-section-height-default elementor-section-height-default\" data-id=\"4a8b6da0\" data-element_type=\"section\" data-settings=\"{&quot;background_background&quot;:&quot;classic&quot;}\">\n\t\t\t\t\t\t<div class=\"elementor-container elementor-column-gap-default\">\n\t\t\t\t\t<div class=\"elementor-column elementor-col-50 elementor-top-column elementor-element elementor-element-63cea741\" data-id=\"63cea741\" data-element_type=\"column\">\n\t\t\t<div class=\"elementor-widget-wrap elementor-element-populated\">\n\t\t\t\t\t\t<div class=\"elementor-element elementor-element-5803223b elementor-widget elementor-widget-spacer\" data-id=\"5803223b\" data-element_type=\"widget\" data-widget_type=\"spacer.default\">\n\t\t\t\t<div class=\"elementor-widget-container\">\n\t\t\t\t\t\t\t<div class=\"elementor-spacer\">\n\t\t\t<div class=\"elementor-spacer-inner\"><\/div>\n\t\t<\/div>\n\t\t\t\t\t\t<\/div>\n\t\t\t\t<\/div>\n\t\t\t\t<div class=\"elementor-element elementor-element-1f5a2ec1 elementor-widget-tablet__width-initial elementor-invisible elementor-widget elementor-widget-heading\" data-id=\"1f5a2ec1\" data-element_type=\"widget\" data-settings=\"{&quot;_animation&quot;:&quot;fadeIn&quot;,&quot;_animation_delay&quot;:500}\" data-widget_type=\"heading.default\">\n\t\t\t\t<div class=\"elementor-widget-container\">\n\t\t\t\t\t<h1 class=\"elementor-heading-title elementor-size-xxl\">Access Bars\u00ae<\/h1>\t\t\t\t<\/div>\n\t\t\t\t<\/div>\n\t\t\t\t<div class=\"elementor-element elementor-element-764dab24 elementor-widget elementor-widget-spacer\" data-id=\"764dab24\" data-element_type=\"widget\" data-widget_type=\"spacer.default\">\n\t\t\t\t<div class=\"elementor-widget-container\">\n\t\t\t\t\t\t\t<div class=\"elementor-spacer\">\n\t\t\t<div class=\"elementor-spacer-inner\"><\/div>\n\t\t<\/div>\n\t\t\t\t\t\t<\/div>\n\t\t\t\t<\/div>\n\t\t\t\t\t<\/div>\n\t\t<\/div>\n\t\t\t\t<div class=\"elementor-column elementor-col-50 elementor-top-column elementor-element elementor-element-1129e4dd\" data-id=\"1129e4dd\" data-element_type=\"column\">\n\t\t\t<div class=\"elementor-widget-wrap\">\n\t\t\t\t\t\t\t<\/div>\n\t\t<\/div>\n\t\t\t\t\t<\/div>\n\t\t<\/section>\n\t\t\t\t<section class=\"elementor-section elementor-top-section elementor-element elementor-element-7a3da92 elementor-section-boxed elementor-section-height-default elementor-section-height-default\" data-id=\"7a3da92\" data-element_type=\"section\" data-settings=\"{&quot;background_background&quot;:&quot;classic&quot;}\">\n\t\t\t\t\t\t\t<div class=\"elementor-background-overlay\"><\/div>\n\t\t\t\t\t\t\t<div class=\"elementor-container elementor-column-gap-no\">\n\t\t\t\t\t<div class=\"elementor-column elementor-col-100 elementor-top-column elementor-element elementor-element-2cc0ed7\" data-id=\"2cc0ed7\" data-element_type=\"column\">\n\t\t\t<div class=\"elementor-widget-wrap elementor-element-populated\">\n\t\t\t\t\t\t<section class=\"elementor-section elementor-inner-section elementor-element elementor-element-66a9ae6 elementor-section-boxed elementor-section-height-default elementor-section-height-default\" data-id=\"66a9ae6\" data-element_type=\"section\">\n\t\t\t\t\t\t<div class=\"elementor-container elementor-column-gap-no\">\n\t\t\t\t\t<div class=\"elementor-column elementor-col-100 elementor-inner-column elementor-element elementor-element-e8e1834\" data-id=\"e8e1834\" data-element_type=\"column\">\n\t\t\t<div class=\"elementor-widget-wrap elementor-element-populated\">\n\t\t\t\t\t\t<div class=\"elementor-element elementor-element-cfd8b08 elementor-widget elementor-widget-text-editor\" data-id=\"cfd8b08\" data-element_type=\"widget\" data-widget_type=\"text-editor.default\">\n\t\t\t\t<div class=\"elementor-widget-container\">\n\t\t\t\t\t\t\t\t\t<p><em>Et s&rsquo;il \u00e9tait possible d&rsquo;arr\u00eater ces pens\u00e9es incessantes?<\/em><\/p><p><em>Et si vous pouviez reconnecter cet espace d&rsquo;\u00eatre au-del\u00e0 de votre mental?<\/em><\/p>\t\t\t\t\t\t\t\t<\/div>\n\t\t\t\t<\/div>\n\t\t\t\t\t<\/div>\n\t\t<\/div>\n\t\t\t\t\t<\/div>\n\t\t<\/section>\n\t\t\t\t\t<\/div>\n\t\t<\/div>\n\t\t\t\t\t<\/div>\n\t\t<\/section>\n\t\t\t\t<section class=\"elementor-section elementor-top-section elementor-element elementor-element-11bdd513 elementor-section-stretched elementor-section-full_width elementor-section-height-default elementor-section-height-default\" data-id=\"11bdd513\" data-element_type=\"section\" data-settings=\"{&quot;background_background&quot;:&quot;classic&quot;,&quot;stretch_section&quot;:&quot;section-stretched&quot;}\">\n\t\t\t\t\t\t\t<div class=\"elementor-background-overlay\"><\/div>\n\t\t\t\t\t\t\t<div class=\"elementor-container elementor-column-gap-no\">\n\t\t\t\t\t<div class=\"elementor-column elementor-col-100 elementor-top-column elementor-element elementor-element-35676a97\" data-id=\"35676a97\" data-element_type=\"column\">\n\t\t\t<div class=\"elementor-widget-wrap elementor-element-populated\">\n\t\t\t\t\t\t<section class=\"elementor-section elementor-inner-section elementor-element elementor-element-2cb7bf62 elementor-section-content-middle elementor-section-full_width elementor-section-height-default elementor-section-height-default elementor-invisible\" data-id=\"2cb7bf62\" data-element_type=\"section\" data-settings=\"{&quot;animation&quot;:&quot;fadeIn&quot;}\">\n\t\t\t\t\t\t<div class=\"elementor-container elementor-column-gap-wider\">\n\t\t\t\t\t<div class=\"elementor-column elementor-col-50 elementor-inner-column elementor-element elementor-element-5ac8fab2\" data-id=\"5ac8fab2\" data-element_type=\"column\" data-settings=\"{&quot;background_background&quot;:&quot;classic&quot;}\">\n\t\t\t<div class=\"elementor-widget-wrap elementor-element-populated\">\n\t\t\t\t\t\t<div class=\"elementor-element elementor-element-78e0b5b7 elementor-widget elementor-widget-spacer\" data-id=\"78e0b5b7\" data-element_type=\"widget\" data-widget_type=\"spacer.default\">\n\t\t\t\t<div class=\"elementor-widget-container\">\n\t\t\t\t\t\t\t<div class=\"elementor-spacer\">\n\t\t\t<div class=\"elementor-spacer-inner\"><\/div>\n\t\t<\/div>\n\t\t\t\t\t\t<\/div>\n\t\t\t\t<\/div>\n\t\t\t\t\t<\/div>\n\t\t<\/div>\n\t\t\t\t<div class=\"elementor-column elementor-col-50 elementor-inner-column elementor-element elementor-element-5e8f2826\" data-id=\"5e8f2826\" data-element_type=\"column\">\n\t\t\t<div class=\"elementor-widget-wrap elementor-element-populated\">\n\t\t\t\t\t\t<div class=\"elementor-element elementor-element-151bde55 elementor-widget elementor-widget-text-editor\" data-id=\"151bde55\" data-element_type=\"widget\" data-widget_type=\"text-editor.default\">\n\t\t\t\t<div class=\"elementor-widget-container\">\n\t\t\t\t\t\t\t\t\t<p style=\"text-align: left;\"><em>Je suis praticienne et facilitatrice (formatrice) Access Bars.<\/em><br \/>Les Access Bars sont 32 points sur la t\u00eate, qui touch\u00e9s de fa\u00e7on l\u00e9g\u00e8re, modifient vos ondes c\u00e9r\u00e9brales en les r\u00e9harmonisant . Notre cerveau est litt\u00e9ralement reboot\u00e9 au cours d&rsquo;une s\u00e9ance.\u00a0 Ce \u00abrebootage\u00bb \u00e9limine pens\u00e9es envahissantes, \u00e9motions, sentiments, conclusions, consid\u00e9rations, d\u00e9finitions, habitudes, jugement, croyances, qui ne nous appartiennent pas r\u00e9ellement et qui nous limitent \u00e0 cr\u00e9er plus dans votre vie et \u00e0 \u00eatre heureux. Le bavardage mental se calme, votre stress diminue et vous devenez moins influen\u00e7able par le stress des autres. Vous devenez plus conscient de vous, de votre vie, de ce qui vous entoure. Vous percevez votre espace personnel de fa\u00e7on plus consciente ce qui vous donne plus d&rsquo;aisance et plus de joie. Vous commencez \u00e0 cr\u00e9er plus grand dans VOTRE vie<\/p><p style=\"text-align: left;\">Les Access Bars\u00ae sont une technique quantique \u00e9nerg\u00e9tique. Des effets positifs s\u2019observent dans le quotidien apr\u00e8s une seule s\u00e9ance. Et il n&rsquo;y aucune limitation d&rsquo;\u00e2ge \u00e0 recevoir une s\u00e9ance.\u00a0 <br \/>Chaque s\u00e9ance est v\u00e9cue diff\u00e9remment. Chacun re\u00e7oit ce qu\u2019il peut recevoir dans l\u2019instant de la s\u00e9ance et le vit de fa\u00e7on personnelle. Il n\u2019y de fa\u00e7on juste ou fausse de recevoir, nous sommes tous diff\u00e9rents tout simplement.\u00a0<\/p><p style=\"text-align: left;\">D\u00e9crite comme la technique la plus relaxante au monde, les Access Bars font l&rsquo;objet d&rsquo;\u00e9tudes scientifiques dirig\u00e9e par le Dr terry Hoop (ajouter lien). Ces \u00e9tudes ont montr\u00e9 la modification significative des ondes c\u00e9r\u00e9brales au cours d&rsquo;une seule s\u00e9ance, \u00e9quivalent \u00e0 plusieurs heures de m\u00e9ditation profonde.\u00a0 Divers param\u00e8tres comme la tension art\u00e9rielle et les rythmes cardio-respiratoires sont \u00e9galement r\u00e9harmonis\u00e9s.<\/p>\t\t\t\t\t\t\t\t<\/div>\n\t\t\t\t<\/div>\n\t\t\t\t<div class=\"elementor-element elementor-element-7b0fcf1 elementor-align-center elementor-widget elementor-widget-button\" data-id=\"7b0fcf1\" data-element_type=\"widget\" data-widget_type=\"button.default\">\n\t\t\t\t<div class=\"elementor-widget-container\">\n\t\t\t\t\t\t\t\t\t<div class=\"elementor-button-wrapper\">\n\t\t\t\t\t<a class=\"elementor-button elementor-button-link elementor-size-sm\" href=\"mailto:anneflorence@anneflorencevandenperre.com\">\n\t\t\t\t\t\t<span class=\"elementor-button-content-wrapper\">\n\t\t\t\t\t\t\t\t\t<span class=\"elementor-button-text\">R\u00e9server une s\u00e9ance<\/span>\n\t\t\t\t\t<\/span>\n\t\t\t\t\t<\/a>\n\t\t\t\t<\/div>\n\t\t\t\t\t\t\t\t<\/div>\n\t\t\t\t<\/div>\n\t\t\t\t<div class=\"elementor-element elementor-element-6e9f80b elementor-align-center elementor-widget elementor-widget-button\" data-id=\"6e9f80b\" data-element_type=\"widget\" data-widget_type=\"button.default\">\n\t\t\t\t<div class=\"elementor-widget-container\">\n\t\t\t\t\t\t\t\t\t<div class=\"elementor-button-wrapper\">\n\t\t\t\t\t<a class=\"elementor-button elementor-button-link elementor-size-sm\" href=\"https:\/\/anneflorencevandenperre.com\/?page_id=11053\" target=\"_blank\">\n\t\t\t\t\t\t<span class=\"elementor-button-content-wrapper\">\n\t\t\t\t\t\t\t\t\t<span class=\"elementor-button-text\">Devenez praticien.ne Access Bars<\/span>\n\t\t\t\t\t<\/span>\n\t\t\t\t\t<\/a>\n\t\t\t\t<\/div>\n\t\t\t\t\t\t\t\t<\/div>\n\t\t\t\t<\/div>\n\t\t\t\t\t<\/div>\n\t\t<\/div>\n\t\t\t\t\t<\/div>\n\t\t<\/section>\n\t\t\t\t\t<\/div>\n\t\t<\/div>\n\t\t\t\t\t<\/div>\n\t\t<\/section>\n\t\t\t\t<section class=\"elementor-section elementor-top-section elementor-element elementor-element-8535b5d elementor-section-boxed elementor-section-height-default elementor-section-height-default\" data-id=\"8535b5d\" data-element_type=\"section\" data-settings=\"{&quot;background_background&quot;:&quot;classic&quot;}\">\n\t\t\t\t\t\t<div class=\"elementor-container elementor-column-gap-default\">\n\t\t\t\t\t<div class=\"elementor-column elementor-col-33 elementor-top-column elementor-element elementor-element-4b1d5d7\" data-id=\"4b1d5d7\" data-element_type=\"column\">\n\t\t\t<div class=\"elementor-widget-wrap elementor-element-populated\">\n\t\t\t\t\t\t<div class=\"elementor-element elementor-element-43a92ec elementor-widget elementor-widget-text-editor\" data-id=\"43a92ec\" data-element_type=\"widget\" data-widget_type=\"text-editor.default\">\n\t\t\t\t<div class=\"elementor-widget-container\">\n\t\t\t\t\t\t\t\t\t<p><em>Apr\u00e8s une s\u00e9ance des bars, je ressens un apaisement et un bien-\u00eatre g\u00e9n\u00e9ral. Je me sens en pleine forme, repos\u00e9e et mon optimisme boost\u00e9!\u00a0Lors de la s\u00e9ance, je m\u2019endors dans un sommeil l\u00e9ger, superficiel, \u00e0 peine les mains pos\u00e9e sur ma t\u00eate.\u00a0Je ne peux que recommander de se laisser prendre en mains par Anne Florence\u00a0 L.P.<\/em><\/p><p class=\"p2\">\u00a0<\/p>\t\t\t\t\t\t\t\t<\/div>\n\t\t\t\t<\/div>\n\t\t\t\t\t<\/div>\n\t\t<\/div>\n\t\t\t\t<div class=\"elementor-column elementor-col-33 elementor-top-column elementor-element elementor-element-9af938e\" data-id=\"9af938e\" data-element_type=\"column\">\n\t\t\t<div class=\"elementor-widget-wrap elementor-element-populated\">\n\t\t\t\t\t\t<div class=\"elementor-element elementor-element-688b06e elementor-widget elementor-widget-text-editor\" data-id=\"688b06e\" data-element_type=\"widget\" data-widget_type=\"text-editor.default\">\n\t\t\t\t<div class=\"elementor-widget-container\">\n\t\t\t\t\t\t\t\t\t<p>Je ne me suis jamais sentie aussi d\u00e9tendue de ma vie apr\u00e8s cette s\u00e9ance M.D.<\/p>\t\t\t\t\t\t\t\t<\/div>\n\t\t\t\t<\/div>\n\t\t\t\t\t<\/div>\n\t\t<\/div>\n\t\t\t\t<div class=\"elementor-column elementor-col-33 elementor-top-column elementor-element elementor-element-7f7ad2e\" data-id=\"7f7ad2e\" data-element_type=\"column\">\n\t\t\t<div class=\"elementor-widget-wrap elementor-element-populated\">\n\t\t\t\t\t\t<div class=\"elementor-element elementor-element-ce5fafe elementor-widget elementor-widget-text-editor\" data-id=\"ce5fafe\" data-element_type=\"widget\" data-widget_type=\"text-editor.default\">\n\t\t\t\t<div class=\"elementor-widget-container\">\n\t\t\t\t\t\t\t\t\t<p><em>Gr\u00e2ce aux Bars mon cerveau canalise plus facilement les pens\u00e9es, surtout l\u2019impact n\u00e9gatif des pens\u00e9es, et j\u2019accepte pas \u00e0 pas de laisser tranquillement les choses venir \u00e0 moi. J&rsquo;ai pu passer \u00e0 travers des situations qui avaient \u00e9t\u00e9 jusque-l\u00e0 dures \u00e0 d\u00e9passer. J&rsquo;ai plus de clairvoyance pour prendre des d\u00e9cisions avec lesquelles je me sens align\u00e9e. Pour la 1\u00e8re fois de ma vie, je r\u00e9ussis \u00e0 dire \u2018NON\u2019 et tant pis pour les autres. Et \u00e7a fait tellement du bien \u2026. J\u2019essaie de faire r\u00e9guli\u00e8rement des s\u00e9ances de Bars car c\u2019est un r\u00e9el b\u00e9n\u00e9fice pour moi.\u00a0<\/em><\/p>\t\t\t\t\t\t\t\t<\/div>\n\t\t\t\t<\/div>\n\t\t\t\t\t<\/div>\n\t\t<\/div>\n\t\t\t\t\t<\/div>\n\t\t<\/section>\n\t\t\t\t<section class=\"elementor-section elementor-top-section elementor-element elementor-element-87fea90 elementor-section-boxed elementor-section-height-default elementor-section-height-default\" data-id=\"87fea90\" data-element_type=\"section\">\n\t\t\t\t\t\t<div class=\"elementor-container elementor-column-gap-default\">\n\t\t\t\t\t<div class=\"elementor-column elementor-col-100 elementor-top-column elementor-element elementor-element-f2ba251\" data-id=\"f2ba251\" data-element_type=\"column\">\n\t\t\t<div class=\"elementor-widget-wrap elementor-element-populated\">\n\t\t\t\t\t\t<div class=\"elementor-element elementor-element-ba46579 elementor-widget elementor-widget-video\" data-id=\"ba46579\" data-element_type=\"widget\" data-settings=\"{&quot;youtube_url&quot;:&quot;https:\\\/\\\/www.youtube.com\\\/watch?v=Cc4Kx6bJSvM&quot;,&quot;video_type&quot;:&quot;youtube&quot;,&quot;controls&quot;:&quot;yes&quot;}\" data-widget_type=\"video.default\">\n\t\t\t\t<div class=\"elementor-widget-container\">\n\t\t\t\t\t\t\t<div class=\"elementor-wrapper elementor-open-inline\">\n\t\t\t<div class=\"elementor-video\"><\/div>\t\t<\/div>\n\t\t\t\t\t\t<\/div>\n\t\t\t\t<\/div>\n\t\t\t\t\t<\/div>\n\t\t<\/div>\n\t\t\t\t\t<\/div>\n\t\t<\/section>\n\t\t\t\t<section class=\"elementor-section elementor-top-section elementor-element elementor-element-51407a50 elementor-section-boxed elementor-section-height-default elementor-section-height-default\" data-id=\"51407a50\" data-element_type=\"section\" data-settings=\"{&quot;background_background&quot;:&quot;classic&quot;}\">\n\t\t\t\t\t\t\t<div class=\"elementor-background-overlay\"><\/div>\n\t\t\t\t\t\t\t<div class=\"elementor-container elementor-column-gap-no\">\n\t\t\t\t\t<div class=\"elementor-column elementor-col-100 elementor-top-column elementor-element elementor-element-21ef5ad7\" data-id=\"21ef5ad7\" data-element_type=\"column\">\n\t\t\t<div class=\"elementor-widget-wrap elementor-element-populated\">\n\t\t\t\t\t\t<section class=\"elementor-section elementor-inner-section elementor-element elementor-element-2278bedd elementor-section-boxed elementor-section-height-default elementor-section-height-default\" data-id=\"2278bedd\" data-element_type=\"section\">\n\t\t\t\t\t\t<div class=\"elementor-container elementor-column-gap-no\">\n\t\t\t\t\t<div class=\"elementor-column elementor-col-100 elementor-inner-column elementor-element elementor-element-7452a2f\" data-id=\"7452a2f\" data-element_type=\"column\">\n\t\t\t<div class=\"elementor-widget-wrap elementor-element-populated\">\n\t\t\t\t\t\t<div class=\"elementor-element elementor-element-219aff0f elementor-widget elementor-widget-text-editor\" data-id=\"219aff0f\" data-element_type=\"widget\" data-widget_type=\"text-editor.default\">\n\t\t\t\t<div class=\"elementor-widget-container\">\n\t\t\t\t\t\t\t\t\t<p><em>\u00ab\u00a0Sois le changement que tu veux voir dans le monde\u00a0\u00bb Nelson Mandela<\/em><\/p><p><em>\u00ab\u00a0Tout de la vie me vient avec aisance, joie et gloire<\/em>\u00a0\u00bb Gary Douglas<\/p><p><em>\u00ab\u00a0La conscience inclut tout et ne juge rien\u00a0\u00bb<\/em> Gary Douglas<\/p>\t\t\t\t\t\t\t\t<\/div>\n\t\t\t\t<\/div>\n\t\t\t\t\t<\/div>\n\t\t<\/div>\n\t\t\t\t\t<\/div>\n\t\t<\/section>\n\t\t\t\t\t<\/div>\n\t\t<\/div>\n\t\t\t\t\t<\/div>\n\t\t<\/section>\n\t\t\t\t<section class=\"elementor-section elementor-top-section elementor-element elementor-element-d7cd433 elementor-section-boxed elementor-section-height-default elementor-section-height-default\" data-id=\"d7cd433\" data-element_type=\"section\">\n\t\t\t\t\t\t<div class=\"elementor-container elementor-column-gap-default\">\n\t\t\t\t\t<div class=\"elementor-column elementor-col-100 elementor-top-column elementor-element elementor-element-f5b66d7\" data-id=\"f5b66d7\" data-element_type=\"column\">\n\t\t\t<div class=\"elementor-widget-wrap elementor-element-populated\">\n\t\t\t\t\t\t<div class=\"elementor-element elementor-element-fc3c42b elementor-widget elementor-widget-text-editor\" data-id=\"fc3c42b\" data-element_type=\"widget\" data-widget_type=\"text-editor.default\">\n\t\t\t\t<div class=\"elementor-widget-container\">\n\t\t\t\t\t\t\t\t\t<p style=\"text-align: left;\"><em>Les techniques propos\u00e9es ici ne se substituent pas au traitement et diagnostic m\u00e9dical. Consulter votre m\u00e9decin.<\/em>\u00a0<\/p>\t\t\t\t\t\t\t\t<\/div>\n\t\t\t\t<\/div>\n\t\t\t\t\t<\/div>\n\t\t<\/div>\n\t\t\t\t\t<\/div>\n\t\t<\/section>\n\t\t\t\t<\/div>\n\t\t","protected":false},"excerpt":{"rendered":"<p>Access Bars\u00ae Et s&rsquo;il \u00e9tait possible d&rsquo;arr\u00eater ces pens\u00e9es incessantes? Et si vous pouviez reconnecter cet espace d&rsquo;\u00eatre au-del\u00e0 de votre mental? Je suis praticienne et facilitatrice (formatrice) Access Bars.Les Access Bars sont 32 points sur la t\u00eate, qui touch\u00e9s de fa\u00e7on l\u00e9g\u00e8re, modifient vos ondes c\u00e9r\u00e9brales en les r\u00e9harmonisant . Notre cerveau est litt\u00e9ralement [&hellip;]<\/p>\n","protected":false},"author":1,"featured_media":0,"parent":70,"menu_order":0,"comment_status":"closed","ping_status":"closed","template":"elementor_header_footer","meta":{"footnotes":""},"class_list":["post-32","page","type-page","status-publish","hentry","entry"],"yoast_head":"<!-- This site is optimized with the Yoast SEO plugin v26.1.1 - https:\/\/yoast.com\/wordpress\/plugins\/seo\/ -->\n<title>Access Bars\u00ae -<\/title>\n<meta name=\"robots\" content=\"index, follow, max-snippet:-1, max-image-preview:large, max-video-preview:-1\" \/>\n<link rel=\"canonical\" href=\"https:\/\/anneflorencevandenperre.com\/?page_id=32\" \/>\n<meta property=\"og:locale\" content=\"fr_FR\" \/>\n<meta property=\"og:type\" content=\"article\" \/>\n<meta property=\"og:title\" content=\"Access Bars\u00ae -\" \/>\n<meta property=\"og:description\" content=\"Access Bars\u00ae Et s&rsquo;il \u00e9tait possible d&rsquo;arr\u00eater ces pens\u00e9es incessantes? Et si vous pouviez reconnecter cet espace d&rsquo;\u00eatre au-del\u00e0 de votre mental? Je suis praticienne et facilitatrice (formatrice) Access Bars.Les Access Bars sont 32 points sur la t\u00eate, qui touch\u00e9s de fa\u00e7on l\u00e9g\u00e8re, modifient vos ondes c\u00e9r\u00e9brales en les r\u00e9harmonisant . Notre cerveau est litt\u00e9ralement [&hellip;]\" \/>\n<meta property=\"og:url\" content=\"https:\/\/anneflorencevandenperre.com\/?page_id=32\" \/>\n<meta property=\"article:publisher\" content=\"https:\/\/www.facebook.com\/anneflorence.vandenperre\" \/>\n<meta property=\"article:modified_time\" content=\"2026-02-06T11:03:30+00:00\" \/>\n<meta name=\"twitter:card\" content=\"summary_large_image\" \/>\n<meta name=\"twitter:label1\" content=\"Dur\u00e9e de lecture estim\u00e9e\" \/>\n\t<meta name=\"twitter:data1\" content=\"3 minutes\" \/>\n<script type=\"application\/ld+json\" class=\"yoast-schema-graph\">{\"@context\":\"https:\/\/schema.org\",\"@graph\":[{\"@type\":\"WebPage\",\"@id\":\"https:\/\/anneflorencevandenperre.com\/?page_id=32\",\"url\":\"https:\/\/anneflorencevandenperre.com\/?page_id=32\",\"name\":\"Access Bars\u00ae -\",\"isPartOf\":{\"@id\":\"https:\/\/anneflorencevandenperre.com\/#website\"},\"datePublished\":\"2021-02-07T15:02:41+00:00\",\"dateModified\":\"2026-02-06T11:03:30+00:00\",\"breadcrumb\":{\"@id\":\"https:\/\/anneflorencevandenperre.com\/?page_id=32#breadcrumb\"},\"inLanguage\":\"fr-FR\",\"potentialAction\":[{\"@type\":\"ReadAction\",\"target\":[\"https:\/\/anneflorencevandenperre.com\/?page_id=32\"]}]},{\"@type\":\"BreadcrumbList\",\"@id\":\"https:\/\/anneflorencevandenperre.com\/?page_id=32#breadcrumb\",\"itemListElement\":[{\"@type\":\"ListItem\",\"position\":1,\"name\":\"Accueil\",\"item\":\"https:\/\/anneflorencevandenperre.com\/\"},{\"@type\":\"ListItem\",\"position\":2,\"name\":\"Access Bars\u00ae\"}]},{\"@type\":\"WebSite\",\"@id\":\"https:\/\/anneflorencevandenperre.com\/#website\",\"url\":\"https:\/\/anneflorencevandenperre.com\/\",\"name\":\"\",\"description\":\"Accompagnatrice et Facilitatrice de Vie\",\"potentialAction\":[{\"@type\":\"SearchAction\",\"target\":{\"@type\":\"EntryPoint\",\"urlTemplate\":\"https:\/\/anneflorencevandenperre.com\/?s={search_term_string}\"},\"query-input\":{\"@type\":\"PropertyValueSpecification\",\"valueRequired\":true,\"valueName\":\"search_term_string\"}}],\"inLanguage\":\"fr-FR\"}]}<\/script>\n<!-- \/ Yoast SEO plugin. -->","yoast_head_json":{"title":"Access Bars\u00ae -","robots":{"index":"index","follow":"follow","max-snippet":"max-snippet:-1","max-image-preview":"max-image-preview:large","max-video-preview":"max-video-preview:-1"},"canonical":"https:\/\/anneflorencevandenperre.com\/?page_id=32","og_locale":"fr_FR","og_type":"article","og_title":"Access Bars\u00ae -","og_description":"Access Bars\u00ae Et s&rsquo;il \u00e9tait possible d&rsquo;arr\u00eater ces pens\u00e9es incessantes? Et si vous pouviez reconnecter cet espace d&rsquo;\u00eatre au-del\u00e0 de votre mental? Je suis praticienne et facilitatrice (formatrice) Access Bars.Les Access Bars sont 32 points sur la t\u00eate, qui touch\u00e9s de fa\u00e7on l\u00e9g\u00e8re, modifient vos ondes c\u00e9r\u00e9brales en les r\u00e9harmonisant . Notre cerveau est litt\u00e9ralement [&hellip;]","og_url":"https:\/\/anneflorencevandenperre.com\/?page_id=32","article_publisher":"https:\/\/www.facebook.com\/anneflorence.vandenperre","article_modified_time":"2026-02-06T11:03:30+00:00","twitter_card":"summary_large_image","twitter_misc":{"Dur\u00e9e de lecture estim\u00e9e":"3 minutes"},"schema":{"@context":"https:\/\/schema.org","@graph":[{"@type":"WebPage","@id":"https:\/\/anneflorencevandenperre.com\/?page_id=32","url":"https:\/\/anneflorencevandenperre.com\/?page_id=32","name":"Access Bars\u00ae -","isPartOf":{"@id":"https:\/\/anneflorencevandenperre.com\/#website"},"datePublished":"2021-02-07T15:02:41+00:00","dateModified":"2026-02-06T11:03:30+00:00","breadcrumb":{"@id":"https:\/\/anneflorencevandenperre.com\/?page_id=32#breadcrumb"},"inLanguage":"fr-FR","potentialAction":[{"@type":"ReadAction","target":["https:\/\/anneflorencevandenperre.com\/?page_id=32"]}]},{"@type":"BreadcrumbList","@id":"https:\/\/anneflorencevandenperre.com\/?page_id=32#breadcrumb","itemListElement":[{"@type":"ListItem","position":1,"name":"Accueil","item":"https:\/\/anneflorencevandenperre.com\/"},{"@type":"ListItem","position":2,"name":"Access Bars\u00ae"}]},{"@type":"WebSite","@id":"https:\/\/anneflorencevandenperre.com\/#website","url":"https:\/\/anneflorencevandenperre.com\/","name":"","description":"Accompagnatrice et Facilitatrice de Vie","potentialAction":[{"@type":"SearchAction","target":{"@type":"EntryPoint","urlTemplate":"https:\/\/anneflorencevandenperre.com\/?s={search_term_string}"},"query-input":{"@type":"PropertyValueSpecification","valueRequired":true,"valueName":"search_term_string"}}],"inLanguage":"fr-FR"}]}},"_links":{"self":[{"href":"https:\/\/anneflorencevandenperre.com\/index.php?rest_route=\/wp\/v2\/pages\/32","targetHints":{"allow":["GET"]}}],"collection":[{"href":"https:\/\/anneflorencevandenperre.com\/index.php?rest_route=\/wp\/v2\/pages"}],"about":[{"href":"https:\/\/anneflorencevandenperre.com\/index.php?rest_route=\/wp\/v2\/types\/page"}],"author":[{"embeddable":true,"href":"https:\/\/anneflorencevandenperre.com\/index.php?rest_route=\/wp\/v2\/users\/1"}],"replies":[{"embeddable":true,"href":"https:\/\/anneflorencevandenperre.com\/index.php?rest_route=%2Fwp%2Fv2%2Fcomments&post=32"}],"version-history":[{"count":0,"href":"https:\/\/anneflorencevandenperre.com\/index.php?rest_route=\/wp\/v2\/pages\/32\/revisions"}],"up":[{"embeddable":true,"href":"https:\/\/anneflorencevandenperre.com\/index.php?rest_route=\/"}],"wp:attachment":[{"href":"https:\/\/anneflorencevandenperre.com\/index.php?rest_route=%2Fwp%2Fv2%2Fmedia&parent=32"}],"curies":[{"name":"wp","href":"https:\/\/api.w.org\/{rel}","templated":true}]}}