{"id":3314,"date":"2021-08-11T17:33:48","date_gmt":"2021-08-11T15:33:48","guid":{"rendered":"https:\/\/anneflorencevandenperre.com\/?page_id=3314"},"modified":"2026-02-06T12:05:04","modified_gmt":"2026-02-06T11:05:04","slug":"processus-corporels","status":"publish","type":"page","link":"https:\/\/anneflorencevandenperre.com\/?page_id=3314","title":{"rendered":"Processus \u00c9nerg\u00e9tiques corporels AC"},"content":{"rendered":"\t\t<div data-elementor-type=\"wp-page\" data-elementor-id=\"3314\" class=\"elementor elementor-3314\">\n\t\t\t\t\t\t<section class=\"elementor-section elementor-top-section elementor-element elementor-element-3b3c1b3e elementor-section-boxed elementor-section-height-default elementor-section-height-default\" data-id=\"3b3c1b3e\" data-element_type=\"section\" data-settings=\"{&quot;background_background&quot;:&quot;classic&quot;}\">\n\t\t\t\t\t\t<div class=\"elementor-container elementor-column-gap-default\">\n\t\t\t\t\t<div class=\"elementor-column elementor-col-50 elementor-top-column elementor-element elementor-element-487c1a44\" data-id=\"487c1a44\" data-element_type=\"column\">\n\t\t\t<div class=\"elementor-widget-wrap elementor-element-populated\">\n\t\t\t\t\t\t<div class=\"elementor-element elementor-element-6c15cca8 elementor-widget elementor-widget-spacer\" data-id=\"6c15cca8\" data-element_type=\"widget\" data-widget_type=\"spacer.default\">\n\t\t\t\t<div class=\"elementor-widget-container\">\n\t\t\t\t\t\t\t<div class=\"elementor-spacer\">\n\t\t\t<div class=\"elementor-spacer-inner\"><\/div>\n\t\t<\/div>\n\t\t\t\t\t\t<\/div>\n\t\t\t\t<\/div>\n\t\t\t\t<div class=\"elementor-element elementor-element-6cd21939 elementor-widget-tablet__width-initial elementor-invisible elementor-widget elementor-widget-heading\" data-id=\"6cd21939\" data-element_type=\"widget\" data-settings=\"{&quot;_animation&quot;:&quot;fadeIn&quot;,&quot;_animation_delay&quot;:500}\" data-widget_type=\"heading.default\">\n\t\t\t\t<div class=\"elementor-widget-container\">\n\t\t\t\t\t<h1 class=\"elementor-heading-title elementor-size-xxl\">Processus \u00e9nerg\u00e9tiques corporels\nACCESS CONSCIOUSNESS<\/h1>\t\t\t\t<\/div>\n\t\t\t\t<\/div>\n\t\t\t\t<div class=\"elementor-element elementor-element-244158fa elementor-widget elementor-widget-spacer\" data-id=\"244158fa\" data-element_type=\"widget\" data-widget_type=\"spacer.default\">\n\t\t\t\t<div class=\"elementor-widget-container\">\n\t\t\t\t\t\t\t<div class=\"elementor-spacer\">\n\t\t\t<div class=\"elementor-spacer-inner\"><\/div>\n\t\t<\/div>\n\t\t\t\t\t\t<\/div>\n\t\t\t\t<\/div>\n\t\t\t\t\t<\/div>\n\t\t<\/div>\n\t\t\t\t<div class=\"elementor-column elementor-col-50 elementor-top-column elementor-element elementor-element-59993ff9\" data-id=\"59993ff9\" data-element_type=\"column\">\n\t\t\t<div class=\"elementor-widget-wrap\">\n\t\t\t\t\t\t\t<\/div>\n\t\t<\/div>\n\t\t\t\t\t<\/div>\n\t\t<\/section>\n\t\t\t\t<section class=\"elementor-section elementor-top-section elementor-element elementor-element-3de50fd elementor-section-boxed elementor-section-height-default elementor-section-height-default\" data-id=\"3de50fd\" data-element_type=\"section\" data-settings=\"{&quot;background_background&quot;:&quot;classic&quot;}\">\n\t\t\t\t\t\t\t<div class=\"elementor-background-overlay\"><\/div>\n\t\t\t\t\t\t\t<div class=\"elementor-container elementor-column-gap-no\">\n\t\t\t\t\t<div class=\"elementor-column elementor-col-100 elementor-top-column elementor-element elementor-element-fbe5304\" data-id=\"fbe5304\" data-element_type=\"column\">\n\t\t\t<div class=\"elementor-widget-wrap elementor-element-populated\">\n\t\t\t\t\t\t<section class=\"elementor-section elementor-inner-section elementor-element elementor-element-c235320 elementor-section-boxed elementor-section-height-default elementor-section-height-default\" data-id=\"c235320\" data-element_type=\"section\">\n\t\t\t\t\t\t<div class=\"elementor-container elementor-column-gap-no\">\n\t\t\t\t\t<div class=\"elementor-column elementor-col-100 elementor-inner-column elementor-element elementor-element-2f3a6c2\" data-id=\"2f3a6c2\" data-element_type=\"column\">\n\t\t\t<div class=\"elementor-widget-wrap elementor-element-populated\">\n\t\t\t\t\t\t<div class=\"elementor-element elementor-element-4a1ed34 elementor-widget elementor-widget-text-editor\" data-id=\"4a1ed34\" data-element_type=\"widget\" data-widget_type=\"text-editor.default\">\n\t\t\t\t<div class=\"elementor-widget-container\">\n\t\t\t\t\t\t\t\t\t<p><em>Et si votre corps abritait bien plus de possibilit\u00e9s que vous ne l&rsquo;imaginiez?<\/em><\/p><p><em>Et si nos corps \u00e9taient avant tout \u00e9nerg\u00e9tique et qu&rsquo;il fallait lui parler ce language?<\/em><\/p>\t\t\t\t\t\t\t\t<\/div>\n\t\t\t\t<\/div>\n\t\t\t\t\t<\/div>\n\t\t<\/div>\n\t\t\t\t\t<\/div>\n\t\t<\/section>\n\t\t\t\t\t<\/div>\n\t\t<\/div>\n\t\t\t\t\t<\/div>\n\t\t<\/section>\n\t\t\t\t<section class=\"elementor-section elementor-top-section elementor-element elementor-element-5f7e1714 elementor-section-stretched elementor-section-full_width elementor-section-height-default elementor-section-height-default\" data-id=\"5f7e1714\" data-element_type=\"section\" data-settings=\"{&quot;background_background&quot;:&quot;classic&quot;,&quot;stretch_section&quot;:&quot;section-stretched&quot;}\">\n\t\t\t\t\t\t\t<div class=\"elementor-background-overlay\"><\/div>\n\t\t\t\t\t\t\t<div class=\"elementor-container elementor-column-gap-no\">\n\t\t\t\t\t<div class=\"elementor-column elementor-col-100 elementor-top-column elementor-element elementor-element-5659c067\" data-id=\"5659c067\" data-element_type=\"column\">\n\t\t\t<div class=\"elementor-widget-wrap elementor-element-populated\">\n\t\t\t\t\t\t<section class=\"elementor-section elementor-inner-section elementor-element elementor-element-ad6b56a elementor-section-content-middle elementor-section-full_width elementor-section-height-default elementor-section-height-default elementor-invisible\" data-id=\"ad6b56a\" data-element_type=\"section\" data-settings=\"{&quot;animation&quot;:&quot;fadeIn&quot;}\">\n\t\t\t\t\t\t<div class=\"elementor-container elementor-column-gap-wider\">\n\t\t\t\t\t<div class=\"elementor-column elementor-col-50 elementor-inner-column elementor-element elementor-element-3701ad89\" data-id=\"3701ad89\" data-element_type=\"column\" data-settings=\"{&quot;background_background&quot;:&quot;classic&quot;}\">\n\t\t\t<div class=\"elementor-widget-wrap elementor-element-populated\">\n\t\t\t\t\t\t<div class=\"elementor-element elementor-element-26363a09 elementor-widget elementor-widget-spacer\" data-id=\"26363a09\" data-element_type=\"widget\" data-widget_type=\"spacer.default\">\n\t\t\t\t<div class=\"elementor-widget-container\">\n\t\t\t\t\t\t\t<div class=\"elementor-spacer\">\n\t\t\t<div class=\"elementor-spacer-inner\"><\/div>\n\t\t<\/div>\n\t\t\t\t\t\t<\/div>\n\t\t\t\t<\/div>\n\t\t\t\t\t<\/div>\n\t\t<\/div>\n\t\t\t\t<div class=\"elementor-column elementor-col-50 elementor-inner-column elementor-element elementor-element-7554faa1\" data-id=\"7554faa1\" data-element_type=\"column\">\n\t\t\t<div class=\"elementor-widget-wrap elementor-element-populated\">\n\t\t\t\t\t\t<div class=\"elementor-element elementor-element-220e34b2 elementor-widget elementor-widget-text-editor\" data-id=\"220e34b2\" data-element_type=\"widget\" data-widget_type=\"text-editor.default\">\n\t\t\t\t<div class=\"elementor-widget-container\">\n\t\t\t\t\t\t\t\t\t<p style=\"text-align: left;\"><em>Je suis praticienne et facilitatrice (formatrice) des processus \u00e9nerg\u00e9tiques corporels AC.<br \/><\/em> <br \/>Nous avons le grand privil\u00e8ge d\u2019avoir un corps physique et pourtant, cela n\u2019est pas toujours confortable. Il nous permet exp\u00e9rimenter le toucher, le go\u00fbt, les fragrances,\u2026courir, danser, contempler les merveilles de la terre et bien d\u2019autres. Pourtant, dans le quotidien, des limitations, des douleurs, des g\u00e8nes sont souvent au rendez-vous. C\u2019est\u00a0 n\u00e9anmoins, une grande richesse pour l\u2019\u00eatre \u00e9nerg\u00e9tique illimit\u00e9 que nous sommes de b\u00e9n\u00e9ficier d\u2019un corps et de pouvoir jouer avec toutes ses possibilit\u00e9s. <em>Avez vous envie d\u2019avoir plus d\u2019aisance avec votre corps?<\/em><\/p><p style=\"text-align: left;\">Les processus corporels \u00e9nerg\u00e9tiques Access Consciousness\u00ae sont un cadeau pour le corps et l&rsquo;\u00eatre que vous \u00eates qui viennent d\u00e9verrouiller dans votre corps ce qui est en lien avec cette r\u00e9alit\u00e9. Ils agissent \u00e0 diff\u00e9rents niveaux : immunitaire, syst\u00e9mique\/organique, psychiques (mental\/pens\u00e9es, \u00e9motions, sentiments), h\u00e9r\u00e9ditaire, le contr\u00f4le, la manipulation, le jugement, sur l&rsquo;adn\/arn &#8230;et plein d&rsquo;autres aspects. Un grand espace de paix s&rsquo;installe dans le corps et dans les corps subtils et vous commencez \u00e0 cr\u00e9er consciemment avec et votre corps.<\/p><p>Il existe plus d&rsquo;une soixantaine de processus. En s\u00e9ance individuelle, je demande \u00e0 votre corps celui qui va le plus l&rsquo;aider.\u00a0<br \/>Les formations comportent un processus par demi-journ\u00e9es\u00a0<\/p><p style=\"text-align: left;\">\u00a0<\/p>\t\t\t\t\t\t\t\t<\/div>\n\t\t\t\t<\/div>\n\t\t\t\t<div class=\"elementor-element elementor-element-ce46594 elementor-align-center elementor-widget elementor-widget-button\" data-id=\"ce46594\" data-element_type=\"widget\" data-widget_type=\"button.default\">\n\t\t\t\t<div class=\"elementor-widget-container\">\n\t\t\t\t\t\t\t\t\t<div class=\"elementor-button-wrapper\">\n\t\t\t\t\t<a class=\"elementor-button elementor-button-link elementor-size-sm\" href=\"mailto:anneflorence@anneflorencevandenperre.com\">\n\t\t\t\t\t\t<span class=\"elementor-button-content-wrapper\">\n\t\t\t\t\t\t\t\t\t<span class=\"elementor-button-text\">R\u00e9servez une s\u00e9ance<\/span>\n\t\t\t\t\t<\/span>\n\t\t\t\t\t<\/a>\n\t\t\t\t<\/div>\n\t\t\t\t\t\t\t\t<\/div>\n\t\t\t\t<\/div>\n\t\t\t\t<div class=\"elementor-element elementor-element-ad9b3df elementor-align-center elementor-widget elementor-widget-button\" data-id=\"ad9b3df\" data-element_type=\"widget\" data-widget_type=\"button.default\">\n\t\t\t\t<div class=\"elementor-widget-container\">\n\t\t\t\t\t\t\t\t\t<div class=\"elementor-button-wrapper\">\n\t\t\t\t\t<a class=\"elementor-button elementor-button-link elementor-size-sm\" href=\"https:\/\/anneflorencevandenperre.com\/?page_id=11053\" target=\"_blank\">\n\t\t\t\t\t\t<span class=\"elementor-button-content-wrapper\">\n\t\t\t\t\t\t\t\t\t<span class=\"elementor-button-text\">Devenez praticien.ne de processus corporels<\/span>\n\t\t\t\t\t<\/span>\n\t\t\t\t\t<\/a>\n\t\t\t\t<\/div>\n\t\t\t\t\t\t\t\t<\/div>\n\t\t\t\t<\/div>\n\t\t\t\t\t<\/div>\n\t\t<\/div>\n\t\t\t\t\t<\/div>\n\t\t<\/section>\n\t\t\t\t<section class=\"elementor-section elementor-inner-section elementor-element elementor-element-8b977b3 elementor-section-content-middle elementor-section-full_width elementor-reverse-tablet elementor-reverse-mobile elementor-section-height-default elementor-section-height-default elementor-invisible\" data-id=\"8b977b3\" data-element_type=\"section\" data-settings=\"{&quot;animation&quot;:&quot;fadeIn&quot;}\">\n\t\t\t\t\t\t<div class=\"elementor-container elementor-column-gap-wider\">\n\t\t\t\t\t<div class=\"elementor-column elementor-col-100 elementor-inner-column elementor-element elementor-element-1280b1f9\" data-id=\"1280b1f9\" data-element_type=\"column\">\n\t\t\t<div class=\"elementor-widget-wrap elementor-element-populated\">\n\t\t\t\t\t\t<div class=\"elementor-element elementor-element-7df9ebaf elementor-widget elementor-widget-text-editor\" data-id=\"7df9ebaf\" data-element_type=\"widget\" data-widget_type=\"text-editor.default\">\n\t\t\t\t<div class=\"elementor-widget-container\">\n\t\t\t\t\t\t\t\t\t<p style=\"text-align: left;\">Il existe pr\u00e8s de 60 processus corporels issu d\u2019Access Consciousness\u00ae. Leur puissance de transformation est surprenante. Que cela soit par rapport \u00e0 la douleur, la perte de mobilit\u00e9, certaines \u2018maladies\u2019, les \u00e9motions,\u2026 Ces processus optimisent l\u2019immunit\u00e9, ouvrent \u00e0 plus de conscience du corps et \u00e0 cr\u00e9er plus avec le corps. Ils sont choisis en fonction de ce qui va cr\u00e9er plus dans l\u2019instant de la s\u00e9ance. Permettre \u00e0 son corps de recevoir ces \u00e9nergies bienveillantes et expansives est le plus beau cadeau que vous pouvez lui faire.<\/p><p style=\"text-align: left;\">Les formations se font sur une demi-journ\u00e9e ou une journ\u00e9e compl\u00e8te suivant les processus. Ces journ\u00e9es sont aussi tout simplement un merveilleux cadeau \u00e0 faire \u00e0 son corps. <br \/>A chaque classe d&rsquo;un process, vous recevez un manuel, vous pratiquez et recevez la technique (offrir et recevoir). Un travail de nettoyage des croyances et \u00e9nergies bloqu\u00e9es et limitantes est facilit\u00e9 par moi-m\u00eame. Vous devenez praticien du processus apr\u00e8s la classe et recevez un certificat.\u00a0<\/p>\t\t\t\t\t\t\t\t<\/div>\n\t\t\t\t<\/div>\n\t\t\t\t\t<\/div>\n\t\t<\/div>\n\t\t\t\t\t<\/div>\n\t\t<\/section>\n\t\t\t\t\t<\/div>\n\t\t<\/div>\n\t\t\t\t\t<\/div>\n\t\t<\/section>\n\t\t\t\t<section class=\"elementor-section elementor-top-section elementor-element elementor-element-d58fdfe elementor-section-boxed elementor-section-height-default elementor-section-height-default\" data-id=\"d58fdfe\" data-element_type=\"section\">\n\t\t\t\t\t\t<div class=\"elementor-container elementor-column-gap-default\">\n\t\t\t\t\t<div class=\"elementor-column elementor-col-100 elementor-top-column elementor-element elementor-element-4e65778\" data-id=\"4e65778\" data-element_type=\"column\">\n\t\t\t<div class=\"elementor-widget-wrap elementor-element-populated\">\n\t\t\t\t\t\t<div class=\"elementor-element elementor-element-7490ab7 elementor-widget__width-inherit elementor-widget elementor-widget-video\" data-id=\"7490ab7\" data-element_type=\"widget\" data-settings=\"{&quot;youtube_url&quot;:&quot;https:\\\/\\\/youtu.be\\\/NnNk6DwW0vU&quot;,&quot;autoplay&quot;:&quot;yes&quot;,&quot;play_on_mobile&quot;:&quot;yes&quot;,&quot;video_type&quot;:&quot;youtube&quot;,&quot;controls&quot;:&quot;yes&quot;}\" data-widget_type=\"video.default\">\n\t\t\t\t<div class=\"elementor-widget-container\">\n\t\t\t\t\t\t\t<div class=\"elementor-wrapper elementor-open-inline\">\n\t\t\t<div class=\"elementor-video\"><\/div>\t\t<\/div>\n\t\t\t\t\t\t<\/div>\n\t\t\t\t<\/div>\n\t\t\t\t\t<\/div>\n\t\t<\/div>\n\t\t\t\t\t<\/div>\n\t\t<\/section>\n\t\t\t\t<section class=\"elementor-section elementor-top-section elementor-element elementor-element-7cc452f8 elementor-section-boxed elementor-section-height-default elementor-section-height-default\" data-id=\"7cc452f8\" data-element_type=\"section\" data-settings=\"{&quot;background_background&quot;:&quot;classic&quot;}\">\n\t\t\t\t\t\t\t<div class=\"elementor-background-overlay\"><\/div>\n\t\t\t\t\t\t\t<div class=\"elementor-container elementor-column-gap-no\">\n\t\t\t\t\t<div class=\"elementor-column elementor-col-100 elementor-top-column elementor-element elementor-element-75cb91c6\" data-id=\"75cb91c6\" data-element_type=\"column\">\n\t\t\t<div class=\"elementor-widget-wrap elementor-element-populated\">\n\t\t\t\t\t\t<section class=\"elementor-section elementor-inner-section elementor-element elementor-element-6e7ce231 elementor-section-boxed elementor-section-height-default elementor-section-height-default\" data-id=\"6e7ce231\" data-element_type=\"section\">\n\t\t\t\t\t\t<div class=\"elementor-container elementor-column-gap-no\">\n\t\t\t\t\t<div class=\"elementor-column elementor-col-100 elementor-inner-column elementor-element elementor-element-44a850a8\" data-id=\"44a850a8\" data-element_type=\"column\">\n\t\t\t<div class=\"elementor-widget-wrap elementor-element-populated\">\n\t\t\t\t\t\t<div class=\"elementor-element elementor-element-20ec55ff elementor-widget elementor-widget-text-editor\" data-id=\"20ec55ff\" data-element_type=\"widget\" data-widget_type=\"text-editor.default\">\n\t\t\t\t<div class=\"elementor-widget-container\">\n\t\t\t\t\t\t\t\t\t<p><em>\u00ab\u00a0Sois le changement que tu veux voir dans le monde\u00a0\u00bb Nelson Mandela<\/em><\/p><p><em>\u00ab\u00a0Tout de la vie me vient avec aisance, joie et gloire<\/em>\u00a0\u00bb Gary Douglas<\/p><p><em>\u00ab\u00a0La conscience inclut tout et ne juge rien\u00a0\u00bb<\/em> Gary Douglas<\/p>\t\t\t\t\t\t\t\t<\/div>\n\t\t\t\t<\/div>\n\t\t\t\t\t<\/div>\n\t\t<\/div>\n\t\t\t\t\t<\/div>\n\t\t<\/section>\n\t\t\t\t\t<\/div>\n\t\t<\/div>\n\t\t\t\t\t<\/div>\n\t\t<\/section>\n\t\t\t\t<\/div>\n\t\t","protected":false},"excerpt":{"rendered":"<p>Processus \u00e9nerg\u00e9tiques corporels ACCESS CONSCIOUSNESS Et si votre corps abritait bien plus de possibilit\u00e9s que vous ne l&rsquo;imaginiez? Et si nos corps \u00e9taient avant tout \u00e9nerg\u00e9tique et qu&rsquo;il fallait lui parler ce language? Je suis praticienne et facilitatrice (formatrice) des processus \u00e9nerg\u00e9tiques corporels AC. Nous avons le grand privil\u00e8ge d\u2019avoir un corps physique et pourtant, [&hellip;]<\/p>\n","protected":false},"author":1,"featured_media":0,"parent":70,"menu_order":0,"comment_status":"closed","ping_status":"closed","template":"elementor_header_footer","meta":{"footnotes":""},"class_list":["post-3314","page","type-page","status-publish","hentry","entry"],"yoast_head":"<!-- This site is optimized with the Yoast SEO plugin v26.1.1 - https:\/\/yoast.com\/wordpress\/plugins\/seo\/ -->\n<title>Processus \u00c9nerg\u00e9tiques corporels AC -<\/title>\n<meta name=\"robots\" content=\"index, follow, max-snippet:-1, max-image-preview:large, max-video-preview:-1\" \/>\n<link rel=\"canonical\" href=\"https:\/\/anneflorencevandenperre.com\/?page_id=3314\" \/>\n<meta property=\"og:locale\" content=\"fr_FR\" \/>\n<meta property=\"og:type\" content=\"article\" \/>\n<meta property=\"og:title\" content=\"Processus \u00c9nerg\u00e9tiques corporels AC -\" \/>\n<meta property=\"og:description\" content=\"Processus \u00e9nerg\u00e9tiques corporels ACCESS CONSCIOUSNESS Et si votre corps abritait bien plus de possibilit\u00e9s que vous ne l&rsquo;imaginiez? Et si nos corps \u00e9taient avant tout \u00e9nerg\u00e9tique et qu&rsquo;il fallait lui parler ce language? Je suis praticienne et facilitatrice (formatrice) des processus \u00e9nerg\u00e9tiques corporels AC. Nous avons le grand privil\u00e8ge d\u2019avoir un corps physique et pourtant, [&hellip;]\" \/>\n<meta property=\"og:url\" content=\"https:\/\/anneflorencevandenperre.com\/?page_id=3314\" \/>\n<meta property=\"article:publisher\" content=\"https:\/\/www.facebook.com\/anneflorence.vandenperre\" \/>\n<meta property=\"article:modified_time\" content=\"2026-02-06T11:05:04+00:00\" \/>\n<meta name=\"twitter:card\" content=\"summary_large_image\" \/>\n<meta name=\"twitter:label1\" content=\"Dur\u00e9e de lecture estim\u00e9e\" \/>\n\t<meta name=\"twitter:data1\" content=\"3 minutes\" \/>\n<script type=\"application\/ld+json\" class=\"yoast-schema-graph\">{\"@context\":\"https:\/\/schema.org\",\"@graph\":[{\"@type\":\"WebPage\",\"@id\":\"https:\/\/anneflorencevandenperre.com\/?page_id=3314\",\"url\":\"https:\/\/anneflorencevandenperre.com\/?page_id=3314\",\"name\":\"Processus \u00c9nerg\u00e9tiques corporels AC -\",\"isPartOf\":{\"@id\":\"https:\/\/anneflorencevandenperre.com\/#website\"},\"datePublished\":\"2021-08-11T15:33:48+00:00\",\"dateModified\":\"2026-02-06T11:05:04+00:00\",\"breadcrumb\":{\"@id\":\"https:\/\/anneflorencevandenperre.com\/?page_id=3314#breadcrumb\"},\"inLanguage\":\"fr-FR\",\"potentialAction\":[{\"@type\":\"ReadAction\",\"target\":[\"https:\/\/anneflorencevandenperre.com\/?page_id=3314\"]}]},{\"@type\":\"BreadcrumbList\",\"@id\":\"https:\/\/anneflorencevandenperre.com\/?page_id=3314#breadcrumb\",\"itemListElement\":[{\"@type\":\"ListItem\",\"position\":1,\"name\":\"Accueil\",\"item\":\"https:\/\/anneflorencevandenperre.com\/\"},{\"@type\":\"ListItem\",\"position\":2,\"name\":\"Processus \u00c9nerg\u00e9tiques corporels AC\"}]},{\"@type\":\"WebSite\",\"@id\":\"https:\/\/anneflorencevandenperre.com\/#website\",\"url\":\"https:\/\/anneflorencevandenperre.com\/\",\"name\":\"\",\"description\":\"Accompagnatrice et Facilitatrice de Vie\",\"potentialAction\":[{\"@type\":\"SearchAction\",\"target\":{\"@type\":\"EntryPoint\",\"urlTemplate\":\"https:\/\/anneflorencevandenperre.com\/?s={search_term_string}\"},\"query-input\":{\"@type\":\"PropertyValueSpecification\",\"valueRequired\":true,\"valueName\":\"search_term_string\"}}],\"inLanguage\":\"fr-FR\"}]}<\/script>\n<!-- \/ Yoast SEO plugin. -->","yoast_head_json":{"title":"Processus \u00c9nerg\u00e9tiques corporels AC -","robots":{"index":"index","follow":"follow","max-snippet":"max-snippet:-1","max-image-preview":"max-image-preview:large","max-video-preview":"max-video-preview:-1"},"canonical":"https:\/\/anneflorencevandenperre.com\/?page_id=3314","og_locale":"fr_FR","og_type":"article","og_title":"Processus \u00c9nerg\u00e9tiques corporels AC -","og_description":"Processus \u00e9nerg\u00e9tiques corporels ACCESS CONSCIOUSNESS Et si votre corps abritait bien plus de possibilit\u00e9s que vous ne l&rsquo;imaginiez? Et si nos corps \u00e9taient avant tout \u00e9nerg\u00e9tique et qu&rsquo;il fallait lui parler ce language? Je suis praticienne et facilitatrice (formatrice) des processus \u00e9nerg\u00e9tiques corporels AC. Nous avons le grand privil\u00e8ge d\u2019avoir un corps physique et pourtant, [&hellip;]","og_url":"https:\/\/anneflorencevandenperre.com\/?page_id=3314","article_publisher":"https:\/\/www.facebook.com\/anneflorence.vandenperre","article_modified_time":"2026-02-06T11:05:04+00:00","twitter_card":"summary_large_image","twitter_misc":{"Dur\u00e9e de lecture estim\u00e9e":"3 minutes"},"schema":{"@context":"https:\/\/schema.org","@graph":[{"@type":"WebPage","@id":"https:\/\/anneflorencevandenperre.com\/?page_id=3314","url":"https:\/\/anneflorencevandenperre.com\/?page_id=3314","name":"Processus \u00c9nerg\u00e9tiques corporels AC -","isPartOf":{"@id":"https:\/\/anneflorencevandenperre.com\/#website"},"datePublished":"2021-08-11T15:33:48+00:00","dateModified":"2026-02-06T11:05:04+00:00","breadcrumb":{"@id":"https:\/\/anneflorencevandenperre.com\/?page_id=3314#breadcrumb"},"inLanguage":"fr-FR","potentialAction":[{"@type":"ReadAction","target":["https:\/\/anneflorencevandenperre.com\/?page_id=3314"]}]},{"@type":"BreadcrumbList","@id":"https:\/\/anneflorencevandenperre.com\/?page_id=3314#breadcrumb","itemListElement":[{"@type":"ListItem","position":1,"name":"Accueil","item":"https:\/\/anneflorencevandenperre.com\/"},{"@type":"ListItem","position":2,"name":"Processus \u00c9nerg\u00e9tiques corporels AC"}]},{"@type":"WebSite","@id":"https:\/\/anneflorencevandenperre.com\/#website","url":"https:\/\/anneflorencevandenperre.com\/","name":"","description":"Accompagnatrice et Facilitatrice de Vie","potentialAction":[{"@type":"SearchAction","target":{"@type":"EntryPoint","urlTemplate":"https:\/\/anneflorencevandenperre.com\/?s={search_term_string}"},"query-input":{"@type":"PropertyValueSpecification","valueRequired":true,"valueName":"search_term_string"}}],"inLanguage":"fr-FR"}]}},"_links":{"self":[{"href":"https:\/\/anneflorencevandenperre.com\/index.php?rest_route=\/wp\/v2\/pages\/3314","targetHints":{"allow":["GET"]}}],"collection":[{"href":"https:\/\/anneflorencevandenperre.com\/index.php?rest_route=\/wp\/v2\/pages"}],"about":[{"href":"https:\/\/anneflorencevandenperre.com\/index.php?rest_route=\/wp\/v2\/types\/page"}],"author":[{"embeddable":true,"href":"https:\/\/anneflorencevandenperre.com\/index.php?rest_route=\/wp\/v2\/users\/1"}],"replies":[{"embeddable":true,"href":"https:\/\/anneflorencevandenperre.com\/index.php?rest_route=%2Fwp%2Fv2%2Fcomments&post=3314"}],"version-history":[{"count":0,"href":"https:\/\/anneflorencevandenperre.com\/index.php?rest_route=\/wp\/v2\/pages\/3314\/revisions"}],"up":[{"embeddable":true,"href":"https:\/\/anneflorencevandenperre.com\/index.php?rest_route=\/"}],"wp:attachment":[{"href":"https:\/\/anneflorencevandenperre.com\/index.php?rest_route=%2Fwp%2Fv2%2Fmedia&parent=3314"}],"curies":[{"name":"wp","href":"https:\/\/api.w.org\/{rel}","templated":true}]}}