{"id":426,"date":"2021-03-29T20:54:41","date_gmt":"2021-03-29T18:54:41","guid":{"rendered":"http:\/\/anneflorencevandenperre.com\/?page_id=426"},"modified":"2026-03-06T22:20:41","modified_gmt":"2026-03-06T21:20:41","slug":"esse-energetic-synthesis-of-structural-embodiment","status":"publish","type":"page","link":"https:\/\/anneflorencevandenperre.com\/?page_id=426","title":{"rendered":"Fasciath\u00e9rapie &#8211; Ost\u00e9opathie"},"content":{"rendered":"\t\t<div data-elementor-type=\"wp-page\" data-elementor-id=\"426\" class=\"elementor elementor-426\">\n\t\t\t\t\t\t<section class=\"elementor-section elementor-top-section elementor-element elementor-element-2ca2a71 elementor-section-boxed elementor-section-height-default elementor-section-height-default\" data-id=\"2ca2a71\" data-element_type=\"section\" data-settings=\"{&quot;background_background&quot;:&quot;classic&quot;}\">\n\t\t\t\t\t\t<div class=\"elementor-container elementor-column-gap-default\">\n\t\t\t\t\t<div class=\"elementor-column elementor-col-50 elementor-top-column elementor-element elementor-element-549f5d0c\" data-id=\"549f5d0c\" data-element_type=\"column\">\n\t\t\t<div class=\"elementor-widget-wrap elementor-element-populated\">\n\t\t\t\t\t\t<div class=\"elementor-element elementor-element-59f6022c elementor-widget elementor-widget-spacer\" data-id=\"59f6022c\" data-element_type=\"widget\" data-widget_type=\"spacer.default\">\n\t\t\t\t<div class=\"elementor-widget-container\">\n\t\t\t\t\t\t\t<div class=\"elementor-spacer\">\n\t\t\t<div class=\"elementor-spacer-inner\"><\/div>\n\t\t<\/div>\n\t\t\t\t\t\t<\/div>\n\t\t\t\t<\/div>\n\t\t\t\t<div class=\"elementor-element elementor-element-66e55dbc elementor-widget-tablet__width-initial elementor-invisible elementor-widget elementor-widget-heading\" data-id=\"66e55dbc\" data-element_type=\"widget\" data-settings=\"{&quot;_animation&quot;:&quot;fadeIn&quot;,&quot;_animation_delay&quot;:500}\" data-widget_type=\"heading.default\">\n\t\t\t\t<div class=\"elementor-widget-container\">\n\t\t\t\t\t<h1 class=\"elementor-heading-title elementor-size-xxl\">Fasciath\u00e9rapie \u2013 Ost\u00e9opathie<\/h1>\t\t\t\t<\/div>\n\t\t\t\t<\/div>\n\t\t\t\t<div class=\"elementor-element elementor-element-3ced434c elementor-widget elementor-widget-spacer\" data-id=\"3ced434c\" data-element_type=\"widget\" data-widget_type=\"spacer.default\">\n\t\t\t\t<div class=\"elementor-widget-container\">\n\t\t\t\t\t\t\t<div class=\"elementor-spacer\">\n\t\t\t<div class=\"elementor-spacer-inner\"><\/div>\n\t\t<\/div>\n\t\t\t\t\t\t<\/div>\n\t\t\t\t<\/div>\n\t\t\t\t\t<\/div>\n\t\t<\/div>\n\t\t\t\t<div class=\"elementor-column elementor-col-50 elementor-top-column elementor-element elementor-element-1bb0bbbc\" data-id=\"1bb0bbbc\" data-element_type=\"column\">\n\t\t\t<div class=\"elementor-widget-wrap\">\n\t\t\t\t\t\t\t<\/div>\n\t\t<\/div>\n\t\t\t\t\t<\/div>\n\t\t<\/section>\n\t\t\t\t<section class=\"elementor-section elementor-top-section elementor-element elementor-element-bd8839f elementor-section-boxed elementor-section-height-default elementor-section-height-default\" data-id=\"bd8839f\" data-element_type=\"section\" data-settings=\"{&quot;background_background&quot;:&quot;classic&quot;}\">\n\t\t\t\t\t\t\t<div class=\"elementor-background-overlay\"><\/div>\n\t\t\t\t\t\t\t<div class=\"elementor-container elementor-column-gap-no\">\n\t\t\t\t\t<div class=\"elementor-column elementor-col-100 elementor-top-column elementor-element elementor-element-85be34d\" data-id=\"85be34d\" data-element_type=\"column\">\n\t\t\t<div class=\"elementor-widget-wrap elementor-element-populated\">\n\t\t\t\t\t\t<section class=\"elementor-section elementor-inner-section elementor-element elementor-element-7d9df88 elementor-section-boxed elementor-section-height-default elementor-section-height-default\" data-id=\"7d9df88\" data-element_type=\"section\">\n\t\t\t\t\t\t<div class=\"elementor-container elementor-column-gap-no\">\n\t\t\t\t\t<div class=\"elementor-column elementor-col-100 elementor-inner-column elementor-element elementor-element-ed5c3c2\" data-id=\"ed5c3c2\" data-element_type=\"column\">\n\t\t\t<div class=\"elementor-widget-wrap elementor-element-populated\">\n\t\t\t\t\t\t<div class=\"elementor-element elementor-element-9862501 elementor-widget elementor-widget-text-editor\" data-id=\"9862501\" data-element_type=\"widget\" data-widget_type=\"text-editor.default\">\n\t\t\t\t<div class=\"elementor-widget-container\">\n\t\t\t\t\t\t\t\t\t<p><em>Et si votre syst\u00e8me fascial \u00e9tait la cl\u00e9 de votre sant\u00e9 et de votre bien-\u00eatre ?<\/em><br \/><em>Et si il \u00e9tait temps de le reconnecter en conscience ?<\/em><\/p>\t\t\t\t\t\t\t\t<\/div>\n\t\t\t\t<\/div>\n\t\t\t\t\t<\/div>\n\t\t<\/div>\n\t\t\t\t\t<\/div>\n\t\t<\/section>\n\t\t\t\t\t<\/div>\n\t\t<\/div>\n\t\t\t\t\t<\/div>\n\t\t<\/section>\n\t\t\t\t<section class=\"elementor-section elementor-top-section elementor-element elementor-element-72f862db elementor-section-stretched elementor-section-full_width elementor-section-height-default elementor-section-height-default\" data-id=\"72f862db\" data-element_type=\"section\" data-settings=\"{&quot;background_background&quot;:&quot;classic&quot;,&quot;stretch_section&quot;:&quot;section-stretched&quot;}\">\n\t\t\t\t\t\t\t<div class=\"elementor-background-overlay\"><\/div>\n\t\t\t\t\t\t\t<div class=\"elementor-container elementor-column-gap-no\">\n\t\t\t\t\t<div class=\"elementor-column elementor-col-100 elementor-top-column elementor-element elementor-element-1afe8290\" data-id=\"1afe8290\" data-element_type=\"column\">\n\t\t\t<div class=\"elementor-widget-wrap elementor-element-populated\">\n\t\t\t\t\t\t<section class=\"elementor-section elementor-inner-section elementor-element elementor-element-a1ec299 elementor-section-content-middle elementor-section-full_width elementor-section-height-default elementor-section-height-default elementor-invisible\" data-id=\"a1ec299\" data-element_type=\"section\" data-settings=\"{&quot;animation&quot;:&quot;fadeIn&quot;}\">\n\t\t\t\t\t\t<div class=\"elementor-container elementor-column-gap-wider\">\n\t\t\t\t\t<div class=\"elementor-column elementor-col-50 elementor-inner-column elementor-element elementor-element-294765ad\" data-id=\"294765ad\" data-element_type=\"column\" data-settings=\"{&quot;background_background&quot;:&quot;classic&quot;}\">\n\t\t\t<div class=\"elementor-widget-wrap elementor-element-populated\">\n\t\t\t\t\t\t<div class=\"elementor-element elementor-element-6ca1559e elementor-widget elementor-widget-spacer\" data-id=\"6ca1559e\" data-element_type=\"widget\" data-widget_type=\"spacer.default\">\n\t\t\t\t<div class=\"elementor-widget-container\">\n\t\t\t\t\t\t\t<div class=\"elementor-spacer\">\n\t\t\t<div class=\"elementor-spacer-inner\"><\/div>\n\t\t<\/div>\n\t\t\t\t\t\t<\/div>\n\t\t\t\t<\/div>\n\t\t\t\t\t<\/div>\n\t\t<\/div>\n\t\t\t\t<div class=\"elementor-column elementor-col-50 elementor-inner-column elementor-element elementor-element-304880d6\" data-id=\"304880d6\" data-element_type=\"column\">\n\t\t\t<div class=\"elementor-widget-wrap elementor-element-populated\">\n\t\t\t\t\t\t<div class=\"elementor-element elementor-element-2fd46de3 elementor-widget elementor-widget-text-editor\" data-id=\"2fd46de3\" data-element_type=\"widget\" data-widget_type=\"text-editor.default\">\n\t\t\t\t<div class=\"elementor-widget-container\">\n\t\t\t\t\t\t\t\t\t<p style=\"text-align: left;\"><em>Je suis ost\u00e9opathe D.O., membre du registre national et europ\u00e9en des ost\u00e9opathes.<\/em><\/p><p style=\"text-align: left;\">La fasciath\u00e9rapie que je pratique aborde le corps en suivant les courants physiologiques \u00e9nerg\u00e9tiques et fluidiques. Elle permet de lib\u00e9rer les restrictions de mobilit\u00e9 due aux chocs et traumatismes mais \u00e9galement des jugement (de soi \u00e0 soi ou re\u00e7u des autres), des \u00e9motions, des pens\u00e9es, des sentiments,&#8230; responsable des douleurs ou des g\u00e8nes dans le corps ou d&rsquo;un mal-\u00eatre. C&rsquo;est une approche douce et profonde, agr\u00e9able \u00e0 recevoir et \u00e0 donner.<\/p><p style=\"text-align: left;\">Le syst\u00e8me fascial, reconnu comme un organe \u00e0 part enti\u00e8re en 2018 par la facult\u00e9 scientifique, relie tout dans le corps jusqu&rsquo;au coeur de nos cellules tout en en faisant partie. Il enveloppe toutes les structures de notre corps, tout en en faisant partie, et est en lien privill\u00e9gi\u00e9 avec tous les syst\u00e8mes et les fluides du corps.<\/p><p style=\"text-align: left;\">J&rsquo;ai \u00e9t\u00e9 form\u00e9e \u00e0 plusieurs techniques fasciales dont le technique ESSE\u00a0 (Energetic Synthesis of Strutural Embodiment) de Suzy Godsey. <br \/>Ma d\u00e9couverte du <a href=\"https:\/\/anneflorencevandenperre.com\/?page_id=9730\">Munz Floor<\/a> m&rsquo;a encore permis de peaufiner ma pratique de cabinet.<\/p><p>Plus de d\u00e9tails sur l&rsquo;ost\u00e9opathie <span style=\"text-decoration: underline;\"><a href=\"https:\/\/osteo-vandenperre.be\/\">ici<\/a><\/span><\/p>\t\t\t\t\t\t\t\t<\/div>\n\t\t\t\t<\/div>\n\t\t\t\t<div class=\"elementor-element elementor-element-3ace614 elementor-widget elementor-widget-button\" data-id=\"3ace614\" data-element_type=\"widget\" data-widget_type=\"button.default\">\n\t\t\t\t<div class=\"elementor-widget-container\">\n\t\t\t\t\t\t\t\t\t<div class=\"elementor-button-wrapper\">\n\t\t\t\t\t<a class=\"elementor-button elementor-button-link elementor-size-sm\" href=\"mailto:anneflorencevandenperre@gmail.com\">\n\t\t\t\t\t\t<span class=\"elementor-button-content-wrapper\">\n\t\t\t\t\t\t\t\t\t<span class=\"elementor-button-text\">R\u00e9server une s\u00e9ance<\/span>\n\t\t\t\t\t<\/span>\n\t\t\t\t\t<\/a>\n\t\t\t\t<\/div>\n\t\t\t\t\t\t\t\t<\/div>\n\t\t\t\t<\/div>\n\t\t\t\t\t<\/div>\n\t\t<\/div>\n\t\t\t\t\t<\/div>\n\t\t<\/section>\n\t\t\t\t\t<\/div>\n\t\t<\/div>\n\t\t\t\t\t<\/div>\n\t\t<\/section>\n\t\t\t\t<section class=\"elementor-section elementor-top-section elementor-element elementor-element-10fe050 elementor-section-boxed elementor-section-height-default elementor-section-height-default\" data-id=\"10fe050\" data-element_type=\"section\">\n\t\t\t\t\t\t<div class=\"elementor-container elementor-column-gap-default\">\n\t\t\t\t\t<div class=\"elementor-column elementor-col-100 elementor-top-column elementor-element elementor-element-d55eeea\" data-id=\"d55eeea\" data-element_type=\"column\">\n\t\t\t<div class=\"elementor-widget-wrap elementor-element-populated\">\n\t\t\t\t\t\t<div class=\"elementor-element elementor-element-9540caa elementor-widget elementor-widget-text-editor\" data-id=\"9540caa\" data-element_type=\"widget\" data-widget_type=\"text-editor.default\">\n\t\t\t\t<div class=\"elementor-widget-container\">\n\t\t\t\t\t\t\t\t\t<p style=\"text-align: left;\"><em>Les techniques propos\u00e9es ici ne se substituent pas au traitement et diagnostic m\u00e9dical. Consulter votre m\u00e9decin et demandez lui conseil. <\/em>\u00a0<\/p>\t\t\t\t\t\t\t\t<\/div>\n\t\t\t\t<\/div>\n\t\t\t\t\t<\/div>\n\t\t<\/div>\n\t\t\t\t\t<\/div>\n\t\t<\/section>\n\t\t\t\t<section class=\"elementor-section elementor-top-section elementor-element elementor-element-3e0bec09 elementor-section-boxed elementor-section-height-default elementor-section-height-default\" data-id=\"3e0bec09\" data-element_type=\"section\" data-settings=\"{&quot;background_background&quot;:&quot;classic&quot;}\">\n\t\t\t\t\t\t\t<div class=\"elementor-background-overlay\"><\/div>\n\t\t\t\t\t\t\t<div class=\"elementor-container elementor-column-gap-no\">\n\t\t\t\t\t<div class=\"elementor-column elementor-col-100 elementor-top-column elementor-element elementor-element-4f36800b\" data-id=\"4f36800b\" data-element_type=\"column\">\n\t\t\t<div class=\"elementor-widget-wrap elementor-element-populated\">\n\t\t\t\t\t\t<section class=\"elementor-section elementor-inner-section elementor-element elementor-element-10c10f52 elementor-section-boxed elementor-section-height-default elementor-section-height-default\" data-id=\"10c10f52\" data-element_type=\"section\">\n\t\t\t\t\t\t<div class=\"elementor-container elementor-column-gap-no\">\n\t\t\t\t\t<div class=\"elementor-column elementor-col-100 elementor-inner-column elementor-element elementor-element-5e12025c\" data-id=\"5e12025c\" data-element_type=\"column\">\n\t\t\t<div class=\"elementor-widget-wrap elementor-element-populated\">\n\t\t\t\t\t\t<div class=\"elementor-element elementor-element-1c72adb elementor-widget elementor-widget-text-editor\" data-id=\"1c72adb\" data-element_type=\"widget\" data-widget_type=\"text-editor.default\">\n\t\t\t\t<div class=\"elementor-widget-container\">\n\t\t\t\t\t\t\t\t\t<p><em>\u00ab\u00a0Sois le changement que tu veux voir dans le monde\u00a0\u00bb Nelson Mandela<\/em><\/p>\t\t\t\t\t\t\t\t<\/div>\n\t\t\t\t<\/div>\n\t\t\t\t\t<\/div>\n\t\t<\/div>\n\t\t\t\t\t<\/div>\n\t\t<\/section>\n\t\t\t\t\t<\/div>\n\t\t<\/div>\n\t\t\t\t\t<\/div>\n\t\t<\/section>\n\t\t\t\t<\/div>\n\t\t","protected":false},"excerpt":{"rendered":"<p>Fasciath\u00e9rapie \u2013 Ost\u00e9opathie Et si votre syst\u00e8me fascial \u00e9tait la cl\u00e9 de votre sant\u00e9 et de votre bien-\u00eatre ?Et si il \u00e9tait temps de le reconnecter en conscience ? Je suis ost\u00e9opathe D.O., membre du registre national et europ\u00e9en des ost\u00e9opathes. La fasciath\u00e9rapie que je pratique aborde le corps en suivant les courants physiologiques \u00e9nerg\u00e9tiques [&hellip;]<\/p>\n","protected":false},"author":1,"featured_media":0,"parent":70,"menu_order":0,"comment_status":"closed","ping_status":"closed","template":"elementor_header_footer","meta":{"footnotes":""},"class_list":["post-426","page","type-page","status-publish","hentry","entry"],"yoast_head":"<!-- This site is optimized with the Yoast SEO plugin v26.1.1 - https:\/\/yoast.com\/wordpress\/plugins\/seo\/ -->\n<title>Fasciath\u00e9rapie - Ost\u00e9opathie -<\/title>\n<meta name=\"robots\" content=\"index, follow, max-snippet:-1, max-image-preview:large, max-video-preview:-1\" \/>\n<link rel=\"canonical\" href=\"https:\/\/anneflorencevandenperre.com\/?page_id=426\" \/>\n<meta property=\"og:locale\" content=\"fr_FR\" \/>\n<meta property=\"og:type\" content=\"article\" \/>\n<meta property=\"og:title\" content=\"Fasciath\u00e9rapie - Ost\u00e9opathie -\" \/>\n<meta property=\"og:description\" content=\"Fasciath\u00e9rapie \u2013 Ost\u00e9opathie Et si votre syst\u00e8me fascial \u00e9tait la cl\u00e9 de votre sant\u00e9 et de votre bien-\u00eatre ?Et si il \u00e9tait temps de le reconnecter en conscience ? Je suis ost\u00e9opathe D.O., membre du registre national et europ\u00e9en des ost\u00e9opathes. La fasciath\u00e9rapie que je pratique aborde le corps en suivant les courants physiologiques \u00e9nerg\u00e9tiques [&hellip;]\" \/>\n<meta property=\"og:url\" content=\"https:\/\/anneflorencevandenperre.com\/?page_id=426\" \/>\n<meta property=\"article:publisher\" content=\"https:\/\/www.facebook.com\/anneflorence.vandenperre\" \/>\n<meta property=\"article:modified_time\" content=\"2026-03-06T21:20:41+00:00\" \/>\n<meta name=\"twitter:card\" content=\"summary_large_image\" \/>\n<meta name=\"twitter:label1\" content=\"Dur\u00e9e de lecture estim\u00e9e\" \/>\n\t<meta name=\"twitter:data1\" content=\"2 minutes\" \/>\n<script type=\"application\/ld+json\" class=\"yoast-schema-graph\">{\"@context\":\"https:\/\/schema.org\",\"@graph\":[{\"@type\":\"WebPage\",\"@id\":\"https:\/\/anneflorencevandenperre.com\/?page_id=426\",\"url\":\"https:\/\/anneflorencevandenperre.com\/?page_id=426\",\"name\":\"Fasciath\u00e9rapie - Ost\u00e9opathie -\",\"isPartOf\":{\"@id\":\"https:\/\/anneflorencevandenperre.com\/#website\"},\"datePublished\":\"2021-03-29T18:54:41+00:00\",\"dateModified\":\"2026-03-06T21:20:41+00:00\",\"breadcrumb\":{\"@id\":\"https:\/\/anneflorencevandenperre.com\/?page_id=426#breadcrumb\"},\"inLanguage\":\"fr-FR\",\"potentialAction\":[{\"@type\":\"ReadAction\",\"target\":[\"https:\/\/anneflorencevandenperre.com\/?page_id=426\"]}]},{\"@type\":\"BreadcrumbList\",\"@id\":\"https:\/\/anneflorencevandenperre.com\/?page_id=426#breadcrumb\",\"itemListElement\":[{\"@type\":\"ListItem\",\"position\":1,\"name\":\"Accueil\",\"item\":\"https:\/\/anneflorencevandenperre.com\/\"},{\"@type\":\"ListItem\",\"position\":2,\"name\":\"Fasciath\u00e9rapie &#8211; Ost\u00e9opathie\"}]},{\"@type\":\"WebSite\",\"@id\":\"https:\/\/anneflorencevandenperre.com\/#website\",\"url\":\"https:\/\/anneflorencevandenperre.com\/\",\"name\":\"\",\"description\":\"Accompagnatrice et Facilitatrice de Vie\",\"potentialAction\":[{\"@type\":\"SearchAction\",\"target\":{\"@type\":\"EntryPoint\",\"urlTemplate\":\"https:\/\/anneflorencevandenperre.com\/?s={search_term_string}\"},\"query-input\":{\"@type\":\"PropertyValueSpecification\",\"valueRequired\":true,\"valueName\":\"search_term_string\"}}],\"inLanguage\":\"fr-FR\"}]}<\/script>\n<!-- \/ Yoast SEO plugin. -->","yoast_head_json":{"title":"Fasciath\u00e9rapie - Ost\u00e9opathie -","robots":{"index":"index","follow":"follow","max-snippet":"max-snippet:-1","max-image-preview":"max-image-preview:large","max-video-preview":"max-video-preview:-1"},"canonical":"https:\/\/anneflorencevandenperre.com\/?page_id=426","og_locale":"fr_FR","og_type":"article","og_title":"Fasciath\u00e9rapie - Ost\u00e9opathie -","og_description":"Fasciath\u00e9rapie \u2013 Ost\u00e9opathie Et si votre syst\u00e8me fascial \u00e9tait la cl\u00e9 de votre sant\u00e9 et de votre bien-\u00eatre ?Et si il \u00e9tait temps de le reconnecter en conscience ? Je suis ost\u00e9opathe D.O., membre du registre national et europ\u00e9en des ost\u00e9opathes. La fasciath\u00e9rapie que je pratique aborde le corps en suivant les courants physiologiques \u00e9nerg\u00e9tiques [&hellip;]","og_url":"https:\/\/anneflorencevandenperre.com\/?page_id=426","article_publisher":"https:\/\/www.facebook.com\/anneflorence.vandenperre","article_modified_time":"2026-03-06T21:20:41+00:00","twitter_card":"summary_large_image","twitter_misc":{"Dur\u00e9e de lecture estim\u00e9e":"2 minutes"},"schema":{"@context":"https:\/\/schema.org","@graph":[{"@type":"WebPage","@id":"https:\/\/anneflorencevandenperre.com\/?page_id=426","url":"https:\/\/anneflorencevandenperre.com\/?page_id=426","name":"Fasciath\u00e9rapie - Ost\u00e9opathie -","isPartOf":{"@id":"https:\/\/anneflorencevandenperre.com\/#website"},"datePublished":"2021-03-29T18:54:41+00:00","dateModified":"2026-03-06T21:20:41+00:00","breadcrumb":{"@id":"https:\/\/anneflorencevandenperre.com\/?page_id=426#breadcrumb"},"inLanguage":"fr-FR","potentialAction":[{"@type":"ReadAction","target":["https:\/\/anneflorencevandenperre.com\/?page_id=426"]}]},{"@type":"BreadcrumbList","@id":"https:\/\/anneflorencevandenperre.com\/?page_id=426#breadcrumb","itemListElement":[{"@type":"ListItem","position":1,"name":"Accueil","item":"https:\/\/anneflorencevandenperre.com\/"},{"@type":"ListItem","position":2,"name":"Fasciath\u00e9rapie &#8211; Ost\u00e9opathie"}]},{"@type":"WebSite","@id":"https:\/\/anneflorencevandenperre.com\/#website","url":"https:\/\/anneflorencevandenperre.com\/","name":"","description":"Accompagnatrice et Facilitatrice de Vie","potentialAction":[{"@type":"SearchAction","target":{"@type":"EntryPoint","urlTemplate":"https:\/\/anneflorencevandenperre.com\/?s={search_term_string}"},"query-input":{"@type":"PropertyValueSpecification","valueRequired":true,"valueName":"search_term_string"}}],"inLanguage":"fr-FR"}]}},"_links":{"self":[{"href":"https:\/\/anneflorencevandenperre.com\/index.php?rest_route=\/wp\/v2\/pages\/426","targetHints":{"allow":["GET"]}}],"collection":[{"href":"https:\/\/anneflorencevandenperre.com\/index.php?rest_route=\/wp\/v2\/pages"}],"about":[{"href":"https:\/\/anneflorencevandenperre.com\/index.php?rest_route=\/wp\/v2\/types\/page"}],"author":[{"embeddable":true,"href":"https:\/\/anneflorencevandenperre.com\/index.php?rest_route=\/wp\/v2\/users\/1"}],"replies":[{"embeddable":true,"href":"https:\/\/anneflorencevandenperre.com\/index.php?rest_route=%2Fwp%2Fv2%2Fcomments&post=426"}],"version-history":[{"count":0,"href":"https:\/\/anneflorencevandenperre.com\/index.php?rest_route=\/wp\/v2\/pages\/426\/revisions"}],"up":[{"embeddable":true,"href":"https:\/\/anneflorencevandenperre.com\/index.php?rest_route=\/"}],"wp:attachment":[{"href":"https:\/\/anneflorencevandenperre.com\/index.php?rest_route=%2Fwp%2Fv2%2Fmedia&parent=426"}],"curies":[{"name":"wp","href":"https:\/\/api.w.org\/{rel}","templated":true}]}}