{"id":46,"date":"2021-02-07T17:31:37","date_gmt":"2021-02-07T16:31:37","guid":{"rendered":"http:\/\/anneflorencevandenperre.com\/?page_id=46"},"modified":"2026-02-06T11:42:02","modified_gmt":"2026-02-06T10:42:02","slug":"coaching-facilitation","status":"publish","type":"page","link":"https:\/\/anneflorencevandenperre.com\/?page_id=46","title":{"rendered":"Accompagnement &#8211; Facilitation"},"content":{"rendered":"\t\t<div data-elementor-type=\"wp-page\" data-elementor-id=\"46\" class=\"elementor elementor-46\">\n\t\t\t\t\t\t<section class=\"elementor-section elementor-top-section elementor-element elementor-element-1c5a29dd elementor-section-boxed elementor-section-height-default elementor-section-height-default\" data-id=\"1c5a29dd\" data-element_type=\"section\" data-settings=\"{&quot;background_background&quot;:&quot;classic&quot;}\">\n\t\t\t\t\t\t<div class=\"elementor-container elementor-column-gap-default\">\n\t\t\t\t\t<div class=\"elementor-column elementor-col-50 elementor-top-column elementor-element elementor-element-50109904\" data-id=\"50109904\" data-element_type=\"column\">\n\t\t\t<div class=\"elementor-widget-wrap elementor-element-populated\">\n\t\t\t\t\t\t<div class=\"elementor-element elementor-element-65a5e7cd elementor-widget elementor-widget-spacer\" data-id=\"65a5e7cd\" data-element_type=\"widget\" data-widget_type=\"spacer.default\">\n\t\t\t\t<div class=\"elementor-widget-container\">\n\t\t\t\t\t\t\t<div class=\"elementor-spacer\">\n\t\t\t<div class=\"elementor-spacer-inner\"><\/div>\n\t\t<\/div>\n\t\t\t\t\t\t<\/div>\n\t\t\t\t<\/div>\n\t\t\t\t<div class=\"elementor-element elementor-element-359ac387 elementor-widget-tablet__width-initial elementor-invisible elementor-widget elementor-widget-heading\" data-id=\"359ac387\" data-element_type=\"widget\" data-settings=\"{&quot;_animation&quot;:&quot;fadeIn&quot;,&quot;_animation_delay&quot;:500}\" data-widget_type=\"heading.default\">\n\t\t\t\t<div class=\"elementor-widget-container\">\n\t\t\t\t\t<h1 class=\"elementor-heading-title elementor-size-xxl\">accompagnement facilitation<\/h1>\t\t\t\t<\/div>\n\t\t\t\t<\/div>\n\t\t\t\t<div class=\"elementor-element elementor-element-428fb0c1 elementor-widget elementor-widget-spacer\" data-id=\"428fb0c1\" data-element_type=\"widget\" data-widget_type=\"spacer.default\">\n\t\t\t\t<div class=\"elementor-widget-container\">\n\t\t\t\t\t\t\t<div class=\"elementor-spacer\">\n\t\t\t<div class=\"elementor-spacer-inner\"><\/div>\n\t\t<\/div>\n\t\t\t\t\t\t<\/div>\n\t\t\t\t<\/div>\n\t\t\t\t\t<\/div>\n\t\t<\/div>\n\t\t\t\t<div class=\"elementor-column elementor-col-50 elementor-top-column elementor-element elementor-element-4f67d366\" data-id=\"4f67d366\" data-element_type=\"column\">\n\t\t\t<div class=\"elementor-widget-wrap\">\n\t\t\t\t\t\t\t<\/div>\n\t\t<\/div>\n\t\t\t\t\t<\/div>\n\t\t<\/section>\n\t\t\t\t<section class=\"elementor-section elementor-top-section elementor-element elementor-element-38ca900 elementor-section-boxed elementor-section-height-default elementor-section-height-default\" data-id=\"38ca900\" data-element_type=\"section\" data-settings=\"{&quot;background_background&quot;:&quot;classic&quot;}\">\n\t\t\t\t\t\t\t<div class=\"elementor-background-overlay\"><\/div>\n\t\t\t\t\t\t\t<div class=\"elementor-container elementor-column-gap-no\">\n\t\t\t\t\t<div class=\"elementor-column elementor-col-100 elementor-top-column elementor-element elementor-element-a1b2ac1\" data-id=\"a1b2ac1\" data-element_type=\"column\">\n\t\t\t<div class=\"elementor-widget-wrap elementor-element-populated\">\n\t\t\t\t\t\t<section class=\"elementor-section elementor-inner-section elementor-element elementor-element-78a1efc elementor-section-boxed elementor-section-height-default elementor-section-height-default\" data-id=\"78a1efc\" data-element_type=\"section\">\n\t\t\t\t\t\t<div class=\"elementor-container elementor-column-gap-no\">\n\t\t\t\t\t<div class=\"elementor-column elementor-col-100 elementor-inner-column elementor-element elementor-element-c992522\" data-id=\"c992522\" data-element_type=\"column\">\n\t\t\t<div class=\"elementor-widget-wrap elementor-element-populated\">\n\t\t\t\t\t\t<div class=\"elementor-element elementor-element-04c79f6 elementor-widget elementor-widget-text-editor\" data-id=\"04c79f6\" data-element_type=\"widget\" data-widget_type=\"text-editor.default\">\n\t\t\t\t<div class=\"elementor-widget-container\">\n\t\t\t\t\t\t\t\t\t<p><em>Et si autre chose \u00e9tait possible?<\/em><br \/><em>Et si tu ne devais pas souffrir et subir la vie?<\/em><br \/><em>Et si tu avais la capacit\u00e9 \u00e0 te cr\u00e9er une vie plus joyeuse et amusante?<\/em><\/p><p><em>Combien es-tu dans le tort de toi de ne pas \u00eatre comme les autres parce que tu as toujours \u00e9t\u00e9 critiqu\u00e9?<\/em><br \/><em>Et si ta diff\u00e9rence \u00e9tait justement ta force?<\/em><\/p><p><em>Et si ton hypersensibilit\u00e9 n&rsquo;\u00e9tait pas un handicap mais<\/em> <em>une capacit\u00e9?<\/em><\/p>\t\t\t\t\t\t\t\t<\/div>\n\t\t\t\t<\/div>\n\t\t\t\t\t<\/div>\n\t\t<\/div>\n\t\t\t\t\t<\/div>\n\t\t<\/section>\n\t\t\t\t\t<\/div>\n\t\t<\/div>\n\t\t\t\t\t<\/div>\n\t\t<\/section>\n\t\t\t\t<section class=\"elementor-section elementor-top-section elementor-element elementor-element-1dd50c7d elementor-section-stretched elementor-section-full_width elementor-section-height-default elementor-section-height-default\" data-id=\"1dd50c7d\" data-element_type=\"section\" data-settings=\"{&quot;background_background&quot;:&quot;classic&quot;,&quot;stretch_section&quot;:&quot;section-stretched&quot;}\">\n\t\t\t\t\t\t\t<div class=\"elementor-background-overlay\"><\/div>\n\t\t\t\t\t\t\t<div class=\"elementor-container elementor-column-gap-no\">\n\t\t\t\t\t<div class=\"elementor-column elementor-col-100 elementor-top-column elementor-element elementor-element-1877c171\" data-id=\"1877c171\" data-element_type=\"column\">\n\t\t\t<div class=\"elementor-widget-wrap elementor-element-populated\">\n\t\t\t\t\t\t<section class=\"elementor-section elementor-inner-section elementor-element elementor-element-34c549f9 elementor-section-content-middle elementor-section-full_width elementor-section-height-default elementor-section-height-default elementor-invisible\" data-id=\"34c549f9\" data-element_type=\"section\" data-settings=\"{&quot;animation&quot;:&quot;fadeIn&quot;}\">\n\t\t\t\t\t\t<div class=\"elementor-container elementor-column-gap-wider\">\n\t\t\t\t\t<div class=\"elementor-column elementor-col-50 elementor-inner-column elementor-element elementor-element-2be18969\" data-id=\"2be18969\" data-element_type=\"column\" data-settings=\"{&quot;background_background&quot;:&quot;classic&quot;}\">\n\t\t\t<div class=\"elementor-widget-wrap elementor-element-populated\">\n\t\t\t\t\t\t<div class=\"elementor-element elementor-element-757742d0 elementor-widget elementor-widget-spacer\" data-id=\"757742d0\" data-element_type=\"widget\" data-widget_type=\"spacer.default\">\n\t\t\t\t<div class=\"elementor-widget-container\">\n\t\t\t\t\t\t\t<div class=\"elementor-spacer\">\n\t\t\t<div class=\"elementor-spacer-inner\"><\/div>\n\t\t<\/div>\n\t\t\t\t\t\t<\/div>\n\t\t\t\t<\/div>\n\t\t\t\t\t<\/div>\n\t\t<\/div>\n\t\t\t\t<div class=\"elementor-column elementor-col-50 elementor-inner-column elementor-element elementor-element-2bf6f9cb\" data-id=\"2bf6f9cb\" data-element_type=\"column\">\n\t\t\t<div class=\"elementor-widget-wrap elementor-element-populated\">\n\t\t\t\t\t\t<div class=\"elementor-element elementor-element-5888545a elementor-widget elementor-widget-text-editor\" data-id=\"5888545a\" data-element_type=\"widget\" data-widget_type=\"text-editor.default\">\n\t\t\t\t<div class=\"elementor-widget-container\">\n\t\t\t\t\t\t\t\t\t<p style=\"text-align: left;\">J&rsquo;accompagne les personnes en qu\u00eate d&rsquo;autre chose. J&rsquo;accompagne les personnes sensibles, hypersensibles, hyperactive, un peu ou beaucoup diff\u00e9rentes \u00e0 d\u00e9couvrir leurs capacit\u00e9s et \u00e0 les utiliser dans leur quotidien.\u00a0<\/p><p style=\"text-align: left;\">Votre sensibilit\u00e9 est une capacit\u00e9 qui ne demande qu&rsquo;\u00e0 \u00eatre \u00e0 notre service. Longtemps j&rsquo;ai aussi cru que c&rsquo;\u00e9tait un frein, une limitation, quelque chose qui\u00a0 me ralentissait et me faisait \u00e9chouer dans la vie. Je me laissais d\u00e9bord\u00e9e par mon mal-\u00eatre, les \u00e9motions et sentiments qui me submergeaient, sans parler des sympt\u00f4mes physiques qui rendaient mon corps lourd et douloureux.<br \/>J&rsquo;ai appris \u00e0 apprivoiser ma grande sensibilit\u00e9 et \u00e0 la transformer en capacit\u00e9. J&rsquo;en ai m\u00eame fait un super pouvoir.<br \/>Je vous invite, par mes accompagnements, \u00e0 explorer ce chemin ensemble.\u00a0<\/p><p style=\"text-align: center;\"><em>\u00ab\u00a0Change ton regard sur ta vie et elle se transformera\u00a0\u00bb<\/em><\/p><p style=\"text-align: left;\">J&rsquo;utilise des outils et techniques \u00e9nerg\u00e9tiques issus de mes diff\u00e9rentes formations que j&rsquo;ai adapt\u00e9 avec ma propre sensibilit\u00e9. Ceux-ci\u00a0 vous invite \u00e0 lib\u00e9rer au-del\u00e0 des solutions mentales propos\u00e9es dans la plupart des autres techniques et \u00e0 amener plus de pr\u00e9sence et de conscience dans votre vie y compris votre corps.\u00a0 <br \/>Ces outils facilitent la lib\u00e9ration des croyances et sch\u00e9mas qui emp\u00eachent de cr\u00e9er sa vie, d\u2019\u00eatre bien dans son corps, dans ses relations, dans son travail. Ils permettent de retrouver la joie qui est notre nature profonde.<\/p>\t\t\t\t\t\t\t\t<\/div>\n\t\t\t\t<\/div>\n\t\t\t\t\t<\/div>\n\t\t<\/div>\n\t\t\t\t\t<\/div>\n\t\t<\/section>\n\t\t\t\t<section class=\"elementor-section elementor-inner-section elementor-element elementor-element-2375ffac elementor-section-content-middle elementor-section-full_width elementor-reverse-tablet elementor-reverse-mobile elementor-section-height-default elementor-section-height-default elementor-invisible\" data-id=\"2375ffac\" data-element_type=\"section\" data-settings=\"{&quot;animation&quot;:&quot;fadeIn&quot;}\">\n\t\t\t\t\t\t<div class=\"elementor-container elementor-column-gap-wider\">\n\t\t\t\t\t<div class=\"elementor-column elementor-col-50 elementor-inner-column elementor-element elementor-element-30ca9538\" data-id=\"30ca9538\" data-element_type=\"column\">\n\t\t\t<div class=\"elementor-widget-wrap elementor-element-populated\">\n\t\t\t\t\t\t<div class=\"elementor-element elementor-element-3dd5234e elementor-widget elementor-widget-text-editor\" data-id=\"3dd5234e\" data-element_type=\"widget\" data-widget_type=\"text-editor.default\">\n\t\t\t\t<div class=\"elementor-widget-container\">\n\t\t\t\t\t\t\t\t\t<p style=\"text-align: left;\">S\u00e9ance ponctuelle ou formule d&rsquo;accompagnement sur plusieurs semaines.<br \/>Contactez-moi pour en parler. <br \/>Nous clarifierons votre demande<\/p><p style=\"text-align: left;\">Les s\u00e9ances se d\u00e9roulent principalement en ligne .\u00a0\u00a0<\/p>\t\t\t\t\t\t\t\t<\/div>\n\t\t\t\t<\/div>\n\t\t\t\t<div class=\"elementor-element elementor-element-ddf8bc0 elementor-align-center elementor-widget elementor-widget-button\" data-id=\"ddf8bc0\" data-element_type=\"widget\" data-widget_type=\"button.default\">\n\t\t\t\t<div class=\"elementor-widget-container\">\n\t\t\t\t\t\t\t\t\t<div class=\"elementor-button-wrapper\">\n\t\t\t\t\t<a class=\"elementor-button elementor-button-link elementor-size-sm\" href=\"https:\/\/anneflorencevandenperre.com\/?page_id=11063\" target=\"_blank\">\n\t\t\t\t\t\t<span class=\"elementor-button-content-wrapper\">\n\t\t\t\t\t\t\t\t\t<span class=\"elementor-button-text\">Contactez-moi<\/span>\n\t\t\t\t\t<\/span>\n\t\t\t\t\t<\/a>\n\t\t\t\t<\/div>\n\t\t\t\t\t\t\t\t<\/div>\n\t\t\t\t<\/div>\n\t\t\t\t\t<\/div>\n\t\t<\/div>\n\t\t\t\t<div class=\"elementor-column elementor-col-50 elementor-inner-column elementor-element elementor-element-427e4ca3\" data-id=\"427e4ca3\" data-element_type=\"column\" data-settings=\"{&quot;background_background&quot;:&quot;classic&quot;}\">\n\t\t\t<div class=\"elementor-widget-wrap elementor-element-populated\">\n\t\t\t\t\t\t<div class=\"elementor-element elementor-element-7ee2e451 elementor-widget elementor-widget-spacer\" data-id=\"7ee2e451\" data-element_type=\"widget\" data-widget_type=\"spacer.default\">\n\t\t\t\t<div class=\"elementor-widget-container\">\n\t\t\t\t\t\t\t<div class=\"elementor-spacer\">\n\t\t\t<div class=\"elementor-spacer-inner\"><\/div>\n\t\t<\/div>\n\t\t\t\t\t\t<\/div>\n\t\t\t\t<\/div>\n\t\t\t\t\t<\/div>\n\t\t<\/div>\n\t\t\t\t\t<\/div>\n\t\t<\/section>\n\t\t\t\t\t<\/div>\n\t\t<\/div>\n\t\t\t\t\t<\/div>\n\t\t<\/section>\n\t\t\t\t<section class=\"elementor-section elementor-top-section elementor-element elementor-element-524504cf elementor-section-boxed elementor-section-height-default elementor-section-height-default\" data-id=\"524504cf\" data-element_type=\"section\" data-settings=\"{&quot;background_background&quot;:&quot;classic&quot;}\">\n\t\t\t\t\t\t\t<div class=\"elementor-background-overlay\"><\/div>\n\t\t\t\t\t\t\t<div class=\"elementor-container elementor-column-gap-no\">\n\t\t\t\t\t<div class=\"elementor-column elementor-col-100 elementor-top-column elementor-element elementor-element-32f7e7bd\" data-id=\"32f7e7bd\" data-element_type=\"column\">\n\t\t\t<div class=\"elementor-widget-wrap elementor-element-populated\">\n\t\t\t\t\t\t<section class=\"elementor-section elementor-inner-section elementor-element elementor-element-5d65457a elementor-section-boxed elementor-section-height-default elementor-section-height-default\" data-id=\"5d65457a\" data-element_type=\"section\">\n\t\t\t\t\t\t<div class=\"elementor-container elementor-column-gap-no\">\n\t\t\t\t\t<div class=\"elementor-column elementor-col-100 elementor-inner-column elementor-element elementor-element-b1dbf8d\" data-id=\"b1dbf8d\" data-element_type=\"column\">\n\t\t\t<div class=\"elementor-widget-wrap elementor-element-populated\">\n\t\t\t\t\t\t<div class=\"elementor-element elementor-element-57b63cd5 elementor-widget elementor-widget-text-editor\" data-id=\"57b63cd5\" data-element_type=\"widget\" data-widget_type=\"text-editor.default\">\n\t\t\t\t<div class=\"elementor-widget-container\">\n\t\t\t\t\t\t\t\t\t<p><em>\u00ab\u00a0Sois le changement que tu veux voir dans le monde\u00a0\u00bb Nelson Mandela<\/em><\/p><p><em>\u00ab\u00a0Tout de la vie me vient avec aisance, joie et gloire<\/em>\u00a0\u00bb Gary Douglas<\/p><p><em>\u00ab\u00a0La conscience inclut tout et ne juge rien\u00a0\u00bb<\/em> Gary Douglas<\/p>\t\t\t\t\t\t\t\t<\/div>\n\t\t\t\t<\/div>\n\t\t\t\t\t<\/div>\n\t\t<\/div>\n\t\t\t\t\t<\/div>\n\t\t<\/section>\n\t\t\t\t\t<\/div>\n\t\t<\/div>\n\t\t\t\t\t<\/div>\n\t\t<\/section>\n\t\t\t\t<\/div>\n\t\t","protected":false},"excerpt":{"rendered":"<p>accompagnement facilitation Et si autre chose \u00e9tait possible?Et si tu ne devais pas souffrir et subir la vie?Et si tu avais la capacit\u00e9 \u00e0 te cr\u00e9er une vie plus joyeuse et amusante? Combien es-tu dans le tort de toi de ne pas \u00eatre comme les autres parce que tu as toujours \u00e9t\u00e9 critiqu\u00e9?Et si ta [&hellip;]<\/p>\n","protected":false},"author":1,"featured_media":0,"parent":70,"menu_order":0,"comment_status":"closed","ping_status":"closed","template":"elementor_header_footer","meta":{"footnotes":""},"class_list":["post-46","page","type-page","status-publish","hentry","entry"],"yoast_head":"<!-- This site is optimized with the Yoast SEO plugin v26.1.1 - https:\/\/yoast.com\/wordpress\/plugins\/seo\/ -->\n<title>Accompagnement - Facilitation -<\/title>\n<meta name=\"robots\" content=\"index, follow, max-snippet:-1, max-image-preview:large, max-video-preview:-1\" \/>\n<link rel=\"canonical\" href=\"https:\/\/anneflorencevandenperre.com\/?page_id=46\" \/>\n<meta property=\"og:locale\" content=\"fr_FR\" \/>\n<meta property=\"og:type\" content=\"article\" \/>\n<meta property=\"og:title\" content=\"Accompagnement - Facilitation -\" \/>\n<meta property=\"og:description\" content=\"accompagnement facilitation Et si autre chose \u00e9tait possible?Et si tu ne devais pas souffrir et subir la vie?Et si tu avais la capacit\u00e9 \u00e0 te cr\u00e9er une vie plus joyeuse et amusante? Combien es-tu dans le tort de toi de ne pas \u00eatre comme les autres parce que tu as toujours \u00e9t\u00e9 critiqu\u00e9?Et si ta [&hellip;]\" \/>\n<meta property=\"og:url\" content=\"https:\/\/anneflorencevandenperre.com\/?page_id=46\" \/>\n<meta property=\"article:publisher\" content=\"https:\/\/www.facebook.com\/anneflorence.vandenperre\" \/>\n<meta property=\"article:modified_time\" content=\"2026-02-06T10:42:02+00:00\" \/>\n<meta name=\"twitter:card\" content=\"summary_large_image\" \/>\n<meta name=\"twitter:label1\" content=\"Dur\u00e9e de lecture estim\u00e9e\" \/>\n\t<meta name=\"twitter:data1\" content=\"2 minutes\" \/>\n<script type=\"application\/ld+json\" class=\"yoast-schema-graph\">{\"@context\":\"https:\/\/schema.org\",\"@graph\":[{\"@type\":\"WebPage\",\"@id\":\"https:\/\/anneflorencevandenperre.com\/?page_id=46\",\"url\":\"https:\/\/anneflorencevandenperre.com\/?page_id=46\",\"name\":\"Accompagnement - Facilitation -\",\"isPartOf\":{\"@id\":\"https:\/\/anneflorencevandenperre.com\/#website\"},\"datePublished\":\"2021-02-07T16:31:37+00:00\",\"dateModified\":\"2026-02-06T10:42:02+00:00\",\"breadcrumb\":{\"@id\":\"https:\/\/anneflorencevandenperre.com\/?page_id=46#breadcrumb\"},\"inLanguage\":\"fr-FR\",\"potentialAction\":[{\"@type\":\"ReadAction\",\"target\":[\"https:\/\/anneflorencevandenperre.com\/?page_id=46\"]}]},{\"@type\":\"BreadcrumbList\",\"@id\":\"https:\/\/anneflorencevandenperre.com\/?page_id=46#breadcrumb\",\"itemListElement\":[{\"@type\":\"ListItem\",\"position\":1,\"name\":\"Accueil\",\"item\":\"https:\/\/anneflorencevandenperre.com\/\"},{\"@type\":\"ListItem\",\"position\":2,\"name\":\"Accompagnement &#8211; Facilitation\"}]},{\"@type\":\"WebSite\",\"@id\":\"https:\/\/anneflorencevandenperre.com\/#website\",\"url\":\"https:\/\/anneflorencevandenperre.com\/\",\"name\":\"\",\"description\":\"Accompagnatrice et Facilitatrice de Vie\",\"potentialAction\":[{\"@type\":\"SearchAction\",\"target\":{\"@type\":\"EntryPoint\",\"urlTemplate\":\"https:\/\/anneflorencevandenperre.com\/?s={search_term_string}\"},\"query-input\":{\"@type\":\"PropertyValueSpecification\",\"valueRequired\":true,\"valueName\":\"search_term_string\"}}],\"inLanguage\":\"fr-FR\"}]}<\/script>\n<!-- \/ Yoast SEO plugin. -->","yoast_head_json":{"title":"Accompagnement - Facilitation -","robots":{"index":"index","follow":"follow","max-snippet":"max-snippet:-1","max-image-preview":"max-image-preview:large","max-video-preview":"max-video-preview:-1"},"canonical":"https:\/\/anneflorencevandenperre.com\/?page_id=46","og_locale":"fr_FR","og_type":"article","og_title":"Accompagnement - Facilitation -","og_description":"accompagnement facilitation Et si autre chose \u00e9tait possible?Et si tu ne devais pas souffrir et subir la vie?Et si tu avais la capacit\u00e9 \u00e0 te cr\u00e9er une vie plus joyeuse et amusante? Combien es-tu dans le tort de toi de ne pas \u00eatre comme les autres parce que tu as toujours \u00e9t\u00e9 critiqu\u00e9?Et si ta [&hellip;]","og_url":"https:\/\/anneflorencevandenperre.com\/?page_id=46","article_publisher":"https:\/\/www.facebook.com\/anneflorence.vandenperre","article_modified_time":"2026-02-06T10:42:02+00:00","twitter_card":"summary_large_image","twitter_misc":{"Dur\u00e9e de lecture estim\u00e9e":"2 minutes"},"schema":{"@context":"https:\/\/schema.org","@graph":[{"@type":"WebPage","@id":"https:\/\/anneflorencevandenperre.com\/?page_id=46","url":"https:\/\/anneflorencevandenperre.com\/?page_id=46","name":"Accompagnement - Facilitation -","isPartOf":{"@id":"https:\/\/anneflorencevandenperre.com\/#website"},"datePublished":"2021-02-07T16:31:37+00:00","dateModified":"2026-02-06T10:42:02+00:00","breadcrumb":{"@id":"https:\/\/anneflorencevandenperre.com\/?page_id=46#breadcrumb"},"inLanguage":"fr-FR","potentialAction":[{"@type":"ReadAction","target":["https:\/\/anneflorencevandenperre.com\/?page_id=46"]}]},{"@type":"BreadcrumbList","@id":"https:\/\/anneflorencevandenperre.com\/?page_id=46#breadcrumb","itemListElement":[{"@type":"ListItem","position":1,"name":"Accueil","item":"https:\/\/anneflorencevandenperre.com\/"},{"@type":"ListItem","position":2,"name":"Accompagnement &#8211; Facilitation"}]},{"@type":"WebSite","@id":"https:\/\/anneflorencevandenperre.com\/#website","url":"https:\/\/anneflorencevandenperre.com\/","name":"","description":"Accompagnatrice et Facilitatrice de Vie","potentialAction":[{"@type":"SearchAction","target":{"@type":"EntryPoint","urlTemplate":"https:\/\/anneflorencevandenperre.com\/?s={search_term_string}"},"query-input":{"@type":"PropertyValueSpecification","valueRequired":true,"valueName":"search_term_string"}}],"inLanguage":"fr-FR"}]}},"_links":{"self":[{"href":"https:\/\/anneflorencevandenperre.com\/index.php?rest_route=\/wp\/v2\/pages\/46","targetHints":{"allow":["GET"]}}],"collection":[{"href":"https:\/\/anneflorencevandenperre.com\/index.php?rest_route=\/wp\/v2\/pages"}],"about":[{"href":"https:\/\/anneflorencevandenperre.com\/index.php?rest_route=\/wp\/v2\/types\/page"}],"author":[{"embeddable":true,"href":"https:\/\/anneflorencevandenperre.com\/index.php?rest_route=\/wp\/v2\/users\/1"}],"replies":[{"embeddable":true,"href":"https:\/\/anneflorencevandenperre.com\/index.php?rest_route=%2Fwp%2Fv2%2Fcomments&post=46"}],"version-history":[{"count":0,"href":"https:\/\/anneflorencevandenperre.com\/index.php?rest_route=\/wp\/v2\/pages\/46\/revisions"}],"up":[{"embeddable":true,"href":"https:\/\/anneflorencevandenperre.com\/index.php?rest_route=\/"}],"wp:attachment":[{"href":"https:\/\/anneflorencevandenperre.com\/index.php?rest_route=%2Fwp%2Fv2%2Fmedia&parent=46"}],"curies":[{"name":"wp","href":"https:\/\/api.w.org\/{rel}","templated":true}]}}