{"id":9730,"date":"2025-02-27T18:20:34","date_gmt":"2025-02-27T17:20:34","guid":{"rendered":"https:\/\/anneflorencevandenperre.com\/?page_id=9730"},"modified":"2025-09-24T19:58:05","modified_gmt":"2025-09-24T17:58:05","slug":"munz-floor","status":"publish","type":"page","link":"https:\/\/anneflorencevandenperre.com\/?page_id=9730","title":{"rendered":"MUNZ FLOOR\u00ae"},"content":{"rendered":"\t\t<div data-elementor-type=\"wp-page\" data-elementor-id=\"9730\" class=\"elementor elementor-9730\">\n\t\t\t\t\t\t<section class=\"elementor-section elementor-top-section elementor-element elementor-element-b5bf950 elementor-section-boxed elementor-section-height-default elementor-section-height-default\" data-id=\"b5bf950\" data-element_type=\"section\">\n\t\t\t\t\t\t<div class=\"elementor-container elementor-column-gap-default\">\n\t\t\t\t\t<div class=\"elementor-column elementor-col-100 elementor-top-column elementor-element elementor-element-174cdb0\" data-id=\"174cdb0\" data-element_type=\"column\">\n\t\t\t<div class=\"elementor-widget-wrap elementor-element-populated\">\n\t\t\t\t\t\t<div class=\"elementor-element elementor-element-e32ef6a elementor-widget elementor-widget-text-editor\" data-id=\"e32ef6a\" data-element_type=\"widget\" data-widget_type=\"text-editor.default\">\n\t\t\t\t<div class=\"elementor-widget-container\">\n\t\t\t\t\t\t\t\t\t<p><em>lunz Floor : Spiraler dans une lenteur extr\u00eame pour lib\u00e9rer votre syst\u00e8me fascial et renforcer votre posture profonde<\/em><\/p>\t\t\t\t\t\t\t\t<\/div>\n\t\t\t\t<\/div>\n\t\t\t\t\t<\/div>\n\t\t<\/div>\n\t\t\t\t\t<\/div>\n\t\t<\/section>\n\t\t\t\t<section class=\"elementor-section elementor-top-section elementor-element elementor-element-2e5f013 elementor-section-boxed elementor-section-height-default elementor-section-height-default\" data-id=\"2e5f013\" data-element_type=\"section\">\n\t\t\t\t\t\t<div class=\"elementor-container elementor-column-gap-default\">\n\t\t\t\t\t<div class=\"elementor-column elementor-col-50 elementor-top-column elementor-element elementor-element-9f97ce6\" data-id=\"9f97ce6\" data-element_type=\"column\">\n\t\t\t<div class=\"elementor-widget-wrap elementor-element-populated\">\n\t\t\t\t\t\t<div class=\"elementor-element elementor-element-065f103 elementor-widget elementor-widget-image\" data-id=\"065f103\" data-element_type=\"widget\" data-widget_type=\"image.default\">\n\t\t\t\t<div class=\"elementor-widget-container\">\n\t\t\t\t\t\t\t\t\t\t\t\t\t\t\t<img fetchpriority=\"high\" decoding=\"async\" width=\"768\" height=\"1024\" src=\"https:\/\/anneflorencevandenperre.com\/wp-content\/uploads\/2025\/09\/IMG_9598-768x1024.jpg\" class=\"attachment-large size-large wp-image-11502\" alt=\"\" srcset=\"https:\/\/anneflorencevandenperre.com\/wp-content\/uploads\/2025\/09\/IMG_9598-768x1024.jpg 768w, https:\/\/anneflorencevandenperre.com\/wp-content\/uploads\/2025\/09\/IMG_9598-225x300.jpg 225w, https:\/\/anneflorencevandenperre.com\/wp-content\/uploads\/2025\/09\/IMG_9598-1152x1536.jpg 1152w, https:\/\/anneflorencevandenperre.com\/wp-content\/uploads\/2025\/09\/IMG_9598-1536x2048.jpg 1536w, https:\/\/anneflorencevandenperre.com\/wp-content\/uploads\/2025\/09\/IMG_9598-45x60.jpg 45w, https:\/\/anneflorencevandenperre.com\/wp-content\/uploads\/2025\/09\/IMG_9598-scaled.jpg 1920w\" sizes=\"(max-width: 768px) 100vw, 768px\" \/>\t\t\t\t\t\t\t\t\t\t\t\t\t\t\t<\/div>\n\t\t\t\t<\/div>\n\t\t\t\t\t<\/div>\n\t\t<\/div>\n\t\t\t\t<div class=\"elementor-column elementor-col-50 elementor-top-column elementor-element elementor-element-19d3d03\" data-id=\"19d3d03\" data-element_type=\"column\">\n\t\t\t<div class=\"elementor-widget-wrap elementor-element-populated\">\n\t\t\t\t\t\t<div class=\"elementor-element elementor-element-3e02e59 elementor-widget elementor-widget-text-editor\" data-id=\"3e02e59\" data-element_type=\"widget\" data-widget_type=\"text-editor.default\">\n\t\t\t\t<div class=\"elementor-widget-container\">\n\t\t\t\t\t\t\t\t\t<p style=\"text-align: left;\"><em>Je suis coach certifi\u00e9e Munz Floor\u00ae<\/em><br \/><br \/>MUNZ FLOOR a \u00e9t\u00e9 cr\u00e9\u00e9 par Alexandre Munz, ancien danseur \u00e9toile. Cette m\u00e9thode unique s&rsquo;adresse \u00e0 nos fascias par des mouvements spiral\u00e9s* qui, en massant votre syst\u00e8me fascial en profondeur d\u00e9clenchent une action auto-r\u00e9g\u00e9n\u00e9ratrice et anti-inflammatoire aussi efficace que surprenante. Cr\u00e9\u00e9 en 2003, suivant l&rsquo;intuition g\u00e9niale de son cr\u00e9ateur, les r\u00e9sultats pratiques \u00e9poustouflants de ces exercices ont d&rsquo;abord intrigu\u00e9 le monde scientifique pour maintenant faire l&rsquo;objet de recherches qui am\u00e8nent une compr\u00e9hension plus profonde du fonctionnement des fascias, pilier de notre corps et de notre posture.\u00a0<br \/>* les mouvements spiral\u00e9s ex\u00e9cut\u00e9s de fa\u00e7on tr\u00e8s lente sont la base du concept innovante et puissant de cette m\u00e9thode.<br \/>Les exercices s&rsquo;apparentent \u00e0 un m\u00e9ditation du corps en mouvement et renforce notre pr\u00e9sence \u00e0 notre corps.<\/p><p style=\"text-align: left;\">Le syst\u00e8me fascial, bien connu des ost\u00e9opathes depuis de d\u00e9cennies, a \u00e9t\u00e9 reconnu comme un organe \u00e0 part enti\u00e8re par le monde scientifique en 2018. <em>Tous nos organes et nos syst\u00e8mes y sont reli\u00e9s.<\/em> Mobiliser les fascias par la m\u00e9thode MUNZ FLOOR va mobiliser toutes les cellules de votre corps, leur redonner souplesse et \u00e9lasticit\u00e9 et permettre leur auto-r\u00e9g\u00e9n\u00e9ration par la production de nouvelles prot\u00e9ines (collag\u00e8ne, \u00e9lastine, prot\u00e9oglycanes dont l&rsquo;acide hyaluronique). Votre corps s&rsquo;en trouve &lsquo;rajeunit&rsquo;.<br \/>En <a href=\"https:\/\/www.youtube.com\/watch?v=_eQSrC5DO-o&amp;t=12s\">savoir plus<\/a> sur Alexandre Munz et le MUNZ FLOOR\u00ae<\/p>\t\t\t\t\t\t\t\t<\/div>\n\t\t\t\t<\/div>\n\t\t\t\t\t<\/div>\n\t\t<\/div>\n\t\t\t\t\t<\/div>\n\t\t<\/section>\n\t\t\t\t<section class=\"elementor-section elementor-top-section elementor-element elementor-element-c219adc elementor-section-boxed elementor-section-height-default elementor-section-height-default\" data-id=\"c219adc\" data-element_type=\"section\">\n\t\t\t\t\t\t<div class=\"elementor-container elementor-column-gap-default\">\n\t\t\t\t\t<div class=\"elementor-column elementor-col-50 elementor-top-column elementor-element elementor-element-5a7fbf4\" data-id=\"5a7fbf4\" data-element_type=\"column\">\n\t\t\t<div class=\"elementor-widget-wrap elementor-element-populated\">\n\t\t\t\t\t\t<div class=\"elementor-element elementor-element-b35cb98 elementor-widget elementor-widget-text-editor\" data-id=\"b35cb98\" data-element_type=\"widget\" data-widget_type=\"text-editor.default\">\n\t\t\t\t<div class=\"elementor-widget-container\">\n\t\t\t\t\t\t\t\t\t<p style=\"text-align: left;\">Le syst\u00e8me fascial, bien connu des ost\u00e9opathes depuis de d\u00e9cennies, a \u00e9t\u00e9 reconnu comme un organe \u00e0 part enti\u00e8re par le monde scientifique en 2018. <em>Tous nos organes et nos syst\u00e8mes y sont reli\u00e9s.<\/em> Mobiliser les fascias par la m\u00e9thode MUNZ FLOOR va mobiliser toutes les cellules de votre corps, leur redonner souplesse et \u00e9lasticit\u00e9 et permettre leur auto-r\u00e9g\u00e9n\u00e9ration par la production de nouvelles prot\u00e9ines (collag\u00e8ne, \u00e9lastine, prot\u00e9oglycanes dont l&rsquo;acide hyaluronique). Votre corps s&rsquo;en trouve &lsquo;rajeunit&rsquo;.<br \/>En <a href=\"https:\/\/www.youtube.com\/watch?v=_eQSrC5DO-o&amp;t=12s\">savoir plus<\/a> sur Alexandre Munz et le MUNZ FLOOR\u00ae<\/p>\t\t\t\t\t\t\t\t<\/div>\n\t\t\t\t<\/div>\n\t\t\t\t\t<\/div>\n\t\t<\/div>\n\t\t\t\t<div class=\"elementor-column elementor-col-50 elementor-top-column elementor-element elementor-element-3320035\" data-id=\"3320035\" data-element_type=\"column\">\n\t\t\t<div class=\"elementor-widget-wrap elementor-element-populated\">\n\t\t\t\t\t\t<div class=\"elementor-element elementor-element-4609b25 elementor-widget elementor-widget-text-editor\" data-id=\"4609b25\" data-element_type=\"widget\" data-widget_type=\"text-editor.default\">\n\t\t\t\t<div class=\"elementor-widget-container\">\n\t\t\t\t\t\t\t\t\t<p>COURS R\u00c9GULIERS<br \/>Reprise le 15 septembre:<em><br \/><\/em><\/p><p><em>En ligne <a href=\"https:\/\/www.billetweb.fr\/en-ligne-munz-floor-sept-dec-2025\"><span style=\"text-decoration: underline;\">r\u00e9servation<\/span><\/a><\/em><br \/>Les mardis \u00e0 9h30<br \/>Les jeudis \u00e0 18h30<\/p><p><em>En pr\u00e9sence Centre P\u00e9rou &#8211; Bruxelles <a href=\"https:\/\/www.billetweb.fr\/munz-floor-en-presence-sept-dec-2025\">r\u00e9servation<\/a><\/em><br \/>Les lundis \u00e0 19h30<br \/>Les mercredis \u00e0 11h30 <br \/><br \/><\/p>\t\t\t\t\t\t\t\t<\/div>\n\t\t\t\t<\/div>\n\t\t\t\t\t<\/div>\n\t\t<\/div>\n\t\t\t\t\t<\/div>\n\t\t<\/section>\n\t\t\t\t<section class=\"elementor-section elementor-top-section elementor-element elementor-element-ce5b37e elementor-section-boxed elementor-section-height-default elementor-section-height-default\" data-id=\"ce5b37e\" data-element_type=\"section\">\n\t\t\t\t\t\t<div class=\"elementor-container elementor-column-gap-default\">\n\t\t\t\t\t<div class=\"elementor-column elementor-col-50 elementor-top-column elementor-element elementor-element-2f25019\" data-id=\"2f25019\" data-element_type=\"column\">\n\t\t\t<div class=\"elementor-widget-wrap elementor-element-populated\">\n\t\t\t\t\t\t<div class=\"elementor-element elementor-element-8f71abb elementor-widget elementor-widget-text-editor\" data-id=\"8f71abb\" data-element_type=\"widget\" data-widget_type=\"text-editor.default\">\n\t\t\t\t<div class=\"elementor-widget-container\">\n\t\t\t\t\t\t\t\t\t<p>Contre-indication : Fracture et op\u00e9ration r\u00e9cente.\u00a0<br \/>Aucune contre-indications d&rsquo;\u00e2ge.<\/p><p><em>La m\u00e9thode MUNZ FLOOR ne se substitue \u00e0 aucun autre traitement m\u00e9dical ou para-m\u00e9dical. Demandez toujours l&rsquo;avis de votre m\u00e9decin<\/em><\/p><p>SEANCE INDIVIDUELLE <a href=\"http:\/\/anneflorencevandenperre@gmail.\" data-wplink-url-error=\"true\">sur demande<\/a><\/p>\t\t\t\t\t\t\t\t<\/div>\n\t\t\t\t<\/div>\n\t\t\t\t\t<\/div>\n\t\t<\/div>\n\t\t\t\t<div class=\"elementor-column elementor-col-50 elementor-top-column elementor-element elementor-element-7ac3ef3\" data-id=\"7ac3ef3\" data-element_type=\"column\">\n\t\t\t<div class=\"elementor-widget-wrap elementor-element-populated\">\n\t\t\t\t\t\t<div class=\"elementor-element elementor-element-62a9532 elementor-widget elementor-widget-text-editor\" data-id=\"62a9532\" data-element_type=\"widget\" data-widget_type=\"text-editor.default\">\n\t\t\t\t<div class=\"elementor-widget-container\">\n\t\t\t\t\t\t\t\t\t<p style=\"text-align: left;\">La m\u00e9thode MUNZ FLOOR s&rsquo;adresse aussi bien aux sportifs qu&rsquo;aux personnes plus s\u00e9dentaires.\u00a0<br \/>Par sa pratique r\u00e9guli\u00e8re, elle procure plus de souplesse et diminue les douleurs chroniques ainsi que l&rsquo;inflammation. Les capacit\u00e9s physiques en sont am\u00e9lior\u00e9es. <br \/>La relation au corps change : plus de pr\u00e9sence, plus d&rsquo;aisance et plus de joie circule de la t\u00eate aux pieds.\u00a0<\/p>\t\t\t\t\t\t\t\t<\/div>\n\t\t\t\t<\/div>\n\t\t\t\t\t<\/div>\n\t\t<\/div>\n\t\t\t\t\t<\/div>\n\t\t<\/section>\n\t\t\t\t<section class=\"elementor-section elementor-top-section elementor-element elementor-element-8946beb elementor-section-boxed elementor-section-height-default elementor-section-height-default\" data-id=\"8946beb\" data-element_type=\"section\">\n\t\t\t\t\t\t<div class=\"elementor-container elementor-column-gap-default\">\n\t\t\t\t\t<div class=\"elementor-column elementor-col-100 elementor-top-column elementor-element elementor-element-eb9bbc1\" data-id=\"eb9bbc1\" data-element_type=\"column\">\n\t\t\t<div class=\"elementor-widget-wrap elementor-element-populated\">\n\t\t\t\t\t\t<div class=\"elementor-element elementor-element-25a886b elementor-widget elementor-widget-video\" data-id=\"25a886b\" data-element_type=\"widget\" data-settings=\"{&quot;youtube_url&quot;:&quot;https:\\\/\\\/youtu.be\\\/E0-ujWA3f5w?si=Ymhiy8YYURRW9Fje&quot;,&quot;video_type&quot;:&quot;youtube&quot;,&quot;controls&quot;:&quot;yes&quot;}\" data-widget_type=\"video.default\">\n\t\t\t\t<div class=\"elementor-widget-container\">\n\t\t\t\t\t\t\t<div class=\"elementor-wrapper elementor-open-inline\">\n\t\t\t<div class=\"elementor-video\"><\/div>\t\t<\/div>\n\t\t\t\t\t\t<\/div>\n\t\t\t\t<\/div>\n\t\t\t\t\t<\/div>\n\t\t<\/div>\n\t\t\t\t\t<\/div>\n\t\t<\/section>\n\t\t\t\t<section class=\"elementor-section elementor-top-section elementor-element elementor-element-eaf08f6 elementor-section-boxed elementor-section-height-default elementor-section-height-default\" data-id=\"eaf08f6\" data-element_type=\"section\">\n\t\t\t\t\t\t<div class=\"elementor-container elementor-column-gap-default\">\n\t\t\t\t\t<div class=\"elementor-column elementor-col-100 elementor-top-column elementor-element elementor-element-03599bc\" data-id=\"03599bc\" data-element_type=\"column\">\n\t\t\t<div class=\"elementor-widget-wrap elementor-element-populated\">\n\t\t\t\t\t\t<div class=\"elementor-element elementor-element-429fc75 elementor-widget elementor-widget-text-editor\" data-id=\"429fc75\" data-element_type=\"widget\" data-widget_type=\"text-editor.default\">\n\t\t\t\t<div class=\"elementor-widget-container\">\n\t\t\t\t\t\t\t\t\t<p style=\"text-align: left;\">Mon propre t\u00e9moignage<br \/><em>Ma rencontre avec MUNZ FLOOR a \u00e9t\u00e9 un v\u00e9ritable coup de coeur de toutes mes cellules: j&rsquo;ai reconnect\u00e9 mon corps avec plus de conscience et de joie, des douleurs r\u00e9currentes ont tr\u00e8s vite disparu et j&rsquo;ai r\u00e9cup\u00e9rer une souplesse perdue depuis de nombreuses ann\u00e9es. J&rsquo;ai per\u00e7u une d\u00e9toxination et ma fa\u00e7on de m&rsquo;aliment\u00e9 \u00e0 chang\u00e9 pour plus de l\u00e9g\u00e8ret\u00e9 quotidienne.<br \/><\/em>Mon corps me demande chaque jour de pratiquer des exercices, il adore&#8230;<\/p><p style=\"text-align: left;\">A.V. : <em>J\u2019ai d\u00e9couvert la m\u00e9thode MUNZ FLOOR gr\u00e2ce \u00e0 Anne Florence et ce fut une r\u00e9v\u00e9lation. Je ne pensais pas qu\u2019un jour je pourrais me lib\u00e9rer ( ou en tout cas avec une telle perspective de lib\u00e9ration) de tant de blocages et de douleurs chroniques que j\u2019avais fini par accepter, par fatalisme. Je l\u2019ai essay\u00e9 par pure curiosit\u00e9 et s\u2019est r\u00e9sultats m\u2019ont pouss\u00e9e \u00e0 l\u2019int\u00e9grer dans mon quotidien en compl\u00e9ment. Mes exercices de kin\u00e9, que ce soit pour 20 minutes ou pour 1h. <\/em><br \/><em>Des les premi\u00e8res s\u00e9ances j\u2019ai senti une diff\u00e9rence . Moins de tensions, moins d\u2019antidouleurs, moins d\u2019anti-inflammatoires . Mon corps a commenc\u00e9 \u00e0 bouger autrement , mais toujours en profondeur, dans un \u00e9tat quasi m\u00e9ditatif. C\u2019est comme si je faisais du bien \u00e0 chaque fibre de mon corps, en conscience . Et je dois pr\u00e9venir: c\u2019est tr\u00e8s addictif ; une fois qu\u2019on y go\u00fbte, on ne veut plus s\u2019en passer .<\/em><\/p><p>G. D. : <em>A 59 ans, ayant des douleurs articulaires devenant de plus en plus importantes, j&rsquo;ai consult\u00e9 un rhumatologue qui a diagnostiqu\u00e9 un SED (SYNDROME D&rsquo;EHLERS DANLOS). <\/em><br \/><em>Active depuis toujours et pratiquant du sport 3 \u00e0 4 x par semaine, je me demandais ce qui pourrait me soulager sans me tourner syst\u00e9matiquement vers des antidouleurs. J&rsquo;ai d\u00e9couvert la m\u00e9thode MUNZ FLOOR sur les r\u00e9seaux sociaux et en m\u00eame temps, Anne Florence chez qui j&rsquo;\u00e9tais soign\u00e9e par fasciath\u00e9rapie, proposait des s\u00e9ances de la m\u00e9thode. Apr\u00e8s trois s\u00e9ances, j&rsquo;ai eu l&rsquo;agr\u00e9able surprise de ne plus ressentir aucune douleur dans la hanche qui me fait souffrir au quotidien. Certes, cela n&rsquo;a pas perdur\u00e9 au-del\u00e0 de 24h mais cela m&rsquo;encourage \u00e0 poursuivre l&rsquo;apprentissage de cette m\u00e9thode et prendre le temps pour mon corps et mon esprit qui, j&rsquo;en suis certaine, me le rendront bien.<\/em><\/p><p><em>S.R. :\u00a0\u00bb Pratiquer le Munz Floor permet \u00e0 mon corps de se poser, de sentir peu \u00e0 peu le calme int\u00e9rieur s\u2019installer tel un oc\u00e9an de paix dans lequel on peut se laisser porter \u00ab\u00a0<\/em><\/p>\t\t\t\t\t\t\t\t<\/div>\n\t\t\t\t<\/div>\n\t\t\t\t\t<\/div>\n\t\t<\/div>\n\t\t\t\t\t<\/div>\n\t\t<\/section>\n\t\t\t\t<\/div>\n\t\t","protected":false},"excerpt":{"rendered":"<p>lunz Floor : Spiraler dans une lenteur extr\u00eame pour lib\u00e9rer votre syst\u00e8me fascial et renforcer votre posture profonde Je suis coach certifi\u00e9e Munz Floor\u00ae MUNZ FLOOR a \u00e9t\u00e9 cr\u00e9\u00e9 par Alexandre Munz, ancien danseur \u00e9toile. Cette m\u00e9thode unique s&rsquo;adresse \u00e0 nos fascias par des mouvements spiral\u00e9s* qui, en massant votre syst\u00e8me fascial en profondeur d\u00e9clenchent [&hellip;]<\/p>\n","protected":false},"author":1,"featured_media":0,"parent":0,"menu_order":0,"comment_status":"closed","ping_status":"closed","template":"","meta":{"footnotes":""},"class_list":["post-9730","page","type-page","status-publish","hentry","entry"],"yoast_head":"<!-- This site is optimized with the Yoast SEO plugin v26.1.1 - https:\/\/yoast.com\/wordpress\/plugins\/seo\/ -->\n<title>MUNZ FLOOR\u00ae -<\/title>\n<meta name=\"robots\" content=\"index, follow, max-snippet:-1, max-image-preview:large, max-video-preview:-1\" \/>\n<link rel=\"canonical\" href=\"https:\/\/anneflorencevandenperre.com\/?page_id=9730\" \/>\n<meta property=\"og:locale\" content=\"fr_FR\" \/>\n<meta property=\"og:type\" content=\"article\" \/>\n<meta property=\"og:title\" content=\"MUNZ FLOOR\u00ae -\" \/>\n<meta property=\"og:description\" content=\"lunz Floor : Spiraler dans une lenteur extr\u00eame pour lib\u00e9rer votre syst\u00e8me fascial et renforcer votre posture profonde Je suis coach certifi\u00e9e Munz Floor\u00ae MUNZ FLOOR a \u00e9t\u00e9 cr\u00e9\u00e9 par Alexandre Munz, ancien danseur \u00e9toile. Cette m\u00e9thode unique s&rsquo;adresse \u00e0 nos fascias par des mouvements spiral\u00e9s* qui, en massant votre syst\u00e8me fascial en profondeur d\u00e9clenchent [&hellip;]\" \/>\n<meta property=\"og:url\" content=\"https:\/\/anneflorencevandenperre.com\/?page_id=9730\" \/>\n<meta property=\"article:publisher\" content=\"https:\/\/www.facebook.com\/anneflorence.vandenperre\" \/>\n<meta property=\"article:modified_time\" content=\"2025-09-24T17:58:05+00:00\" \/>\n<meta property=\"og:image\" content=\"https:\/\/anneflorencevandenperre.com\/wp-content\/uploads\/2025\/09\/IMG_9598-scaled.jpg\" \/>\n\t<meta property=\"og:image:width\" content=\"1920\" \/>\n\t<meta property=\"og:image:height\" content=\"2560\" \/>\n\t<meta property=\"og:image:type\" content=\"image\/jpeg\" \/>\n<meta name=\"twitter:card\" content=\"summary_large_image\" \/>\n<meta name=\"twitter:label1\" content=\"Dur\u00e9e de lecture estim\u00e9e\" \/>\n\t<meta name=\"twitter:data1\" content=\"5 minutes\" \/>\n<script type=\"application\/ld+json\" class=\"yoast-schema-graph\">{\"@context\":\"https:\/\/schema.org\",\"@graph\":[{\"@type\":\"WebPage\",\"@id\":\"https:\/\/anneflorencevandenperre.com\/?page_id=9730\",\"url\":\"https:\/\/anneflorencevandenperre.com\/?page_id=9730\",\"name\":\"MUNZ FLOOR\u00ae -\",\"isPartOf\":{\"@id\":\"https:\/\/anneflorencevandenperre.com\/#website\"},\"primaryImageOfPage\":{\"@id\":\"https:\/\/anneflorencevandenperre.com\/?page_id=9730#primaryimage\"},\"image\":{\"@id\":\"https:\/\/anneflorencevandenperre.com\/?page_id=9730#primaryimage\"},\"thumbnailUrl\":\"https:\/\/anneflorencevandenperre.com\/wp-content\/uploads\/2025\/09\/IMG_9598-768x1024.jpg\",\"datePublished\":\"2025-02-27T17:20:34+00:00\",\"dateModified\":\"2025-09-24T17:58:05+00:00\",\"breadcrumb\":{\"@id\":\"https:\/\/anneflorencevandenperre.com\/?page_id=9730#breadcrumb\"},\"inLanguage\":\"fr-FR\",\"potentialAction\":[{\"@type\":\"ReadAction\",\"target\":[\"https:\/\/anneflorencevandenperre.com\/?page_id=9730\"]}]},{\"@type\":\"ImageObject\",\"inLanguage\":\"fr-FR\",\"@id\":\"https:\/\/anneflorencevandenperre.com\/?page_id=9730#primaryimage\",\"url\":\"https:\/\/anneflorencevandenperre.com\/wp-content\/uploads\/2025\/09\/IMG_9598-scaled.jpg\",\"contentUrl\":\"https:\/\/anneflorencevandenperre.com\/wp-content\/uploads\/2025\/09\/IMG_9598-scaled.jpg\",\"width\":1920,\"height\":2560},{\"@type\":\"BreadcrumbList\",\"@id\":\"https:\/\/anneflorencevandenperre.com\/?page_id=9730#breadcrumb\",\"itemListElement\":[{\"@type\":\"ListItem\",\"position\":1,\"name\":\"Accueil\",\"item\":\"https:\/\/anneflorencevandenperre.com\/\"},{\"@type\":\"ListItem\",\"position\":2,\"name\":\"MUNZ FLOOR\u00ae\"}]},{\"@type\":\"WebSite\",\"@id\":\"https:\/\/anneflorencevandenperre.com\/#website\",\"url\":\"https:\/\/anneflorencevandenperre.com\/\",\"name\":\"\",\"description\":\"Accompagnatrice et Facilitatrice de Vie\",\"potentialAction\":[{\"@type\":\"SearchAction\",\"target\":{\"@type\":\"EntryPoint\",\"urlTemplate\":\"https:\/\/anneflorencevandenperre.com\/?s={search_term_string}\"},\"query-input\":{\"@type\":\"PropertyValueSpecification\",\"valueRequired\":true,\"valueName\":\"search_term_string\"}}],\"inLanguage\":\"fr-FR\"}]}<\/script>\n<!-- \/ Yoast SEO plugin. -->","yoast_head_json":{"title":"MUNZ FLOOR\u00ae -","robots":{"index":"index","follow":"follow","max-snippet":"max-snippet:-1","max-image-preview":"max-image-preview:large","max-video-preview":"max-video-preview:-1"},"canonical":"https:\/\/anneflorencevandenperre.com\/?page_id=9730","og_locale":"fr_FR","og_type":"article","og_title":"MUNZ FLOOR\u00ae -","og_description":"lunz Floor : Spiraler dans une lenteur extr\u00eame pour lib\u00e9rer votre syst\u00e8me fascial et renforcer votre posture profonde Je suis coach certifi\u00e9e Munz Floor\u00ae MUNZ FLOOR a \u00e9t\u00e9 cr\u00e9\u00e9 par Alexandre Munz, ancien danseur \u00e9toile. Cette m\u00e9thode unique s&rsquo;adresse \u00e0 nos fascias par des mouvements spiral\u00e9s* qui, en massant votre syst\u00e8me fascial en profondeur d\u00e9clenchent [&hellip;]","og_url":"https:\/\/anneflorencevandenperre.com\/?page_id=9730","article_publisher":"https:\/\/www.facebook.com\/anneflorence.vandenperre","article_modified_time":"2025-09-24T17:58:05+00:00","og_image":[{"width":1920,"height":2560,"url":"https:\/\/anneflorencevandenperre.com\/wp-content\/uploads\/2025\/09\/IMG_9598-scaled.jpg","type":"image\/jpeg"}],"twitter_card":"summary_large_image","twitter_misc":{"Dur\u00e9e de lecture estim\u00e9e":"5 minutes"},"schema":{"@context":"https:\/\/schema.org","@graph":[{"@type":"WebPage","@id":"https:\/\/anneflorencevandenperre.com\/?page_id=9730","url":"https:\/\/anneflorencevandenperre.com\/?page_id=9730","name":"MUNZ FLOOR\u00ae -","isPartOf":{"@id":"https:\/\/anneflorencevandenperre.com\/#website"},"primaryImageOfPage":{"@id":"https:\/\/anneflorencevandenperre.com\/?page_id=9730#primaryimage"},"image":{"@id":"https:\/\/anneflorencevandenperre.com\/?page_id=9730#primaryimage"},"thumbnailUrl":"https:\/\/anneflorencevandenperre.com\/wp-content\/uploads\/2025\/09\/IMG_9598-768x1024.jpg","datePublished":"2025-02-27T17:20:34+00:00","dateModified":"2025-09-24T17:58:05+00:00","breadcrumb":{"@id":"https:\/\/anneflorencevandenperre.com\/?page_id=9730#breadcrumb"},"inLanguage":"fr-FR","potentialAction":[{"@type":"ReadAction","target":["https:\/\/anneflorencevandenperre.com\/?page_id=9730"]}]},{"@type":"ImageObject","inLanguage":"fr-FR","@id":"https:\/\/anneflorencevandenperre.com\/?page_id=9730#primaryimage","url":"https:\/\/anneflorencevandenperre.com\/wp-content\/uploads\/2025\/09\/IMG_9598-scaled.jpg","contentUrl":"https:\/\/anneflorencevandenperre.com\/wp-content\/uploads\/2025\/09\/IMG_9598-scaled.jpg","width":1920,"height":2560},{"@type":"BreadcrumbList","@id":"https:\/\/anneflorencevandenperre.com\/?page_id=9730#breadcrumb","itemListElement":[{"@type":"ListItem","position":1,"name":"Accueil","item":"https:\/\/anneflorencevandenperre.com\/"},{"@type":"ListItem","position":2,"name":"MUNZ FLOOR\u00ae"}]},{"@type":"WebSite","@id":"https:\/\/anneflorencevandenperre.com\/#website","url":"https:\/\/anneflorencevandenperre.com\/","name":"","description":"Accompagnatrice et Facilitatrice de Vie","potentialAction":[{"@type":"SearchAction","target":{"@type":"EntryPoint","urlTemplate":"https:\/\/anneflorencevandenperre.com\/?s={search_term_string}"},"query-input":{"@type":"PropertyValueSpecification","valueRequired":true,"valueName":"search_term_string"}}],"inLanguage":"fr-FR"}]}},"_links":{"self":[{"href":"https:\/\/anneflorencevandenperre.com\/index.php?rest_route=\/wp\/v2\/pages\/9730","targetHints":{"allow":["GET"]}}],"collection":[{"href":"https:\/\/anneflorencevandenperre.com\/index.php?rest_route=\/wp\/v2\/pages"}],"about":[{"href":"https:\/\/anneflorencevandenperre.com\/index.php?rest_route=\/wp\/v2\/types\/page"}],"author":[{"embeddable":true,"href":"https:\/\/anneflorencevandenperre.com\/index.php?rest_route=\/wp\/v2\/users\/1"}],"replies":[{"embeddable":true,"href":"https:\/\/anneflorencevandenperre.com\/index.php?rest_route=%2Fwp%2Fv2%2Fcomments&post=9730"}],"version-history":[{"count":0,"href":"https:\/\/anneflorencevandenperre.com\/index.php?rest_route=\/wp\/v2\/pages\/9730\/revisions"}],"wp:attachment":[{"href":"https:\/\/anneflorencevandenperre.com\/index.php?rest_route=%2Fwp%2Fv2%2Fmedia&parent=9730"}],"curies":[{"name":"wp","href":"https:\/\/api.w.org\/{rel}","templated":true}]}}